{"id":47914,"date":"2016-01-22T16:15:02","date_gmt":"2016-01-22T15:15:02","guid":{"rendered":"http:\/\/planktonchronicles.org\/en\/?page_id=47914"},"modified":"2023-10-12T14:03:51","modified_gmt":"2023-10-12T12:03:51","slug":"the-project","status":"publish","type":"page","link":"https:\/\/planktonchronicles.org\/en\/the-project\/","title":{"rendered":"The Project"},"content":{"rendered":"<section class=\"wpb-content-wrapper\"><p>[vc_row unlock_row_content=&#8221;yes&#8221; row_height_percent=&#8221;0&#8243; override_padding=&#8221;yes&#8221; h_padding=&#8221;0&#8243; top_padding=&#8221;0&#8243; bottom_padding=&#8221;0&#8243; overlay_alpha=&#8221;50&#8243; gutter_size=&#8221;0&#8243; shift_y=&#8221;0&#8243;][vc_column width=&#8221;1\/1&#8243;][vc_separator sep_color=&#8221;color-188802&#8243;][\/vc_column][\/vc_row][vc_row unlock_row_content=&#8221;yes&#8221; row_height_percent=&#8221;0&#8243; override_padding=&#8221;yes&#8221; h_padding=&#8221;0&#8243; top_padding=&#8221;0&#8243; bottom_padding=&#8221;0&#8243; overlay_alpha=&#8221;50&#8243; gutter_size=&#8221;0&#8243; border_color=&#8221;color-188802&#8243; border_style=&#8221;solid&#8221; shift_y=&#8221;0&#8243;][vc_column column_width_percent=&#8221;100&#8243; position_vertical=&#8221;middle&#8221; gutter_size=&#8221;3&#8243; override_padding=&#8221;yes&#8221; column_padding=&#8221;0&#8243; overlay_alpha=&#8221;50&#8243; shift_x=&#8221;0&#8243; shift_y=&#8221;0&#8243; z_index=&#8221;0&#8243; medium_width=&#8221;0&#8243; width=&#8221;1\/2&#8243; css=&#8221;.vc_custom_1453241042490{padding-top: 10% !important;padding-right: 10% !important;padding-bottom: 10% !important;padding-left: 10% !important;}&#8221;][vc_custom_heading heading_semantic=&#8221;p&#8221; text_font=&#8221;font-762333&#8243; text_size=&#8221;fontsize-103075&#8243; text_weight=&#8221;100&#8243; text_height=&#8221;fontheight-179065&#8243;]The Plankton Chronicles Project is a series of short videos combining art and science. They reveal the beauty and diversity of organisms adrift in the currents.[\/vc_custom_heading][vc_custom_heading heading_semantic=&#8221;p&#8221; text_font=&#8221;font-762333&#8243; text_size=&#8221;h4&#8243; text_weight=&#8221;100&#8243;]The \u00ab Plankton Chronicles \u00bb project was started in the context of the <a href=\"https:\/\/oceans.taraexpeditions.org\/en\/\" target=\"_blank\" rel=\"noopener\"><strong>Tara Oceans Expedition<\/strong><\/a> and the Institut de la Mer de Villefranche-sur-Mer (<a href=\"https:\/\/www.imev-mer.fr\/web\/\" target=\"_blank\" rel=\"noopener\"><strong>IMEV<\/strong><\/a>). Christian Sardet, Research Director with the CNRS at Villefranche-sur-Mer conceived the first 4 episodes of the series with V\u00e9ronique Kleiner and Catherine Balladur from CNRS Images (Meudon). All other episodes were produced by Christian Sardet (IMEV &amp; CNRS C\u00f4te-d&#8217;Azur) with Noe Sardet and Sharif Mirshak, <a href=\"https:\/\/www.parafilms.com\/studio-2\/\" target=\"_blank\" rel=\"noopener\"><strong>Parafilms<\/strong><\/a>, Montreal. The project and site are sponsored by <a href=\"https:\/\/www.cnrs.fr\/en\" target=\"_blank\" rel=\"noopener\"><strong>CNRS<\/strong><\/a>, <a href=\"https:\/\/institut-ocean.sorbonne-universite.fr\/\" target=\"_blank\" rel=\"noopener\"><strong>Sorbonne Universit\u00e9<\/strong><\/a> and the Ville de Nice.<\/p>\n<p>&nbsp;<\/p>\n<p><strong>See interesting sites that use our images and\u00a0extend the experience\u00a0<\/strong><\/p>\n<ul>\n<li><strong><a href=\"http:\/\/planktonplanet.org\/\">Plankton\u00a0\u00a0Planet<\/a><\/strong><\/li>\n<li><strong><a href=\"https:\/\/www.youtube.com\/watch?v=23mrtGCkAH8\">Nature video: 5 Reasons to Thank plankton<\/a><\/strong><\/li>\n<\/ul>\n<p>[\/vc_custom_heading][vc_empty_space empty_h=&#8221;2&#8243;][\/vc_column][vc_column column_width_percent=&#8221;100&#8243; position_vertical=&#8221;middle&#8221; gutter_size=&#8221;3&#8243; override_padding=&#8221;yes&#8221; column_padding=&#8221;0&#8243; expand_height=&#8221;yes&#8221; overlay_alpha=&#8221;50&#8243; shift_x=&#8221;0&#8243; shift_y=&#8221;0&#8243; z_index=&#8221;0&#8243; medium_width=&#8221;0&#8243; width=&#8221;1\/2&#8243; css=&#8221;.vc_custom_1453241048352{padding-top: 10% !important;padding-right: 10% !important;padding-bottom: 10% !important;padding-left: 10% !important;}&#8221;][vc_single_image media=&#8221;47467&#8243; media_width_percent=&#8221;80&#8243; alignment=&#8221;center&#8221;][\/vc_column][\/vc_row][vc_row unlock_row_content=&#8221;yes&#8221; row_height_percent=&#8221;0&#8243; override_padding=&#8221;yes&#8221; h_padding=&#8221;0&#8243; top_padding=&#8221;0&#8243; bottom_padding=&#8221;0&#8243; overlay_alpha=&#8221;50&#8243; gutter_size=&#8221;0&#8243; shift_y=&#8221;0&#8243;][vc_column width=&#8221;1\/1&#8243;][vc_separator sep_color=&#8221;color-188802&#8243;][\/vc_column][\/vc_row][vc_row unlock_row_content=&#8221;yes&#8221; row_height_percent=&#8221;0&#8243; override_padding=&#8221;yes&#8221; h_padding=&#8221;0&#8243; top_padding=&#8221;0&#8243; bottom_padding=&#8221;0&#8243; overlay_alpha=&#8221;50&#8243; gutter_size=&#8221;0&#8243; shift_y=&#8221;0&#8243;][vc_column width=&#8221;1\/1&#8243;][vc_gallery el_id=&#8221;gallery-102210&#8243; isotope_mode=&#8221;fitRows&#8221; medias=&#8221;46651,46657,46663,46666,46669,46672&#8243; gutter_size=&#8221;0&#8243; media_items=&#8221;media|lightbox|original&#8221; screen_lg=&#8221;1000&#8243; screen_md=&#8221;600&#8243; screen_sm=&#8221;480&#8243; single_width=&#8221;2&#8243; single_overlay_opacity=&#8221;50&#8243; single_padding=&#8221;2&#8243; single_border=&#8221;yes&#8221;][\/vc_column][\/vc_row][vc_row unlock_row_content=&#8221;yes&#8221; row_height_percent=&#8221;0&#8243; override_padding=&#8221;yes&#8221; h_padding=&#8221;0&#8243; top_padding=&#8221;0&#8243; bottom_padding=&#8221;0&#8243; overlay_alpha=&#8221;50&#8243; gutter_size=&#8221;0&#8243; shift_y=&#8221;0&#8243;][vc_column width=&#8221;1\/1&#8243;][vc_separator sep_color=&#8221;color-188802&#8243;][\/vc_column][\/vc_row][vc_row unlock_row_content=&#8221;yes&#8221; row_height_percent=&#8221;0&#8243; override_padding=&#8221;yes&#8221; h_padding=&#8221;0&#8243; top_padding=&#8221;0&#8243; bottom_padding=&#8221;0&#8243; overlay_alpha=&#8221;50&#8243; gutter_size=&#8221;0&#8243; shift_y=&#8221;0&#8243;][vc_column column_width_percent=&#8221;100&#8243; position_vertical=&#8221;middle&#8221; gutter_size=&#8221;3&#8243; override_padding=&#8221;yes&#8221; column_padding=&#8221;0&#8243; overlay_alpha=&#8221;50&#8243; shift_x=&#8221;0&#8243; shift_y=&#8221;0&#8243; z_index=&#8221;0&#8243; medium_width=&#8221;0&#8243; width=&#8221;1\/2&#8243; css=&#8221;.vc_custom_1453240957890{padding-top: 10% !important;padding-right: 10% !important;padding-bottom: 10% !important;padding-left: 10% !important;}&#8221;][vc_single_image media=&#8221;46678&#8243; media_width_percent=&#8221;100&#8243;][vc_column_text]<\/p>\n<p style=\"text-align: right;\">Making of\u00a0Plankton Chronicles<\/p>\n<p>[\/vc_column_text][\/vc_column][vc_column column_width_percent=&#8221;100&#8243; gutter_size=&#8221;3&#8243; override_padding=&#8221;yes&#8221; column_padding=&#8221;0&#8243; expand_height=&#8221;yes&#8221; overlay_alpha=&#8221;50&#8243; border_color=&#8221;color-188802&#8243; border_style=&#8221;solid&#8221; shift_x=&#8221;0&#8243; shift_y=&#8221;0&#8243; z_index=&#8221;0&#8243; medium_width=&#8221;0&#8243; width=&#8221;1\/2&#8243; css=&#8221;.vc_custom_1453240576917{border-left-width: 1px !important;}&#8221;][vc_row_inner row_inner_height_percent=&#8221;0&#8243; overlay_alpha=&#8221;50&#8243; gutter_size=&#8221;2&#8243; shift_y=&#8221;0&#8243; css=&#8221;.vc_custom_1453240706287{padding-top: 10% !important;padding-right: 10% !important;padding-bottom: 10% !important;padding-left: 10% !important;}&#8221;][vc_column_inner column_width_percent=&#8221;100&#8243; position_vertical=&#8221;middle&#8221; gutter_size=&#8221;3&#8243; override_padding=&#8221;yes&#8221; column_padding=&#8221;0&#8243; overlay_alpha=&#8221;50&#8243; shift_x=&#8221;0&#8243; shift_y=&#8221;0&#8243; z_index=&#8221;0&#8243; medium_width=&#8221;0&#8243; width=&#8221;2\/3&#8243; el_class=&#8221;small&#8221;][vc_single_image media=&#8221;46184&#8243; media_width_use_pixel=&#8221;yes&#8221; media_width_pixel=&#8221;120&#8243;][vc_column_text el_class=&#8221;small&#8221;]<strong>Christian Sardet<\/strong><br \/>\nUMR 7009 BioDev<br \/>\nCNRS \/ Sorbonne Universit\u00e9<br \/>\n06230 IMEV, Villefranche-sur-Mer BP 28, France[\/vc_column_text][\/vc_column_inner][vc_column_inner column_width_percent=&#8221;100&#8243; position_vertical=&#8221;middle&#8221; gutter_size=&#8221;3&#8243; overlay_alpha=&#8221;50&#8243; shift_x=&#8221;0&#8243; shift_y=&#8221;0&#8243; z_index=&#8221;0&#8243; medium_width=&#8221;0&#8243; width=&#8221;1\/3&#8243;][vc_single_image media=&#8221;49366&#8243; media_width_use_pixel=&#8221;yes&#8221; media_width_pixel=&#8221;120&#8243;][vc_column_text el_class=&#8221;small&#8221;]<strong>Parafilms<\/strong><br \/>\n#333 &#8211; 5425 rue de Bordeaux<br \/>\nMontr\u00e9al QC H2H2P9, Canada<br \/>\n<a href=\"http:\/\/www.parafilms.com\/\" target=\"_blank\" rel=\"noopener\">http:\/\/parafilms.com<\/a>[\/vc_column_text][\/vc_column_inner][\/vc_row_inner][vc_row_inner row_inner_height_percent=&#8221;0&#8243; overlay_alpha=&#8221;50&#8243; gutter_size=&#8221;2&#8243; border_color=&#8221;color-188802&#8243; border_style=&#8221;solid&#8221; shift_y=&#8221;0&#8243; css=&#8221;.vc_custom_1453240720144{border-top-width: 1px !important;padding-top: 10% !important;padding-right: 10% !important;padding-bottom: 10% !important;padding-left: 10% !important;}&#8221;][vc_column_inner column_width_percent=&#8221;100&#8243; position_horizontal=&#8221;left&#8221; gutter_size=&#8221;3&#8243; overlay_alpha=&#8221;50&#8243; shift_x=&#8221;0&#8243; shift_y=&#8221;0&#8243; z_index=&#8221;0&#8243; medium_width=&#8221;0&#8243; width=&#8221;1\/3&#8243;][vc_single_image media=&#8221;47533&#8243; media_width_use_pixel=&#8221;yes&#8221; media_width_pixel=&#8221;150&#8243;][\/vc_column_inner][vc_column_inner width=&#8221;2\/3&#8243;][vc_column_text el_class=&#8221;small&#8221;]Website credits:\u00a0<a href=\"http:\/\/www.tonton.ca\" target=\"_blank\" rel=\"noopener\">TONTON<\/a><br \/>\nConcept\u00a0and idea: Julien Bigeault and Riwal Plaine<br \/>\nDesign and graphics: Riwal Plaine<br \/>\nDevelopement:\u00a0Julien Bigeault<br \/>\nProject management: St\u00e9phanie Dos Santos[\/vc_column_text][\/vc_column_inner][\/vc_row_inner][\/vc_column][\/vc_row][vc_row unlock_row_content=&#8221;yes&#8221; row_height_percent=&#8221;0&#8243; override_padding=&#8221;yes&#8221; h_padding=&#8221;0&#8243; top_padding=&#8221;0&#8243; bottom_padding=&#8221;0&#8243; overlay_alpha=&#8221;50&#8243; gutter_size=&#8221;0&#8243; border_color=&#8221;color-188802&#8243; border_style=&#8221;solid&#8221; shift_y=&#8221;0&#8243; css=&#8221;.vc_custom_1453132715934{border-top-width: 1px !important;}&#8221;][vc_column column_width_percent=&#8221;100&#8243; gutter_size=&#8221;3&#8243; override_padding=&#8221;yes&#8221; column_padding=&#8221;0&#8243; overlay_alpha=&#8221;50&#8243; shift_x=&#8221;0&#8243; shift_y=&#8221;0&#8243; z_index=&#8221;0&#8243; medium_width=&#8221;0&#8243; width=&#8221;1\/2&#8243; css=&#8221;.vc_custom_1452891104883{padding: 10% !important;}&#8221;][vc_column_text el_class=&#8221;small&#8221;]The project and site are sponsored by the Centre National de la Recherche Scientifique (CNRS Instituts INSB et INEE), by IMEV and Sorbonne Universit\u00e9, the city of Nice (France), and the Scientific Interest Group GIS IBISA.<\/p>\n<p>Many thanks to Claude Carr\u00e9, the personnel of the Marine Station of Villefranche sur Mer, the participants and coordinators of the Tara Oceans expedition and those who helped make this series, and in particular Sacha Bollet, Bernard Dubreuil, Gregory Gallagher, Christian Johnson, Romain Strugalla, Ted Rosengarten, Camila Ossandon and Dana Sardet.[\/vc_column_text][\/vc_column][vc_column column_width_percent=&#8221;100&#8243; position_vertical=&#8221;middle&#8221; gutter_size=&#8221;3&#8243; override_padding=&#8221;yes&#8221; column_padding=&#8221;0&#8243; expand_height=&#8221;yes&#8221; overlay_alpha=&#8221;50&#8243; border_color=&#8221;color-188802&#8243; border_style=&#8221;solid&#8221; shift_x=&#8221;0&#8243; shift_y=&#8221;0&#8243; z_index=&#8221;0&#8243; medium_width=&#8221;0&#8243; width=&#8221;1\/2&#8243; css=&#8221;.vc_custom_1452891356182{border-right-width: 1px !important;border-left-width: 1px !important;padding-top: 10% !important;padding-right: 10% !important;padding-bottom: 10% !important;padding-left: 10% !important;}&#8221;][vc_row_inner][vc_column_inner width=&#8221;1\/2&#8243;][vc_column_text el_class=&#8221;small&#8221;]Plankton chronicle videos are licenced under<\/p>\n<p><b>Creative Commons :<\/b><br \/>\nAttribution Non-Commercial<br \/>\n<b>No Derivative<\/b><\/p>\n<p><img decoding=\"async\" class=\"alignleft size-medium wp-image-47366\" src=\"https:\/\/planktonchronicles.org\/wp-content\/uploads\/2015\/12\/byncnd.svg\" alt=\"byncnd\" width=\"140px\" height=\"50px\" \/>[\/vc_column_text][\/vc_column_inner][vc_column_inner width=&#8221;1\/2&#8243;][vc_column_text]<img decoding=\"async\" class=\"alignleft size-medium wp-image-47320\" src=\"https:\/\/planktonchronicles.org\/wp-content\/uploads\/2015\/12\/macaron_tara-1.png\" alt=\"Tara Oceans\" width=\"120px\" height=\"120px\" \/><img decoding=\"async\" class=\"alignleft size-thumbnail wp-image-46179\" src=\"https:\/\/planktonchronicles.org\/wp-content\/uploads\/2016\/01\/logo_cnrs-1-150x150.png\" alt=\"logo_cnrs\" width=\"120\" height=\"120\" srcset=\"https:\/\/planktonchronicles.org\/wp-content\/uploads\/2016\/01\/logo_cnrs-1-150x150.png 150w, https:\/\/planktonchronicles.org\/wp-content\/uploads\/2016\/01\/logo_cnrs-1.png 270w\" sizes=\"(max-width: 120px) 100vw, 120px\" \/>[\/vc_column_text][\/vc_column_inner][\/vc_row_inner][\/vc_column][\/vc_row]<\/p>\n<\/section>","protected":false},"excerpt":{"rendered":"<p>[vc_row unlock_row_content=&#8221;yes&#8221; row_height_percent=&#8221;0&#8243; override_padding=&#8221;yes&#8221; h_padding=&#8221;0&#8243; top_padding=&#8221;0&#8243; bottom_padding=&#8221;0&#8243; overlay_alpha=&#8221;50&#8243; gutter_size=&#8221;0&#8243; shift_y=&#8221;0&#8243;][vc_column width=&#8221;1\/1&#8243;][vc_separator sep_color=&#8221;color-188802&#8243;][\/vc_column][\/vc_row][vc_row unlock_row_content=&#8221;yes&#8221; row_height_percent=&#8221;0&#8243; override_padding=&#8221;yes&#8221; h_padding=&#8221;0&#8243; top_padding=&#8221;0&#8243; bottom_padding=&#8221;0&#8243; overlay_alpha=&#8221;50&#8243; gutter_size=&#8221;0&#8243; [&hellip;]<\/p>\n","protected":false},"author":2,"featured_media":0,"parent":0,"menu_order":4,"comment_status":"closed","ping_status":"closed","template":"","meta":{"footnotes":""},"acf":[],"yoast_head":"<!-- This site is optimized with the Yoast SEO plugin v21.5 - https:\/\/yoast.com\/wordpress\/plugins\/seo\/ -->\n<title>The Project | Chroniques du Plancton<\/title>\n<meta name=\"robots\" content=\"index, follow, max-snippet:-1, max-image-preview:large, max-video-preview:-1\" \/>\n<link rel=\"canonical\" href=\"https:\/\/planktonchronicles.org\/en\/the-project\/\" \/>\n<meta property=\"og:locale\" content=\"en_US\" \/>\n<meta property=\"og:type\" content=\"article\" \/>\n<meta property=\"og:title\" content=\"Plankton Chronicles project\" \/>\n<meta property=\"og:description\" content=\"The \u00ab Plankton Chronicles \u00bb project is being created in the context of the Tara Oceans Expedition and the Observatoire Oceanologique de Villefranche-sur-Mer (OOV).\" \/>\n<meta property=\"og:url\" content=\"https:\/\/planktonchronicles.org\/en\/the-project\/\" \/>\n<meta property=\"og:site_name\" content=\"Chroniques du Plancton\" \/>\n<meta property=\"article:publisher\" content=\"https:\/\/www.facebook.com\/theplanktonchronicles\/?fref=ts\" \/>\n<meta property=\"article:modified_time\" content=\"2023-10-12T12:03:51+00:00\" \/>\n<meta name=\"twitter:card\" content=\"summary_large_image\" \/>\n<meta name=\"twitter:title\" content=\"Plankton Chronicles project\" \/>\n<meta name=\"twitter:description\" content=\"The \u00ab Plankton Chronicles \u00bb project is being created in the context of the Tara Oceans Expedition and the Observatoire Oceanologique de Villefranche-sur-Mer (OOV).\" \/>\n<meta name=\"twitter:image\" content=\"https:\/\/planktonchronicles.org\/wp-content\/uploads\/2015\/12\/plancton_composition-16x9.jpg\" \/>\n<meta name=\"twitter:site\" content=\"@christiansardet\" \/>\n<meta name=\"twitter:label1\" content=\"Est. reading time\" \/>\n\t<meta name=\"twitter:data1\" content=\"6 minutes\" \/>\n<script type=\"application\/ld+json\" class=\"yoast-schema-graph\">{\"@context\":\"https:\/\/schema.org\",\"@graph\":[{\"@type\":\"WebPage\",\"@id\":\"https:\/\/planktonchronicles.org\/en\/the-project\/\",\"url\":\"https:\/\/planktonchronicles.org\/en\/the-project\/\",\"name\":\"The Project | Chroniques du Plancton\",\"isPartOf\":{\"@id\":\"https:\/\/planktonchronicles.org\/en\/#website\"},\"datePublished\":\"2016-01-22T15:15:02+00:00\",\"dateModified\":\"2023-10-12T12:03:51+00:00\",\"breadcrumb\":{\"@id\":\"https:\/\/planktonchronicles.org\/en\/the-project\/#breadcrumb\"},\"inLanguage\":\"en-US\",\"potentialAction\":[{\"@type\":\"ReadAction\",\"target\":[\"https:\/\/planktonchronicles.org\/en\/the-project\/\"]}]},{\"@type\":\"BreadcrumbList\",\"@id\":\"https:\/\/planktonchronicles.org\/en\/the-project\/#breadcrumb\",\"itemListElement\":[{\"@type\":\"ListItem\",\"position\":1,\"name\":\"Accueil\",\"item\":\"https:\/\/planktonchronicles.org\/en\/\"},{\"@type\":\"ListItem\",\"position\":2,\"name\":\"The Project\"}]},{\"@type\":\"WebSite\",\"@id\":\"https:\/\/planktonchronicles.org\/en\/#website\",\"url\":\"https:\/\/planktonchronicles.org\/en\/\",\"name\":\"Chroniques du Plancton\",\"description\":\"Cette s\u00e9rie de vid\u00e9os et de photos r\u00e9v\u00e8lent la beaut\u00e9 et la diversit\u00e9 des animaux marins qui d\u00e9rivent avec les courants.\",\"publisher\":{\"@id\":\"https:\/\/planktonchronicles.org\/en\/#organization\"},\"potentialAction\":[{\"@type\":\"SearchAction\",\"target\":{\"@type\":\"EntryPoint\",\"urlTemplate\":\"https:\/\/planktonchronicles.org\/en\/?s={search_term_string}\"},\"query-input\":\"required name=search_term_string\"}],\"inLanguage\":\"en-US\"},{\"@type\":\"Organization\",\"@id\":\"https:\/\/planktonchronicles.org\/en\/#organization\",\"name\":\"Plankton Chronicles\",\"url\":\"https:\/\/planktonchronicles.org\/en\/\",\"logo\":{\"@type\":\"ImageObject\",\"inLanguage\":\"en-US\",\"@id\":\"https:\/\/planktonchronicles.org\/en\/#\/schema\/logo\/image\/\",\"url\":\"http:\/\/planktonchronicles.org\/wp-content\/uploads\/2016\/01\/3__Larve_de_crustace_C_Sardet_1.png\",\"contentUrl\":\"http:\/\/planktonchronicles.org\/wp-content\/uploads\/2016\/01\/3__Larve_de_crustace_C_Sardet_1.png\",\"width\":800,\"height\":586,\"caption\":\"Plankton Chronicles\"},\"image\":{\"@id\":\"https:\/\/planktonchronicles.org\/en\/#\/schema\/logo\/image\/\"},\"sameAs\":[\"https:\/\/www.facebook.com\/theplanktonchronicles\/?fref=ts\",\"https:\/\/twitter.com\/christiansardet\",\"https:\/\/www.instagram.com\/christiansardet\/\"]}]}<\/script>\n<!-- \/ Yoast SEO plugin. -->","yoast_head_json":{"title":"The Project | Chroniques du Plancton","robots":{"index":"index","follow":"follow","max-snippet":"max-snippet:-1","max-image-preview":"max-image-preview:large","max-video-preview":"max-video-preview:-1"},"canonical":"https:\/\/planktonchronicles.org\/en\/the-project\/","og_locale":"en_US","og_type":"article","og_title":"Plankton Chronicles project","og_description":"The \u00ab Plankton Chronicles \u00bb project is being created in the context of the Tara Oceans Expedition and the Observatoire Oceanologique de Villefranche-sur-Mer (OOV).","og_url":"https:\/\/planktonchronicles.org\/en\/the-project\/","og_site_name":"Chroniques du Plancton","article_publisher":"https:\/\/www.facebook.com\/theplanktonchronicles\/?fref=ts","article_modified_time":"2023-10-12T12:03:51+00:00","twitter_card":"summary_large_image","twitter_title":"Plankton Chronicles project","twitter_description":"The \u00ab Plankton Chronicles \u00bb project is being created in the context of the Tara Oceans Expedition and the Observatoire Oceanologique de Villefranche-sur-Mer (OOV).","twitter_image":"https:\/\/planktonchronicles.org\/wp-content\/uploads\/2015\/12\/plancton_composition-16x9.jpg","twitter_site":"@christiansardet","twitter_misc":{"Est. reading time":"6 minutes"},"schema":{"@context":"https:\/\/schema.org","@graph":[{"@type":"WebPage","@id":"https:\/\/planktonchronicles.org\/en\/the-project\/","url":"https:\/\/planktonchronicles.org\/en\/the-project\/","name":"The Project | Chroniques du Plancton","isPartOf":{"@id":"https:\/\/planktonchronicles.org\/en\/#website"},"datePublished":"2016-01-22T15:15:02+00:00","dateModified":"2023-10-12T12:03:51+00:00","breadcrumb":{"@id":"https:\/\/planktonchronicles.org\/en\/the-project\/#breadcrumb"},"inLanguage":"en-US","potentialAction":[{"@type":"ReadAction","target":["https:\/\/planktonchronicles.org\/en\/the-project\/"]}]},{"@type":"BreadcrumbList","@id":"https:\/\/planktonchronicles.org\/en\/the-project\/#breadcrumb","itemListElement":[{"@type":"ListItem","position":1,"name":"Accueil","item":"https:\/\/planktonchronicles.org\/en\/"},{"@type":"ListItem","position":2,"name":"The Project"}]},{"@type":"WebSite","@id":"https:\/\/planktonchronicles.org\/en\/#website","url":"https:\/\/planktonchronicles.org\/en\/","name":"Chroniques du Plancton","description":"Cette s\u00e9rie de vid\u00e9os et de photos r\u00e9v\u00e8lent la beaut\u00e9 et la diversit\u00e9 des animaux marins qui d\u00e9rivent avec les courants.","publisher":{"@id":"https:\/\/planktonchronicles.org\/en\/#organization"},"potentialAction":[{"@type":"SearchAction","target":{"@type":"EntryPoint","urlTemplate":"https:\/\/planktonchronicles.org\/en\/?s={search_term_string}"},"query-input":"required name=search_term_string"}],"inLanguage":"en-US"},{"@type":"Organization","@id":"https:\/\/planktonchronicles.org\/en\/#organization","name":"Plankton Chronicles","url":"https:\/\/planktonchronicles.org\/en\/","logo":{"@type":"ImageObject","inLanguage":"en-US","@id":"https:\/\/planktonchronicles.org\/en\/#\/schema\/logo\/image\/","url":"http:\/\/planktonchronicles.org\/wp-content\/uploads\/2016\/01\/3__Larve_de_crustace_C_Sardet_1.png","contentUrl":"http:\/\/planktonchronicles.org\/wp-content\/uploads\/2016\/01\/3__Larve_de_crustace_C_Sardet_1.png","width":800,"height":586,"caption":"Plankton Chronicles"},"image":{"@id":"https:\/\/planktonchronicles.org\/en\/#\/schema\/logo\/image\/"},"sameAs":["https:\/\/www.facebook.com\/theplanktonchronicles\/?fref=ts","https:\/\/twitter.com\/christiansardet","https:\/\/www.instagram.com\/christiansardet\/"]}]}},"_links":{"self":[{"href":"https:\/\/planktonchronicles.org\/en\/wp-json\/wp\/v2\/pages\/47914"}],"collection":[{"href":"https:\/\/planktonchronicles.org\/en\/wp-json\/wp\/v2\/pages"}],"about":[{"href":"https:\/\/planktonchronicles.org\/en\/wp-json\/wp\/v2\/types\/page"}],"author":[{"embeddable":true,"href":"https:\/\/planktonchronicles.org\/en\/wp-json\/wp\/v2\/users\/2"}],"replies":[{"embeddable":true,"href":"https:\/\/planktonchronicles.org\/en\/wp-json\/wp\/v2\/comments?post=47914"}],"version-history":[{"count":20,"href":"https:\/\/planktonchronicles.org\/en\/wp-json\/wp\/v2\/pages\/47914\/revisions"}],"predecessor-version":[{"id":49684,"href":"https:\/\/planktonchronicles.org\/en\/wp-json\/wp\/v2\/pages\/47914\/revisions\/49684"}],"wp:attachment":[{"href":"https:\/\/planktonchronicles.org\/en\/wp-json\/wp\/v2\/media?parent=47914"}],"curies":[{"name":"wp","href":"https:\/\/api.w.org\/{rel}","templated":true}]}}