{"id":49421,"date":"2021-07-12T12:42:22","date_gmt":"2021-07-12T10:42:22","guid":{"rendered":"https:\/\/planktonchronicles.org\/?page_id=49421"},"modified":"2021-07-12T12:42:35","modified_gmt":"2021-07-12T10:42:35","slug":"sitemap","status":"publish","type":"page","link":"https:\/\/planktonchronicles.org\/en\/sitemap\/","title":{"rendered":"Sitemap"},"content":{"rendered":"<section class=\"wpb-content-wrapper\"><p>[vc_row][vc_column width=&#8221;1\/1&#8243;][vc_column_text]<div class=\"wsp-container\"><h2 class=\"wsp-pages-title\">Pages<\/h2>\n<ul class=\"wsp-pages-list\">\n<li class=\"page_item page-item-47973\"><a href=\"https:\/\/planktonchronicles.org\/en\/\">Home<\/a><\/li>\n<li class=\"page_item page-item-46003\"><a href=\"https:\/\/planktonchronicles.org\/en\/episodes\/\">All Episodes<\/a><\/li>\n<li class=\"page_item page-item-47933\"><a href=\"https:\/\/planktonchronicles.org\/en\/news\/\">News<\/a><\/li>\n<li class=\"page_item page-item-47914\"><a href=\"https:\/\/planktonchronicles.org\/en\/the-project\/\">The Project<\/a><\/li>\n<li class=\"page_item page-item-47937\"><a href=\"https:\/\/planktonchronicles.org\/en\/the-book\/\">The book<\/a><\/li>\n<li class=\"page_item page-item-47954\"><a href=\"https:\/\/planktonchronicles.org\/en\/contact\/\">Contact us<\/a><\/li>\n<\/ul>\n<\/div>[\/vc_column_text][vc_column_text]<div class=\"wsp-container\"><h2 class=\"wsp-posts-title\">Posts by category<\/h2>\n<ul class=\"wsp-posts-list\">\n\t<li><strong class=\"wsp-category-title\">Category: <a href=\"https:\/\/planktonchronicles.org\/en\/category\/a-la-une-en\/\">Headlines<\/a><\/strong>\n<ul class=\"wsp-posts-list\">\t\t<li class=\"wsp-post\"><a href=\"https:\/\/planktonchronicles.org\/en\/exhibition-in-the-atrium-at-sorbonne-abu-dhabi\/\">Exhibition in the Atrium at Sorbonne Abu Dhabi<\/a><\/li>\n\t\t<li class=\"wsp-post\"><a href=\"https:\/\/planktonchronicles.org\/en\/exhibition-becoming-ocean-at-villa-arson-nice\/\">Exhibition Becoming Ocean at Villa Arson, Nice<\/a><\/li>\n\t\t<li class=\"wsp-post\"><a href=\"https:\/\/planktonchronicles.org\/en\/the-plankton-mandala-at-the-musee-en-herbe-paris\/\">The Plankton Mandala at the Mus\u00e9e en Herbe, Paris<\/a><\/li>\n\t\t<li class=\"wsp-post\"><a href=\"https:\/\/planktonchronicles.org\/en\/cells-the-illustrated-story-of-life-est-sous-presse\/\">NEW BOOK<\/a><\/li>\n\t\t<li class=\"wsp-post\"><a href=\"https:\/\/planktonchronicles.org\/en\/workshop-with-young-people-at-the-cartier-foundation-in-paris\/\">YOUTH WORKSHOP AT FONDATION CARTIER, PARIS<\/a><\/li>\n<\/ul><\/li>\n\t<li><strong class=\"wsp-category-title\">Category: <a href=\"https:\/\/planktonchronicles.org\/en\/category\/news\/\">News<\/a><\/strong>\n<ul class=\"wsp-posts-list\">\t\t<li class=\"wsp-post\"><a href=\"https:\/\/planktonchronicles.org\/en\/plankton-exhibition-at-the-halles-of-noirmoutier\/\">Plankton Exhibition at the Halles of Noirmoutier<\/a><\/li>\n\t\t<li class=\"wsp-post\"><a href=\"https:\/\/planktonchronicles.org\/en\/the-second-plankton-festival-in-saint-gilles-2\/\">The Second Plankton Festival in Saint-Gilles<\/a><\/li>\n\t\t<li class=\"wsp-post\"><a href=\"https:\/\/planktonchronicles.org\/en\/plastivores-a-cartoon-on-ted-ed\/\">&#8220;Plastivores&#8221; a cartoon on TED-Ed<\/a><\/li>\n\t\t<li class=\"wsp-post\"><a href=\"https:\/\/planktonchronicles.org\/en\/exhibit-la-grande-expedition-centquatre-paris\/\">Exhibit \u201cLa Grande Exp\u00e9dition\u201d CentQuatre, Paris<\/a><\/li>\n\t\t<li class=\"wsp-post\"><a href=\"https:\/\/planktonchronicles.org\/en\/photoclimate-biennial-paris-from-september-18-to-october-17-2021\/\">Photoclimate  Biennial, Paris, from September 18 to October 17 2021<\/a><\/li>\n\t\t<li class=\"wsp-post\"><a href=\"https:\/\/planktonchronicles.org\/en\/plankton-a-secret-world-lyon-grand-hotel-dieu\/\">Plankton, a secret world, Lyon, Grand H\u00f4tel Dieu<\/a><\/li>\n\t\t<li class=\"wsp-post\"><a href=\"https:\/\/planktonchronicles.org\/en\/exposition-chroniques-du-plancton-station-marine-de-villefranche-sur-mer-imev\/\">Plankton Chronicles exhibition, Marine Station of Villefranche sur Mer (IMEV)<\/a><\/li>\n\t\t<li class=\"wsp-post\"><a href=\"https:\/\/planktonchronicles.org\/en\/live-magazine-shows-in-2019\/\">Live Magazine Shows in 2019<\/a><\/li>\n\t\t<li class=\"wsp-post\"><a href=\"https:\/\/planktonchronicles.org\/en\/plankton-microscopy-workshop-july-2019-monterey-bay-aquarium-california\/\">Plankton Microscopy Workshop, July 2019, Monterey Bay Aquarium (California)<\/a><\/li>\n\t\t<li class=\"wsp-post\"><a href=\"https:\/\/planktonchronicles.org\/en\/plankton-exhibits-in-paris\/\">PLANKTON EXHIBITS IN PARIS<\/a><\/li>\n\t\t<li class=\"wsp-post\"><a href=\"https:\/\/planktonchronicles.org\/en\/plankton-art-exhibit-at-the-boise-library\/\">PLANKTON ART EXHIBIT AT THE BOIS\u00c9 LIBRARY<\/a><\/li>\n\t\t<li class=\"wsp-post\"><a href=\"https:\/\/planktonchronicles.org\/en\/a-new-home-for-plankton-chronicles-at-eden-project\/\">A NEW HOME FOR PLANKTON CHRONICLES AT EDEN PROJECT<\/a><\/li>\n\t\t<li class=\"wsp-post\"><a href=\"https:\/\/planktonchronicles.org\/en\/cosmic-plancton-expedition-and-exhibition\/\">COSMIC PLANCTON: EXPEDITION AND EXHIBITION<\/a><\/li>\n\t\t<li class=\"wsp-post\"><a href=\"https:\/\/planktonchronicles.org\/en\/interactive-plankton-mandala-at-nausicaa-the-largest-aquarium-in-europe\/\">INTERACTIVE PLANKTON MANDALA AT NAUSICAA, LARGEST AQUARIUM IN EUROPE<\/a><\/li>\n\t\t<li class=\"wsp-post\"><a href=\"https:\/\/planktonchronicles.org\/en\/lexposition-chroniques-plancton-musee-gens-de-mer-a-toba-japon\/\">EXHIBIT AT THE SEA FOLK MUSEUM IN TOBA (JAPAN)<\/a><\/li>\n\t\t<li class=\"wsp-post\"><a href=\"https:\/\/planktonchronicles.org\/en\/benthos-de-lantarctique\/\">Benthos of Antarctica<\/a><\/li>\n\t\t<li class=\"wsp-post\"><a href=\"https:\/\/planktonchronicles.org\/en\/exposition-a-fondation-cartier-paris\/\">Plankton at Fondation Cartier Paris<\/a><\/li>\n\t\t<li class=\"wsp-post\"><a href=\"https:\/\/planktonchronicles.org\/en\/exposition-kyotographie\/\">Kyotographie Exhibition<\/a><\/li>\n\t\t<li class=\"wsp-post\"><a href=\"https:\/\/planktonchronicles.org\/en\/plastique-vagabond-arrive\/\">The Plastic Vagabond is coming!<\/a><\/li>\n\t\t<li class=\"wsp-post\"><a href=\"https:\/\/planktonchronicles.org\/en\/shimoda-session-kyotographie\/\">Shimoda Session for Kyotographie<\/a><\/li>\n\t\t<li class=\"wsp-post\"><a href=\"https:\/\/planktonchronicles.org\/en\/plankton-and-whales-expedition\/\">Plankton &#038; Whales Expedition<\/a><\/li>\n\t\t<li class=\"wsp-post\"><a href=\"https:\/\/planktonchronicles.org\/en\/our-photos-on-science-and-the-new-york-times\/\">Our photos in Science magazine and The New York Times<\/a><\/li>\n\t\t<li class=\"wsp-post\"><a href=\"https:\/\/planktonchronicles.org\/en\/plankton-photo-exhibit-port-of-montreal\/\">PLANKTON PHOTO EXHIBIT, PORT OF MONTREAL<\/a><\/li>\n\t\t<li class=\"wsp-post\"><a href=\"https:\/\/planktonchronicles.org\/en\/manta-ray-videoclip-antony-j-ralph\/\">MANTA RAY VIDEOCLIP &#8211; ANTONY &#038; J.RALPH<\/a><\/li>\n\t\t<li class=\"wsp-post\"><a href=\"https:\/\/planktonchronicles.org\/en\/macro-lab-in-the-arctic\/\">Macro Lab in the Arctic with Takuvik<\/a><\/li>\n\t\t<li class=\"wsp-post\"><a href=\"https:\/\/planktonchronicles.org\/en\/our-ted-videos-secret-life-of-plankton-sex-in-plankton\/\">SECRET LIFE OF PLANKTON ON TED.COM<\/a><\/li>\n\t\t<li class=\"wsp-post\"><a href=\"https:\/\/planktonchronicles.org\/en\/tara-oceans-tara-med-expeditions\/\">Tara Oceans &#038; Tara Med EXPEDITIONS<\/a><\/li>\n<\/ul><\/li>\n\t<li><strong class=\"wsp-category-title\">Category: <a href=\"https:\/\/planktonchronicles.org\/en\/category\/press\/\">Press<\/a><\/strong>\n<\/li>\n<\/ul>\n<\/div>[\/vc_column_text][vc_column_text]<div class=\"wsp-container\"><h2 class=\"wsp-portfolios-title\">Portfolio<\/h2>\n<ul class=\"wsp-portfolios-list\">\n<li><a href=\"https:\/\/planktonchronicles.org\/en\/portfolio\/plankton-of-the-riviera\/\">Plankton of the Riviera<\/a><\/li>\n<li><a href=\"https:\/\/planktonchronicles.org\/en\/portfolio\/animalvegetal-symbiosis-in-plankton\/\">Animal+Vegetal<\/a><\/li>\n<li><a href=\"https:\/\/planktonchronicles.org\/en\/portfolio\/ceratium-grow-fingers-to-catch-more-light\/\">Ceratium<\/a><\/li>\n<li><a href=\"https:\/\/planktonchronicles.org\/en\/portfolio\/protists-2-radiolarians-acantharians-and-foraminiferans\/\">Protists 2<\/a><\/li>\n<li><a href=\"https:\/\/planktonchronicles.org\/en\/portfolio\/siphonophores-the-longest-animals-on-the-planet\/\">Siphonophores<\/a><\/li>\n<li><a href=\"https:\/\/planktonchronicles.org\/en\/portfolio\/diatoms-life-in-glass-houses\/\">Diatoms<\/a><\/li>\n<li><a href=\"https:\/\/planktonchronicles.org\/en\/portfolio\/clytia-a-laboratory-favorite\/\">Clytia<\/a><\/li>\n<li><a href=\"https:\/\/planktonchronicles.org\/en\/portfolio\/larvaceans-their-houses-are-nets\/\">Larvaceans<\/a><\/li>\n<li><a href=\"https:\/\/planktonchronicles.org\/en\/portfolio\/plankton\/\">Plankton<\/a><\/li>\n<li><a href=\"https:\/\/planktonchronicles.org\/en\/portfolio\/protists-cells-in-the-sea\/\">Protists<\/a><\/li>\n<li><a href=\"https:\/\/planktonchronicles.org\/en\/portfolio\/embryos-and-larvae\/\">Embryos and larvae<\/a><\/li>\n<li><a href=\"https:\/\/planktonchronicles.org\/en\/portfolio\/gelatinous-zooplankton\/\">Gelatinous Zooplankton<\/a><\/li>\n<li><a href=\"https:\/\/planktonchronicles.org\/en\/portfolio\/iridescent-ctenophores\/\">Iridescent Ctenophores<\/a><\/li>\n<li><a href=\"https:\/\/planktonchronicles.org\/en\/portfolio\/salps-exploding-populations\/\">Salps<\/a><\/li>\n<li><a href=\"https:\/\/planktonchronicles.org\/en\/portfolio\/sea-urchin-planktonic-origins\/\">Sea Urchin<\/a><\/li>\n<li><a href=\"https:\/\/planktonchronicles.org\/en\/portfolio\/velella-planktonic-vessels\/\">Velella<\/a><\/li>\n<li><a href=\"https:\/\/planktonchronicles.org\/en\/portfolio\/pteropods-swimming-mollusks\/\">Pteropods<\/a><\/li>\n<li><a href=\"https:\/\/planktonchronicles.org\/en\/portfolio\/pelagia-fearsome-jellyfish\/\">Pelagia<\/a><\/li>\n<li><a href=\"https:\/\/planktonchronicles.org\/en\/portfolio\/pleurobrachia\/\">Pleurobrachia<\/a><\/li>\n<li><a href=\"https:\/\/planktonchronicles.org\/en\/portfolio\/phronima-monsters-in-barrels\/\">Phronima<\/a><\/li>\n<\/ul>\n<\/div>[\/vc_column_text][\/vc_column][\/vc_row]<\/p>\n<\/section>","protected":false},"excerpt":{"rendered":"<p>[vc_row][vc_column width=&#8221;1\/1&#8243;][vc_column_text][\/vc_column_text][vc_column_text][\/vc_column_text][vc_column_text][\/vc_column_text][\/vc_column][\/vc_row]<\/p>\n","protected":false},"author":9,"featured_media":0,"parent":0,"menu_order":100,"comment_status":"closed","ping_status":"closed","template":"","meta":{"footnotes":""},"acf":[],"yoast_head":"<!-- This site is optimized with the Yoast SEO plugin v21.5 - https:\/\/yoast.com\/wordpress\/plugins\/seo\/ -->\n<title>Sitemap | Chroniques du Plancton<\/title>\n<meta name=\"description\" content=\"Retrouvez sur cette page l&#039;ensemble des contenus accessibles sur notre site internet.\" \/>\n<meta name=\"robots\" content=\"index, follow, max-snippet:-1, max-image-preview:large, max-video-preview:-1\" \/>\n<link rel=\"canonical\" href=\"https:\/\/planktonchronicles.org\/en\/sitemap\/\" \/>\n<meta property=\"og:locale\" content=\"en_US\" \/>\n<meta property=\"og:type\" content=\"article\" \/>\n<meta property=\"og:title\" content=\"Sitemap | Chroniques du Plancton\" \/>\n<meta property=\"og:description\" content=\"Retrouvez sur cette page l&#039;ensemble des contenus accessibles sur notre site internet.\" \/>\n<meta property=\"og:url\" content=\"https:\/\/planktonchronicles.org\/en\/sitemap\/\" \/>\n<meta property=\"og:site_name\" content=\"Chroniques du Plancton\" \/>\n<meta property=\"article:publisher\" content=\"https:\/\/www.facebook.com\/theplanktonchronicles\/?fref=ts\" \/>\n<meta property=\"article:modified_time\" content=\"2021-07-12T10:42:35+00:00\" \/>\n<meta name=\"twitter:card\" content=\"summary_large_image\" \/>\n<meta name=\"twitter:site\" content=\"@christiansardet\" \/>\n<meta name=\"twitter:label1\" content=\"Est. reading time\" \/>\n\t<meta name=\"twitter:data1\" content=\"1 minute\" \/>\n<script type=\"application\/ld+json\" class=\"yoast-schema-graph\">{\"@context\":\"https:\/\/schema.org\",\"@graph\":[{\"@type\":\"WebPage\",\"@id\":\"https:\/\/planktonchronicles.org\/en\/sitemap\/\",\"url\":\"https:\/\/planktonchronicles.org\/en\/sitemap\/\",\"name\":\"Sitemap | Chroniques du Plancton\",\"isPartOf\":{\"@id\":\"https:\/\/planktonchronicles.org\/en\/#website\"},\"datePublished\":\"2021-07-12T10:42:22+00:00\",\"dateModified\":\"2021-07-12T10:42:35+00:00\",\"description\":\"Retrouvez sur cette page l'ensemble des contenus accessibles sur notre site internet.\",\"breadcrumb\":{\"@id\":\"https:\/\/planktonchronicles.org\/en\/sitemap\/#breadcrumb\"},\"inLanguage\":\"en-US\",\"potentialAction\":[{\"@type\":\"ReadAction\",\"target\":[\"https:\/\/planktonchronicles.org\/en\/sitemap\/\"]}]},{\"@type\":\"BreadcrumbList\",\"@id\":\"https:\/\/planktonchronicles.org\/en\/sitemap\/#breadcrumb\",\"itemListElement\":[{\"@type\":\"ListItem\",\"position\":1,\"name\":\"Accueil\",\"item\":\"https:\/\/planktonchronicles.org\/en\/\"},{\"@type\":\"ListItem\",\"position\":2,\"name\":\"Sitemap\"}]},{\"@type\":\"WebSite\",\"@id\":\"https:\/\/planktonchronicles.org\/en\/#website\",\"url\":\"https:\/\/planktonchronicles.org\/en\/\",\"name\":\"Chroniques du Plancton\",\"description\":\"Cette s\u00e9rie de vid\u00e9os et de photos r\u00e9v\u00e8lent la beaut\u00e9 et la diversit\u00e9 des animaux marins qui d\u00e9rivent avec les courants.\",\"publisher\":{\"@id\":\"https:\/\/planktonchronicles.org\/en\/#organization\"},\"potentialAction\":[{\"@type\":\"SearchAction\",\"target\":{\"@type\":\"EntryPoint\",\"urlTemplate\":\"https:\/\/planktonchronicles.org\/en\/?s={search_term_string}\"},\"query-input\":\"required name=search_term_string\"}],\"inLanguage\":\"en-US\"},{\"@type\":\"Organization\",\"@id\":\"https:\/\/planktonchronicles.org\/en\/#organization\",\"name\":\"Plankton Chronicles\",\"url\":\"https:\/\/planktonchronicles.org\/en\/\",\"logo\":{\"@type\":\"ImageObject\",\"inLanguage\":\"en-US\",\"@id\":\"https:\/\/planktonchronicles.org\/en\/#\/schema\/logo\/image\/\",\"url\":\"http:\/\/planktonchronicles.org\/wp-content\/uploads\/2016\/01\/3__Larve_de_crustace_C_Sardet_1.png\",\"contentUrl\":\"http:\/\/planktonchronicles.org\/wp-content\/uploads\/2016\/01\/3__Larve_de_crustace_C_Sardet_1.png\",\"width\":800,\"height\":586,\"caption\":\"Plankton Chronicles\"},\"image\":{\"@id\":\"https:\/\/planktonchronicles.org\/en\/#\/schema\/logo\/image\/\"},\"sameAs\":[\"https:\/\/www.facebook.com\/theplanktonchronicles\/?fref=ts\",\"https:\/\/twitter.com\/christiansardet\",\"https:\/\/www.instagram.com\/christiansardet\/\"]}]}<\/script>\n<!-- \/ Yoast SEO plugin. -->","yoast_head_json":{"title":"Sitemap | Chroniques du Plancton","description":"Retrouvez sur cette page l'ensemble des contenus accessibles sur notre site internet.","robots":{"index":"index","follow":"follow","max-snippet":"max-snippet:-1","max-image-preview":"max-image-preview:large","max-video-preview":"max-video-preview:-1"},"canonical":"https:\/\/planktonchronicles.org\/en\/sitemap\/","og_locale":"en_US","og_type":"article","og_title":"Sitemap | Chroniques du Plancton","og_description":"Retrouvez sur cette page l'ensemble des contenus accessibles sur notre site internet.","og_url":"https:\/\/planktonchronicles.org\/en\/sitemap\/","og_site_name":"Chroniques du Plancton","article_publisher":"https:\/\/www.facebook.com\/theplanktonchronicles\/?fref=ts","article_modified_time":"2021-07-12T10:42:35+00:00","twitter_card":"summary_large_image","twitter_site":"@christiansardet","twitter_misc":{"Est. reading time":"1 minute"},"schema":{"@context":"https:\/\/schema.org","@graph":[{"@type":"WebPage","@id":"https:\/\/planktonchronicles.org\/en\/sitemap\/","url":"https:\/\/planktonchronicles.org\/en\/sitemap\/","name":"Sitemap | Chroniques du Plancton","isPartOf":{"@id":"https:\/\/planktonchronicles.org\/en\/#website"},"datePublished":"2021-07-12T10:42:22+00:00","dateModified":"2021-07-12T10:42:35+00:00","description":"Retrouvez sur cette page l'ensemble des contenus accessibles sur notre site internet.","breadcrumb":{"@id":"https:\/\/planktonchronicles.org\/en\/sitemap\/#breadcrumb"},"inLanguage":"en-US","potentialAction":[{"@type":"ReadAction","target":["https:\/\/planktonchronicles.org\/en\/sitemap\/"]}]},{"@type":"BreadcrumbList","@id":"https:\/\/planktonchronicles.org\/en\/sitemap\/#breadcrumb","itemListElement":[{"@type":"ListItem","position":1,"name":"Accueil","item":"https:\/\/planktonchronicles.org\/en\/"},{"@type":"ListItem","position":2,"name":"Sitemap"}]},{"@type":"WebSite","@id":"https:\/\/planktonchronicles.org\/en\/#website","url":"https:\/\/planktonchronicles.org\/en\/","name":"Chroniques du Plancton","description":"Cette s\u00e9rie de vid\u00e9os et de photos r\u00e9v\u00e8lent la beaut\u00e9 et la diversit\u00e9 des animaux marins qui d\u00e9rivent avec les courants.","publisher":{"@id":"https:\/\/planktonchronicles.org\/en\/#organization"},"potentialAction":[{"@type":"SearchAction","target":{"@type":"EntryPoint","urlTemplate":"https:\/\/planktonchronicles.org\/en\/?s={search_term_string}"},"query-input":"required name=search_term_string"}],"inLanguage":"en-US"},{"@type":"Organization","@id":"https:\/\/planktonchronicles.org\/en\/#organization","name":"Plankton Chronicles","url":"https:\/\/planktonchronicles.org\/en\/","logo":{"@type":"ImageObject","inLanguage":"en-US","@id":"https:\/\/planktonchronicles.org\/en\/#\/schema\/logo\/image\/","url":"http:\/\/planktonchronicles.org\/wp-content\/uploads\/2016\/01\/3__Larve_de_crustace_C_Sardet_1.png","contentUrl":"http:\/\/planktonchronicles.org\/wp-content\/uploads\/2016\/01\/3__Larve_de_crustace_C_Sardet_1.png","width":800,"height":586,"caption":"Plankton Chronicles"},"image":{"@id":"https:\/\/planktonchronicles.org\/en\/#\/schema\/logo\/image\/"},"sameAs":["https:\/\/www.facebook.com\/theplanktonchronicles\/?fref=ts","https:\/\/twitter.com\/christiansardet","https:\/\/www.instagram.com\/christiansardet\/"]}]}},"_links":{"self":[{"href":"https:\/\/planktonchronicles.org\/en\/wp-json\/wp\/v2\/pages\/49421"}],"collection":[{"href":"https:\/\/planktonchronicles.org\/en\/wp-json\/wp\/v2\/pages"}],"about":[{"href":"https:\/\/planktonchronicles.org\/en\/wp-json\/wp\/v2\/types\/page"}],"author":[{"embeddable":true,"href":"https:\/\/planktonchronicles.org\/en\/wp-json\/wp\/v2\/users\/9"}],"replies":[{"embeddable":true,"href":"https:\/\/planktonchronicles.org\/en\/wp-json\/wp\/v2\/comments?post=49421"}],"version-history":[{"count":1,"href":"https:\/\/planktonchronicles.org\/en\/wp-json\/wp\/v2\/pages\/49421\/revisions"}],"predecessor-version":[{"id":49422,"href":"https:\/\/planktonchronicles.org\/en\/wp-json\/wp\/v2\/pages\/49421\/revisions\/49422"}],"wp:attachment":[{"href":"https:\/\/planktonchronicles.org\/en\/wp-json\/wp\/v2\/media?parent=49421"}],"curies":[{"name":"wp","href":"https:\/\/api.w.org\/{rel}","templated":true}]}}