{"id":47924,"date":"2016-01-22T16:56:11","date_gmt":"2016-01-22T21:56:11","guid":{"rendered":"http:\/\/planktonchronicles.org\/es\/?page_id=47924"},"modified":"2023-10-12T14:04:49","modified_gmt":"2023-10-12T12:04:49","slug":"el-proyecto","status":"publish","type":"page","link":"https:\/\/planktonchronicles.org\/es\/el-proyecto\/","title":{"rendered":"El proyecto"},"content":{"rendered":"<section class=\"wpb-content-wrapper\"><p>[vc_row unlock_row_content=\u00bbyes\u00bb row_height_percent=\u00bb0&#8243; override_padding=\u00bbyes\u00bb h_padding=\u00bb0&#8243; top_padding=\u00bb0&#8243; bottom_padding=\u00bb0&#8243; overlay_alpha=\u00bb50&#8243; gutter_size=\u00bb0&#8243; shift_y=\u00bb0&#8243;][vc_column width=\u00bb1\/1&#8243;][vc_separator sep_color=\u00bbcolor-188802&#8243;][\/vc_column][\/vc_row][vc_row unlock_row_content=\u00bbyes\u00bb row_height_percent=\u00bb0&#8243; override_padding=\u00bbyes\u00bb h_padding=\u00bb0&#8243; top_padding=\u00bb0&#8243; bottom_padding=\u00bb0&#8243; overlay_alpha=\u00bb50&#8243; gutter_size=\u00bb0&#8243; border_color=\u00bbcolor-188802&#8243; border_style=\u00bbsolid\u00bb shift_y=\u00bb0&#8243;][vc_column column_width_percent=\u00bb100&#8243; position_vertical=\u00bbmiddle\u00bb gutter_size=\u00bb3&#8243; override_padding=\u00bbyes\u00bb column_padding=\u00bb0&#8243; overlay_alpha=\u00bb50&#8243; shift_x=\u00bb0&#8243; shift_y=\u00bb0&#8243; z_index=\u00bb0&#8243; medium_width=\u00bb0&#8243; width=\u00bb1\/2&#8243; css=\u00bb.vc_custom_1453241042490{padding-top: 10% !important;padding-right: 10% !important;padding-bottom: 10% !important;padding-left: 10% !important;}\u00bb][vc_custom_heading heading_semantic=\u00bbp\u00bb text_font=\u00bbfont-762333&#8243; text_size=\u00bbfontsize-103075&#8243; text_weight=\u00bb100&#8243; text_height=\u00bbfontheight-179065&#8243;]El Proyecto Cr\u00f3nicas del Plancton es una serie documental que combina el arte y la ciencia, revela la belleza y la diversidad de los organismos que viajan a la deriva de las corrientes.[\/vc_custom_heading][vc_custom_heading heading_semantic=\u00bbp\u00bb text_font=\u00bbfont-762333&#8243; text_size=\u00bbh4&#8243; text_weight=\u00bb100&#8243;]El proyecto \u00abCr\u00f3nicas del plancton\u00bb ha sido realizado en el cuadro de la Expedici\u00f3n Tara oc\u00e9anos y del Observatorio Oceanol\u00f3gico de Villefranche -sur- mer (OOV).\u00a0Christian Sardet, Director del estudio del CNRS, concluy\u00f3 la serie con Veronique Kleiner y Catherine Balladur de la CNRS Images (Meudon). Cuatro episodios (plankton, Pt\u00e9ropodes, Pleurobrachia, Embriones y Larvas) han sido producidos por CNRS Images, y el resto por Christian Sardet \/ OOV \/ CNRS C\u00f4te-d&#8217;Azur.[\/vc_custom_heading][vc_empty_space empty_h=\u00bb2&#8243;][vc_button button_color=\u00bbaccent\u00bb outline=\u00bbyes\u00bb icon=\u00bbfa fa-newspaper-o\u00bb link=\u00bburl:http%3A%2F%2Fplanktonchronicles.org%2Fwp-content%2Fuploads%2F2016%2F01%2FDossierPresse-plancton-light.pdf||target:%20_blank\u00bb]Descargar la revista de prensa[\/vc_button][\/vc_column][vc_column column_width_percent=\u00bb100&#8243; position_vertical=\u00bbmiddle\u00bb gutter_size=\u00bb3&#8243; override_padding=\u00bbyes\u00bb column_padding=\u00bb0&#8243; expand_height=\u00bbyes\u00bb overlay_alpha=\u00bb50&#8243; shift_x=\u00bb0&#8243; shift_y=\u00bb0&#8243; z_index=\u00bb0&#8243; medium_width=\u00bb0&#8243; width=\u00bb1\/2&#8243; css=\u00bb.vc_custom_1453241048352{padding-top: 10% !important;padding-right: 10% !important;padding-bottom: 10% !important;padding-left: 10% !important;}\u00bb][vc_single_image media=\u00bb47467&#8243; media_width_percent=\u00bb80&#8243; alignment=\u00bbcenter\u00bb][\/vc_column][\/vc_row][vc_row unlock_row_content=\u00bbyes\u00bb row_height_percent=\u00bb0&#8243; override_padding=\u00bbyes\u00bb h_padding=\u00bb0&#8243; top_padding=\u00bb0&#8243; bottom_padding=\u00bb0&#8243; overlay_alpha=\u00bb50&#8243; gutter_size=\u00bb0&#8243; shift_y=\u00bb0&#8243;][vc_column width=\u00bb1\/1&#8243;][vc_separator sep_color=\u00bbcolor-188802&#8243;][\/vc_column][\/vc_row][vc_row unlock_row_content=\u00bbyes\u00bb row_height_percent=\u00bb0&#8243; override_padding=\u00bbyes\u00bb h_padding=\u00bb0&#8243; top_padding=\u00bb0&#8243; bottom_padding=\u00bb0&#8243; overlay_alpha=\u00bb50&#8243; gutter_size=\u00bb0&#8243; shift_y=\u00bb0&#8243;][vc_column width=\u00bb1\/1&#8243;][vc_gallery el_id=\u00bbgallery-102210&#8243; isotope_mode=\u00bbfitRows\u00bb medias=\u00bb46651,46657,46663,46666,46669,46672&#8243; gutter_size=\u00bb0&#8243; media_items=\u00bbmedia|lightbox|original\u00bb screen_lg=\u00bb1000&#8243; screen_md=\u00bb600&#8243; screen_sm=\u00bb480&#8243; single_width=\u00bb2&#8243; single_overlay_opacity=\u00bb50&#8243; single_padding=\u00bb2&#8243; single_border=\u00bbyes\u00bb][\/vc_column][\/vc_row][vc_row unlock_row_content=\u00bbyes\u00bb row_height_percent=\u00bb0&#8243; override_padding=\u00bbyes\u00bb h_padding=\u00bb0&#8243; top_padding=\u00bb0&#8243; bottom_padding=\u00bb0&#8243; overlay_alpha=\u00bb50&#8243; gutter_size=\u00bb0&#8243; shift_y=\u00bb0&#8243;][vc_column width=\u00bb1\/1&#8243;][vc_separator sep_color=\u00bbcolor-188802&#8243;][\/vc_column][\/vc_row][vc_row unlock_row_content=\u00bbyes\u00bb row_height_percent=\u00bb0&#8243; override_padding=\u00bbyes\u00bb h_padding=\u00bb0&#8243; top_padding=\u00bb0&#8243; bottom_padding=\u00bb0&#8243; overlay_alpha=\u00bb50&#8243; gutter_size=\u00bb0&#8243; shift_y=\u00bb0&#8243;][vc_column column_width_percent=\u00bb100&#8243; position_vertical=\u00bbmiddle\u00bb gutter_size=\u00bb3&#8243; override_padding=\u00bbyes\u00bb column_padding=\u00bb0&#8243; overlay_alpha=\u00bb50&#8243; shift_x=\u00bb0&#8243; shift_y=\u00bb0&#8243; z_index=\u00bb0&#8243; medium_width=\u00bb0&#8243; width=\u00bb1\/2&#8243; css=\u00bb.vc_custom_1453240957890{padding-top: 10% !important;padding-right: 10% !important;padding-bottom: 10% !important;padding-left: 10% !important;}\u00bb][vc_single_image media=\u00bb46678&#8243; media_width_percent=\u00bb100&#8243;][vc_column_text]<\/p>\n<p style=\"text-align: right;\">Making of\u00a0Cr\u00f3nicas del plancton<\/p>\n<p>[\/vc_column_text][\/vc_column][vc_column column_width_percent=\u00bb100&#8243; gutter_size=\u00bb3&#8243; override_padding=\u00bbyes\u00bb column_padding=\u00bb0&#8243; expand_height=\u00bbyes\u00bb overlay_alpha=\u00bb50&#8243; border_color=\u00bbcolor-188802&#8243; border_style=\u00bbsolid\u00bb shift_x=\u00bb0&#8243; shift_y=\u00bb0&#8243; z_index=\u00bb0&#8243; medium_width=\u00bb0&#8243; width=\u00bb1\/2&#8243; css=\u00bb.vc_custom_1453240576917{border-left-width: 1px !important;}\u00bb][vc_row_inner row_inner_height_percent=\u00bb0&#8243; overlay_alpha=\u00bb50&#8243; gutter_size=\u00bb2&#8243; shift_y=\u00bb0&#8243; css=\u00bb.vc_custom_1453240706287{padding-top: 10% !important;padding-right: 10% !important;padding-bottom: 10% !important;padding-left: 10% !important;}\u00bb][vc_column_inner column_width_percent=\u00bb100&#8243; position_vertical=\u00bbmiddle\u00bb gutter_size=\u00bb3&#8243; override_padding=\u00bbyes\u00bb column_padding=\u00bb0&#8243; overlay_alpha=\u00bb50&#8243; shift_x=\u00bb0&#8243; shift_y=\u00bb0&#8243; z_index=\u00bb0&#8243; medium_width=\u00bb0&#8243; width=\u00bb2\/3&#8243; el_class=\u00bbsmall\u00bb][vc_single_image media=\u00bb46184&#8243; media_width_use_pixel=\u00bbyes\u00bb media_width_pixel=\u00bb120&#8243;][vc_column_text el_class=\u00bbsmall\u00bb]<strong>Christian Sardet<\/strong><br \/>\nBioMarCell group, UMR 7009 BioDev<br \/>\nCNRS \/ Univ. Pierre et Marie Curie, Paris 6<br \/>\n06230 Observatoire, Villefranche-sur-Mer BP 28, France[\/vc_column_text][\/vc_column_inner][vc_column_inner column_width_percent=\u00bb100&#8243; position_vertical=\u00bbmiddle\u00bb gutter_size=\u00bb3&#8243; overlay_alpha=\u00bb50&#8243; shift_x=\u00bb0&#8243; shift_y=\u00bb0&#8243; z_index=\u00bb0&#8243; medium_width=\u00bb0&#8243; width=\u00bb1\/3&#8243;][vc_single_image media=\u00bb49367&#8243; media_width_use_pixel=\u00bbyes\u00bb media_width_pixel=\u00bb120&#8243;][vc_column_text el_class=\u00bbsmall\u00bb]<strong>Parafilms<\/strong><br \/>\n129 rue Van Horne<br \/>\nMontr\u00e9al, QC H2T2J2, Canada<br \/>\n<a href=\"http:\/\/www.parafilms.com\/\" target=\"_blank\" rel=\"noopener\">http:\/\/parafilms.com<\/a>[\/vc_column_text][\/vc_column_inner][\/vc_row_inner][vc_row_inner row_inner_height_percent=\u00bb0&#8243; overlay_alpha=\u00bb50&#8243; gutter_size=\u00bb2&#8243; border_color=\u00bbcolor-188802&#8243; border_style=\u00bbsolid\u00bb shift_y=\u00bb0&#8243; css=\u00bb.vc_custom_1453240720144{border-top-width: 1px !important;padding-top: 10% !important;padding-right: 10% !important;padding-bottom: 10% !important;padding-left: 10% !important;}\u00bb][vc_column_inner column_width_percent=\u00bb100&#8243; position_horizontal=\u00bbleft\u00bb gutter_size=\u00bb3&#8243; overlay_alpha=\u00bb50&#8243; shift_x=\u00bb0&#8243; shift_y=\u00bb0&#8243; z_index=\u00bb0&#8243; medium_width=\u00bb0&#8243; width=\u00bb1\/3&#8243;][vc_single_image media=\u00bb47533&#8243; media_width_use_pixel=\u00bbyes\u00bb media_width_pixel=\u00bb150&#8243;][\/vc_column_inner][vc_column_inner width=\u00bb2\/3&#8243;][vc_column_text el_class=\u00bbsmall\u00bb]Web\u00a0: <a href=\"http:\/\/www.tonton.ca\" target=\"_blank\" rel=\"noopener\">TONTON<\/a><br \/>\nDise\u00f1o : Julien Bigeault et Riwal Plaine<br \/>\nDirecti\u00f3n art\u00edstico y gr\u00e1fica : Riwal Plaine<br \/>\nDesarrollo e integraci\u00f3n web :\u00a0Julien Bigeault<br \/>\nGesti\u00f3n de proyecto : St\u00e9phanie Dos Santos[\/vc_column_text][\/vc_column_inner][\/vc_row_inner][\/vc_column][\/vc_row][vc_row unlock_row_content=\u00bbyes\u00bb row_height_percent=\u00bb0&#8243; override_padding=\u00bbyes\u00bb h_padding=\u00bb0&#8243; top_padding=\u00bb0&#8243; bottom_padding=\u00bb0&#8243; overlay_alpha=\u00bb50&#8243; gutter_size=\u00bb0&#8243; border_color=\u00bbcolor-188802&#8243; border_style=\u00bbsolid\u00bb shift_y=\u00bb0&#8243; css=\u00bb.vc_custom_1453132715934{border-top-width: 1px !important;}\u00bb][vc_column column_width_percent=\u00bb100&#8243; gutter_size=\u00bb3&#8243; override_padding=\u00bbyes\u00bb column_padding=\u00bb0&#8243; overlay_alpha=\u00bb50&#8243; shift_x=\u00bb0&#8243; shift_y=\u00bb0&#8243; z_index=\u00bb0&#8243; medium_width=\u00bb0&#8243; width=\u00bb1\/2&#8243; css=\u00bb.vc_custom_1452891104883{padding: 10% !important;}\u00bb][vc_column_text el_class=\u00bbsmall\u00bb]Con\u00a0el apoyo de los institutos INSB y INEE del Centro Nacional del estudio cient\u00edfico (CNRS), de la Universidad Pierre et Marie Curie (UPMC), la municipalidad de Nice, Francia y Le Groupement d&#8217;Int\u00e9r\u00eat Scientifique GIS IBISA.<\/p>\n<p>Las captaciones de im\u00e1genes, realizaciones y montajes fueron elaborados por Christian Sardet, No\u00e9 Sardet y Sharif Mirshak (PARAFILMS) y V\u00e9ronique Kleiner (CNRS Image). Tambi\u00e9n form\u00f3 parte de este proyecto Sacha Bollet quien benefici\u00f3 la generosa colaboraci\u00f3n de; Claude Carr\u00e9, del personal de\u00a0 cient\u00edficos de la OOV y de los coordinadores y participantes de la Expedici\u00f3n Tara Oc\u00e9anos.<\/p>\n<p>Muchas gracias a todos los que participaron a la realisation y en particular Camila P\u00e9rez Ossand\u00f3n, Christian Johnson, Michele Ravilet, Sacha Bollet, Bernard Dubreuil, Gregory Gallagher, Romain Strugala, Ted Rosengarten, y Dana Sardet.[\/vc_column_text][\/vc_column][vc_column column_width_percent=\u00bb100&#8243; position_vertical=\u00bbmiddle\u00bb gutter_size=\u00bb3&#8243; override_padding=\u00bbyes\u00bb column_padding=\u00bb0&#8243; expand_height=\u00bbyes\u00bb overlay_alpha=\u00bb50&#8243; border_color=\u00bbcolor-188802&#8243; border_style=\u00bbsolid\u00bb shift_x=\u00bb0&#8243; shift_y=\u00bb0&#8243; z_index=\u00bb0&#8243; medium_width=\u00bb0&#8243; width=\u00bb1\/2&#8243; css=\u00bb.vc_custom_1452891356182{border-right-width: 1px !important;border-left-width: 1px !important;padding-top: 10% !important;padding-right: 10% !important;padding-bottom: 10% !important;padding-left: 10% !important;}\u00bb][vc_row_inner][vc_column_inner width=\u00bb1\/2&#8243;][vc_column_text el_class=\u00bbsmall\u00bb]<\/p>\n<div class=\"column1 left\">\n<p class=\"bleu\"><span class=\"white\">Los videos de cr\u00f3nicas del plankton son bajo licencia<\/span><\/p>\n<\/div>\n<p><b>Creative Commons :<\/b><br \/>\nAttribution Non-Commercial<br \/>\n<b>No Derivative<\/b><\/p>\n<p><img decoding=\"async\" class=\"alignleft size-medium wp-image-47367\" src=\"https:\/\/planktonchronicles.org\/wp-content\/uploads\/2015\/12\/byncnd.svg\" alt=\"byncnd\" width=\"140px\" height=\"50px\" \/>[\/vc_column_text][\/vc_column_inner][vc_column_inner width=\u00bb1\/2&#8243;][vc_column_text]<img decoding=\"async\" class=\"alignleft size-medium wp-image-47321\" src=\"https:\/\/planktonchronicles.org\/wp-content\/uploads\/2015\/12\/macaron_tara-1.png\" alt=\"Tara Oceans\" width=\"120px\" height=\"120px\" \/><img decoding=\"async\" class=\"alignleft size-thumbnail wp-image-46180\" src=\"https:\/\/planktonchronicles.org\/wp-content\/uploads\/2016\/01\/logo_cnrs-1-150x150.png\" alt=\"logo_cnrs\" width=\"120\" height=\"120\" srcset=\"https:\/\/planktonchronicles.org\/wp-content\/uploads\/2016\/01\/logo_cnrs-1-150x150.png 150w, https:\/\/planktonchronicles.org\/wp-content\/uploads\/2016\/01\/logo_cnrs-1.png 270w\" sizes=\"(max-width: 120px) 100vw, 120px\" \/>[\/vc_column_text][\/vc_column_inner][\/vc_row_inner][\/vc_column][\/vc_row]<\/p>\n<\/section>","protected":false},"excerpt":{"rendered":"<p>[vc_row unlock_row_content=\u00bbyes\u00bb row_height_percent=\u00bb0&#8243; override_padding=\u00bbyes\u00bb h_padding=\u00bb0&#8243; top_padding=\u00bb0&#8243; bottom_padding=\u00bb0&#8243; overlay_alpha=\u00bb50&#8243; gutter_size=\u00bb0&#8243; shift_y=\u00bb0&#8243;][vc_column width=\u00bb1\/1&#8243;][vc_separator sep_color=\u00bbcolor-188802&#8243;][\/vc_column][\/vc_row][vc_row unlock_row_content=\u00bbyes\u00bb row_height_percent=\u00bb0&#8243; override_padding=\u00bbyes\u00bb h_padding=\u00bb0&#8243; top_padding=\u00bb0&#8243; bottom_padding=\u00bb0&#8243; overlay_alpha=\u00bb50&#8243; gutter_size=\u00bb0&#8243; [&hellip;]<\/p>\n","protected":false},"author":2,"featured_media":0,"parent":0,"menu_order":4,"comment_status":"closed","ping_status":"closed","template":"","meta":{"footnotes":""},"acf":[],"yoast_head":"<!-- This site is optimized with the Yoast SEO plugin v21.5 - https:\/\/yoast.com\/wordpress\/plugins\/seo\/ -->\n<title>El proyecto | Chroniques du Plancton<\/title>\n<meta name=\"robots\" content=\"index, follow, max-snippet:-1, max-image-preview:large, max-video-preview:-1\" \/>\n<link rel=\"canonical\" href=\"https:\/\/planktonchronicles.org\/es\/el-proyecto\/\" \/>\n<meta property=\"og:locale\" content=\"es_ES\" \/>\n<meta property=\"og:type\" content=\"article\" \/>\n<meta property=\"og:title\" content=\"El proyecto | Chroniques du Plancton\" \/>\n<meta property=\"og:url\" content=\"https:\/\/planktonchronicles.org\/es\/el-proyecto\/\" \/>\n<meta property=\"og:site_name\" content=\"Chroniques du Plancton\" \/>\n<meta property=\"article:publisher\" content=\"https:\/\/www.facebook.com\/theplanktonchronicles\/?fref=ts\" \/>\n<meta property=\"article:modified_time\" content=\"2023-10-12T12:04:49+00:00\" \/>\n<meta name=\"twitter:card\" content=\"summary_large_image\" \/>\n<meta name=\"twitter:image\" content=\"https:\/\/planktonchronicles.org\/wp-content\/uploads\/2015\/12\/plancton_composition-16x9.jpg\" \/>\n<meta name=\"twitter:site\" content=\"@christiansardet\" \/>\n<meta name=\"twitter:label1\" content=\"Tiempo de lectura\" \/>\n\t<meta name=\"twitter:data1\" content=\"6 minutos\" \/>\n<script type=\"application\/ld+json\" class=\"yoast-schema-graph\">{\"@context\":\"https:\/\/schema.org\",\"@graph\":[{\"@type\":\"WebPage\",\"@id\":\"https:\/\/planktonchronicles.org\/es\/el-proyecto\/\",\"url\":\"https:\/\/planktonchronicles.org\/es\/el-proyecto\/\",\"name\":\"El proyecto | Chroniques du Plancton\",\"isPartOf\":{\"@id\":\"https:\/\/planktonchronicles.org\/en\/#website\"},\"datePublished\":\"2016-01-22T21:56:11+00:00\",\"dateModified\":\"2023-10-12T12:04:49+00:00\",\"breadcrumb\":{\"@id\":\"https:\/\/planktonchronicles.org\/es\/el-proyecto\/#breadcrumb\"},\"inLanguage\":\"es\",\"potentialAction\":[{\"@type\":\"ReadAction\",\"target\":[\"https:\/\/planktonchronicles.org\/es\/el-proyecto\/\"]}]},{\"@type\":\"BreadcrumbList\",\"@id\":\"https:\/\/planktonchronicles.org\/es\/el-proyecto\/#breadcrumb\",\"itemListElement\":[{\"@type\":\"ListItem\",\"position\":1,\"name\":\"Accueil\",\"item\":\"https:\/\/planktonchronicles.org\/es\/\"},{\"@type\":\"ListItem\",\"position\":2,\"name\":\"El proyecto\"}]},{\"@type\":\"WebSite\",\"@id\":\"https:\/\/planktonchronicles.org\/en\/#website\",\"url\":\"https:\/\/planktonchronicles.org\/en\/\",\"name\":\"Chroniques du Plancton\",\"description\":\"Cette s\u00e9rie de vid\u00e9os et de photos r\u00e9v\u00e8lent la beaut\u00e9 et la diversit\u00e9 des animaux marins qui d\u00e9rivent avec les courants.\",\"publisher\":{\"@id\":\"https:\/\/planktonchronicles.org\/en\/#organization\"},\"potentialAction\":[{\"@type\":\"SearchAction\",\"target\":{\"@type\":\"EntryPoint\",\"urlTemplate\":\"https:\/\/planktonchronicles.org\/en\/?s={search_term_string}\"},\"query-input\":\"required name=search_term_string\"}],\"inLanguage\":\"es\"},{\"@type\":\"Organization\",\"@id\":\"https:\/\/planktonchronicles.org\/en\/#organization\",\"name\":\"Plankton Chronicles\",\"url\":\"https:\/\/planktonchronicles.org\/en\/\",\"logo\":{\"@type\":\"ImageObject\",\"inLanguage\":\"es\",\"@id\":\"https:\/\/planktonchronicles.org\/en\/#\/schema\/logo\/image\/\",\"url\":\"http:\/\/planktonchronicles.org\/wp-content\/uploads\/2016\/01\/3__Larve_de_crustace_C_Sardet_1.png\",\"contentUrl\":\"http:\/\/planktonchronicles.org\/wp-content\/uploads\/2016\/01\/3__Larve_de_crustace_C_Sardet_1.png\",\"width\":800,\"height\":586,\"caption\":\"Plankton Chronicles\"},\"image\":{\"@id\":\"https:\/\/planktonchronicles.org\/en\/#\/schema\/logo\/image\/\"},\"sameAs\":[\"https:\/\/www.facebook.com\/theplanktonchronicles\/?fref=ts\",\"https:\/\/twitter.com\/christiansardet\",\"https:\/\/www.instagram.com\/christiansardet\/\"]}]}<\/script>\n<!-- \/ Yoast SEO plugin. -->","yoast_head_json":{"title":"El proyecto | Chroniques du Plancton","robots":{"index":"index","follow":"follow","max-snippet":"max-snippet:-1","max-image-preview":"max-image-preview:large","max-video-preview":"max-video-preview:-1"},"canonical":"https:\/\/planktonchronicles.org\/es\/el-proyecto\/","og_locale":"es_ES","og_type":"article","og_title":"El proyecto | Chroniques du Plancton","og_url":"https:\/\/planktonchronicles.org\/es\/el-proyecto\/","og_site_name":"Chroniques du Plancton","article_publisher":"https:\/\/www.facebook.com\/theplanktonchronicles\/?fref=ts","article_modified_time":"2023-10-12T12:04:49+00:00","twitter_card":"summary_large_image","twitter_image":"https:\/\/planktonchronicles.org\/wp-content\/uploads\/2015\/12\/plancton_composition-16x9.jpg","twitter_site":"@christiansardet","twitter_misc":{"Tiempo de lectura":"6 minutos"},"schema":{"@context":"https:\/\/schema.org","@graph":[{"@type":"WebPage","@id":"https:\/\/planktonchronicles.org\/es\/el-proyecto\/","url":"https:\/\/planktonchronicles.org\/es\/el-proyecto\/","name":"El proyecto | Chroniques du Plancton","isPartOf":{"@id":"https:\/\/planktonchronicles.org\/en\/#website"},"datePublished":"2016-01-22T21:56:11+00:00","dateModified":"2023-10-12T12:04:49+00:00","breadcrumb":{"@id":"https:\/\/planktonchronicles.org\/es\/el-proyecto\/#breadcrumb"},"inLanguage":"es","potentialAction":[{"@type":"ReadAction","target":["https:\/\/planktonchronicles.org\/es\/el-proyecto\/"]}]},{"@type":"BreadcrumbList","@id":"https:\/\/planktonchronicles.org\/es\/el-proyecto\/#breadcrumb","itemListElement":[{"@type":"ListItem","position":1,"name":"Accueil","item":"https:\/\/planktonchronicles.org\/es\/"},{"@type":"ListItem","position":2,"name":"El proyecto"}]},{"@type":"WebSite","@id":"https:\/\/planktonchronicles.org\/en\/#website","url":"https:\/\/planktonchronicles.org\/en\/","name":"Chroniques du Plancton","description":"Cette s\u00e9rie de vid\u00e9os et de photos r\u00e9v\u00e8lent la beaut\u00e9 et la diversit\u00e9 des animaux marins qui d\u00e9rivent avec les courants.","publisher":{"@id":"https:\/\/planktonchronicles.org\/en\/#organization"},"potentialAction":[{"@type":"SearchAction","target":{"@type":"EntryPoint","urlTemplate":"https:\/\/planktonchronicles.org\/en\/?s={search_term_string}"},"query-input":"required name=search_term_string"}],"inLanguage":"es"},{"@type":"Organization","@id":"https:\/\/planktonchronicles.org\/en\/#organization","name":"Plankton Chronicles","url":"https:\/\/planktonchronicles.org\/en\/","logo":{"@type":"ImageObject","inLanguage":"es","@id":"https:\/\/planktonchronicles.org\/en\/#\/schema\/logo\/image\/","url":"http:\/\/planktonchronicles.org\/wp-content\/uploads\/2016\/01\/3__Larve_de_crustace_C_Sardet_1.png","contentUrl":"http:\/\/planktonchronicles.org\/wp-content\/uploads\/2016\/01\/3__Larve_de_crustace_C_Sardet_1.png","width":800,"height":586,"caption":"Plankton Chronicles"},"image":{"@id":"https:\/\/planktonchronicles.org\/en\/#\/schema\/logo\/image\/"},"sameAs":["https:\/\/www.facebook.com\/theplanktonchronicles\/?fref=ts","https:\/\/twitter.com\/christiansardet","https:\/\/www.instagram.com\/christiansardet\/"]}]}},"_links":{"self":[{"href":"https:\/\/planktonchronicles.org\/es\/wp-json\/wp\/v2\/pages\/47924"}],"collection":[{"href":"https:\/\/planktonchronicles.org\/es\/wp-json\/wp\/v2\/pages"}],"about":[{"href":"https:\/\/planktonchronicles.org\/es\/wp-json\/wp\/v2\/types\/page"}],"author":[{"embeddable":true,"href":"https:\/\/planktonchronicles.org\/es\/wp-json\/wp\/v2\/users\/2"}],"replies":[{"embeddable":true,"href":"https:\/\/planktonchronicles.org\/es\/wp-json\/wp\/v2\/comments?post=47924"}],"version-history":[{"count":7,"href":"https:\/\/planktonchronicles.org\/es\/wp-json\/wp\/v2\/pages\/47924\/revisions"}],"predecessor-version":[{"id":49686,"href":"https:\/\/planktonchronicles.org\/es\/wp-json\/wp\/v2\/pages\/47924\/revisions\/49686"}],"wp:attachment":[{"href":"https:\/\/planktonchronicles.org\/es\/wp-json\/wp\/v2\/media?parent=47924"}],"curies":[{"name":"wp","href":"https:\/\/api.w.org\/{rel}","templated":true}]}}