{"id":47944,"date":"2016-01-22T18:29:40","date_gmt":"2016-01-22T23:29:40","guid":{"rendered":"http:\/\/planktonchronicles.org\/es\/the-book\/"},"modified":"2021-03-24T11:28:02","modified_gmt":"2021-03-24T10:28:02","slug":"the-book","status":"publish","type":"page","link":"https:\/\/planktonchronicles.org\/es\/the-book\/","title":{"rendered":"The book"},"content":{"rendered":"<section class=\"wpb-content-wrapper\"><p>[vc_row unlock_row_content=\u00bbyes\u00bb row_height_percent=\u00bb0&#8243; override_padding=\u00bbyes\u00bb h_padding=\u00bb0&#8243; top_padding=\u00bb0&#8243; bottom_padding=\u00bb0&#8243; overlay_alpha=\u00bb50&#8243; gutter_size=\u00bb0&#8243; border_color=\u00bbcolor-188802&#8243; border_style=\u00bbsolid\u00bb shift_y=\u00bb0&#8243; css=\u00bb.vc_custom_1452754635465{border-top-width: 1px !important;border-bottom-width: 1px !important;}\u00bb][vc_column column_width_percent=\u00bb100&#8243; gutter_size=\u00bb3&#8243; override_padding=\u00bbyes\u00bb column_padding=\u00bb0&#8243; overlay_alpha=\u00bb50&#8243; shift_x=\u00bb0&#8243; shift_y=\u00bb0&#8243; z_index=\u00bb0&#8243; medium_width=\u00bb0&#8243; width=\u00bb1\/4&#8243;][vc_gallery el_id=\u00bbgallery-179421&#8243; type=\u00bbcarousel\u00bb medias=\u00bb44929,44930,44931,44932,44933,44934&#8243; carousel_lg=\u00bb1&#8243; carousel_md=\u00bb1&#8243; carousel_sm=\u00bb1&#8243; gutter_size=\u00bb0&#8243; media_items=\u00bbmedia|lightbox|original\u00bb carousel_interval=\u00bb0&#8243; carousel_navspeed=\u00bb700&#8243; carousel_nav=\u00bbyes\u00bb carousel_nav_skin=\u00bbdark\u00bb single_style=\u00bbdark\u00bb single_back_color=\u00bbcolor-trans\u00bb single_overlay_color=\u00bbcolor-trans\u00bb single_overlay_opacity=\u00bb5&#8243; single_image_anim=\u00bbno\u00bb single_padding=\u00bb2&#8243; single_border=\u00bbyes\u00bb][\/vc_column][vc_column column_width_percent=\u00bb100&#8243; gutter_size=\u00bb3&#8243; override_padding=\u00bbyes\u00bb column_padding=\u00bb0&#8243; expand_height=\u00bbyes\u00bb overlay_alpha=\u00bb50&#8243; border_color=\u00bbcolor-188802&#8243; border_style=\u00bbsolid\u00bb shift_x=\u00bb0&#8243; shift_y=\u00bb0&#8243; z_index=\u00bb0&#8243; medium_width=\u00bb0&#8243; width=\u00bb1\/2&#8243; css=\u00bb.vc_custom_1452754578625{border-right-width: 1px !important;border-left-width: 1px !important;padding-top: 10% !important;padding-right: 10% !important;padding-bottom: 10% !important;padding-left: 10% !important;}\u00bb][vc_custom_heading heading_semantic=\u00bbh1&#8243; text_size=\u00bbh1&#8243;]THE BOOK[\/vc_custom_heading][vc_custom_heading heading_semantic=\u00bbh3&#8243; text_size=\u00bbh3&#8243;]DIVE INTO THE HEART OF BIODIVERSITY AND EVOLUTION[\/vc_custom_heading][vc_custom_heading heading_semantic=\u00bbp\u00bb text_size=\u00bbfontsize-22&#8243; text_height=\u00bbfontheight-195888&#8243;]Through hundreds of photographs, Plankton transports readers into the currents, where jeweled chains hang next to phosphorescent chandeliers, spidery claws jut out from sinuous bodies, and gelatinous barrels protect microscopic hearts. The creatures\u2019 vibrant colors pop out against the black pages, allowing readers to examine every eye and follow every tentacle. Jellyfish, tadpoles, and bacteria all find a place in the book, representing the broad scope of organisms dependent on drifting currents.<br \/>\nChristian Sardet\u2019s enlightening text explains the biological underpinnings of each species while connecting them to the larger living world. He begins with plankton\u2019s origins and history, then dives into each group, covering ctenophores and cnidarians, crustaceans and mollusks, worms and tadpoles. He also demonstrates the indisputable impact of plankton in our lives.[\/vc_custom_heading][vc_row_inner][vc_column_inner width=\u00bb1\/2&#8243;][vc_button button_color=\u00bbcolor-wayh\u00bb size=\u00bbbtn-xl\u00bb radius=\u00bbbtn-square\u00bb link=\u00bburl:http%3A%2F%2Fwww.press.uchicago.edu%2Fucp%2Fbooks%2Fbook%2Fchicago%2FP%2Fbo19415930.html||target:%20_blank\u00bb]BUY THE BOOK[\/vc_button][\/vc_column_inner][vc_column_inner column_width_percent=\u00bb100&#8243; position_vertical=\u00bbmiddle\u00bb gutter_size=\u00bb3&#8243; overlay_alpha=\u00bb50&#8243; shift_x=\u00bb0&#8243; shift_y=\u00bb0&#8243; z_index=\u00bb0&#8243; medium_width=\u00bb0&#8243; width=\u00bb1\/2&#8243;][vc_column_text]<em>Also available in <a href=\"https:\/\/www.editions-ulmer.fr\/editions-ulmer\/plancton-aux-origines-du-vivant-prix-du-meilleur-guide-du-monde-sous-marin-2014-362-cl.htm\">French<\/a> <a href=\"https:\/\/www.amazon.com\/Plankton\/dp\/3800103982\">German<\/a> <a href=\"http:\/\/www.kawade.co.jp\/np\/isbn\/9784309253084\/\">Japanese<\/a> and Chinese.<br \/>\n<\/em>[\/vc_column_text][\/vc_column_inner][\/vc_row_inner][vc_single_image media=\u00bb48254&#8243; media_width_percent=\u00bb49&#8243; alignment=\u00bbcenter\u00bb][\/vc_column][vc_column column_width_percent=\u00bb100&#8243; position_horizontal=\u00bbleft\u00bb gutter_size=\u00bb3&#8243; override_padding=\u00bbyes\u00bb column_padding=\u00bb0&#8243; overlay_alpha=\u00bb50&#8243; shift_x=\u00bb0&#8243; shift_y=\u00bb0&#8243; z_index=\u00bb0&#8243; medium_width=\u00bb0&#8243; width=\u00bb1\/4&#8243; css=\u00bb.vc_custom_1452754610707{padding-top: 10% !important;padding-right: 10% !important;padding-bottom: 10% !important;padding-left: 10% !important;}\u00bb][vc_single_image media=\u00bb45073&#8243; media_width_use_pixel=\u00bbyes\u00bb media_width_pixel=\u00bb200&#8243;][vc_column_text]<span style=\"color: #fdbe76;\">\u00abPlankton: Wonders of the Drifting World\u00bb was awarded \u00abBest Underwater World Publication\u00bb by the World Festival of Underwater Images (Marseille 2014)<\/span>[\/vc_column_text][vc_empty_space empty_h=\u00bb3&#8243;][vc_column_text]QR codes inserted in the chapters of the book provide access to \u00abPlankton Chronicles\u00bb videos for total immersion.[\/vc_column_text][vc_column_text]<strong>Plankton: Wonders of the Drifting World<br \/>\n<\/strong><br \/>\nUniversity of Chicago Press (May 2015)<br \/>\n550 photos, 224 pages,<br \/>\nFormat 24 x 32 cm<br \/>\nHardcover, list price: <strong>$ 45<\/strong><br \/>\nEbook: $ 27<br \/>\nRelease date: October 2013[\/vc_column_text][\/vc_column][\/vc_row][vc_row unlock_row_content=\u00bbyes\u00bb row_height_percent=\u00bb0&#8243; override_padding=\u00bbyes\u00bb h_padding=\u00bb0&#8243; top_padding=\u00bb0&#8243; bottom_padding=\u00bb0&#8243; overlay_alpha=\u00bb50&#8243; gutter_size=\u00bb0&#8243; shift_y=\u00bb0&#8243;][vc_column column_width_percent=\u00bb100&#8243; gutter_size=\u00bb3&#8243; override_padding=\u00bbyes\u00bb column_padding=\u00bb0&#8243; overlay_alpha=\u00bb50&#8243; border_color=\u00bbcolor-188802&#8243; border_style=\u00bbsolid\u00bb shift_x=\u00bb0&#8243; shift_y=\u00bb0&#8243; z_index=\u00bb0&#8243; medium_width=\u00bb0&#8243; width=\u00bb2\/3&#8243; css=\u00bb.vc_custom_1452755429480{border-right-width: 1px !important;padding-top: 10% !important;padding-right: 10% !important;padding-bottom: 10% !important;padding-left: 10% !important;}\u00bb][vc_column_text]<\/p>\n<h4>\u00abFilled with more than five hundred close-ups of jewel-like diatoms and gelatinous comb jellies, each accompanied by a condensed history and biography, the book is a long overdue introduction to the oceans\u2019 ninety-eight percent.\u00bb<\/h4>\n<p class=\"p1\"><b>New Yorker<\/b><\/p>\n<p>[\/vc_column_text][vc_column_text]<\/p>\n<h4 class=\"p1\"><span class=\"s1\">\u00abIt\u2019s the catalog of a mission that has revealed just how diverse and gorgeous the lowly plankton can be, and how indispensable they are to life on Earth.\u00bb<\/span><\/h4>\n<p class=\"p1\"><span class=\"s1\"><strong>Wired\u00a0<\/strong><\/span><\/p>\n<p>[\/vc_column_text][vc_column_text]<\/p>\n<h4 class=\"p1\"><span class=\"s1\">\u00abStriking close-up photos and micrographs take center stage . . . revealing the dazzling diversity of these tiny creatures\u2014from microscopic unicellular organisms to complex crustaceans.\u00bb<\/span><\/h4>\n<p class=\"p1\"><span class=\"s1\"><strong>Science<\/strong><\/span><\/p>\n<p>[\/vc_column_text][vc_column_text]<\/p>\n<h4 class=\"p1\"><span class=\"s1\">\u00abIn this beautiful book, marine scientist Christian Sardet shows that tiny plankton, not enormous blue whales, are the real stars of the ocean.\u00bb<\/span><\/h4>\n<p class=\"p1\"><span class=\"s1\"><strong>Nature<\/strong><\/span><\/p>\n<p>[\/vc_column_text][vc_column_text]<\/p>\n<h4 class=\"p1\"><span class=\"s1\">\u00abAn extraordinary new book highlights the remarkable diversity of plankton.\u00bb <\/span><\/h4>\n<p class=\"p1\"><strong>The Guardian<\/strong><\/p>\n<p>[\/vc_column_text][vc_column_text]<\/p>\n<h4 class=\"p1\"><span class=\"s1\">\u00abBeautiful and informative, and written for a broad audience, <i>Plankton: Wonders of the Drifting World<\/i> should be on everyone\u2019s gift list this year.\u00bb<\/span><\/h4>\n<p class=\"p1\"><span class=\"s1\"><strong>Oceanography<\/strong><\/span><\/p>\n<p>[\/vc_column_text][\/vc_column][vc_column column_width_percent=\u00bb100&#8243; gutter_size=\u00bb3&#8243; override_padding=\u00bbyes\u00bb column_padding=\u00bb0&#8243; overlay_alpha=\u00bb50&#8243; shift_x=\u00bb0&#8243; shift_y=\u00bb0&#8243; z_index=\u00bb0&#8243; medium_width=\u00bb0&#8243; width=\u00bb1\/3&#8243; css=\u00bb.vc_custom_1452755615897{padding-top: 15% !important;padding-right: 15% !important;padding-bottom: 15% !important;padding-left: 15% !important;}\u00bb][vc_single_image media=\u00bb44936&#8243; caption=\u00bbyes\u00bb media_width_percent=\u00bb100&#8243; alignment=\u00bbcenter\u00bb][vc_custom_heading text_font=\u00bbfont-762333&#8243; text_weight=\u00bb100&#8243; text_transform=\u00bbuppercase\u00bb text_height=\u00bbfontheight-179065&#8243; text_color=\u00bbaccent\u00bb sub_reduced=\u00bbyes\u00bb subheading=\u00bbTHE AUTHOR\u00bb]Christian Sardet[\/vc_custom_heading][vc_column_text]Christian Sardet obtained a biochemical engineering degree from l\u2019INSA (Lyon, France) and a PhD from the University of California, Berkeley. He is a founder of the Laboratory of Cell Biology at the Marine Station of Villefranche-sur-Mer, IMEV, Centre National de la Recherche Scientifique (CNRS) and Sorbonne Universit\u00e9.<\/p>\n<p>Presently emeritus research director at the CNRS, Christian Sardet is the author of numerous scientific publications on the cell and molecular biology of fertilization and development of embryos, and more recently on plankton. He is the recipient of the <em>Grand Prix des Sciences de la Mer<\/em> from the French Academy of Sciences. Creator of award-winning documentaries, animated films and DVDs, Christian received the European Award for Communication in Life Sciences from the European Molecular Biology Organization (EMBO).<\/p>\n<p>Christian Sardet was a co-founder and one of the scientific coordinators of the <em>Tara Oceans<\/em> expedition, devoted to a global study of plankton in all the oceans of the world.<\/p>\n<p>The \u00ab Plankton Chronicles \u00bb project was made to accompany the expedition. Initiated with CNRS Images (V\u00e9ronique Kleiner, Catherine Balladur) the project continues today with No\u00e9 Sardet and Sharif Mirshak (Parafilms).[\/vc_column_text][vc_button button_color=\u00bbaccent\u00bb size=\u00bbbtn-sm\u00bb border_animation=\u00bbbtn-ripple-in\u00bb outline=\u00bbyes\u00bb border_width=\u00bb0&#8243; link=\u00bburl:http%3A%2F%2Fplanktonchronicles.org%2Fen%2Fcontact%2F\u00bb icon=\u00bbfa fa-envelope-o\u00bb]Contact us[\/vc_button][\/vc_column][\/vc_row][vc_row unlock_row_content=\u00bbyes\u00bb row_height_percent=\u00bb0&#8243; override_padding=\u00bbyes\u00bb h_padding=\u00bb0&#8243; top_padding=\u00bb0&#8243; bottom_padding=\u00bb0&#8243; overlay_alpha=\u00bb50&#8243; gutter_size=\u00bb0&#8243; shift_y=\u00bb0&#8243; desktop_visibility=\u00bbyes\u00bb medium_visibility=\u00bbyes\u00bb mobile_visibility=\u00bbyes\u00bb][vc_column width=\u00bb1\/1&#8243;][vc_gallery el_id=\u00bbgallery-317735&#8243; type=\u00bbcarousel\u00bb medias=\u00bb45076,45077,45078&#8243; carousel_lg=\u00bb1&#8243; carousel_md=\u00bb1&#8243; carousel_sm=\u00bb1&#8243; gutter_size=\u00bb3&#8243; media_items=\u00bbmedia|lightbox|original\u00bb carousel_interval=\u00bb0&#8243; carousel_navspeed=\u00bb400&#8243; carousel_nav=\u00bbyes\u00bb single_overlay_opacity=\u00bb50&#8243; single_padding=\u00bb2&#8243; single_border=\u00bbyes\u00bb][\/vc_column][\/vc_row]<\/p>\n<\/section>","protected":false},"excerpt":{"rendered":"<p>[vc_row unlock_row_content=\u00bbyes\u00bb row_height_percent=\u00bb0&#8243; override_padding=\u00bbyes\u00bb h_padding=\u00bb0&#8243; top_padding=\u00bb0&#8243; bottom_padding=\u00bb0&#8243; overlay_alpha=\u00bb50&#8243; gutter_size=\u00bb0&#8243; border_color=\u00bbcolor-188802&#8243; border_style=\u00bbsolid\u00bb shift_y=\u00bb0&#8243; css=\u00bb.vc_custom_1452754635465{border-top-width: 1px !important;border-bottom-width: 1px !important;}\u00bb][vc_column column_width_percent=\u00bb100&#8243; gutter_size=\u00bb3&#8243; override_padding=\u00bbyes\u00bb [&hellip;]<\/p>\n","protected":false},"author":2,"featured_media":45692,"parent":0,"menu_order":5,"comment_status":"closed","ping_status":"closed","template":"","meta":{"footnotes":""},"acf":[],"yoast_head":"<!-- This site is optimized with the Yoast SEO plugin v21.5 - https:\/\/yoast.com\/wordpress\/plugins\/seo\/ -->\n<title>The book | Chroniques du Plancton<\/title>\n<meta name=\"description\" content=\"Through hundreds of photographs, Plankton transports readers into the currents, where jeweled chains hang next to phosphorescent chandeliers, spidery claws jut out from sinuous bodies, and gelatinous barrels protect microscopic hearts. The creatures\u2019 vibrant colors pop out against the black pages, allowing readers to examine every eye and follow every tentacle. Jellyfish, tadpoles, and bacteria all find a place in the book, representing the broad scope of organisms dependent on drifting currents.\" \/>\n<meta name=\"robots\" content=\"index, follow, max-snippet:-1, max-image-preview:large, max-video-preview:-1\" \/>\n<link rel=\"canonical\" href=\"https:\/\/planktonchronicles.org\/es\/the-book\/\" \/>\n<meta property=\"og:locale\" content=\"es_ES\" \/>\n<meta property=\"og:type\" content=\"article\" \/>\n<meta property=\"og:title\" content=\"The book | Chroniques du Plancton\" \/>\n<meta property=\"og:description\" content=\"Through hundreds of photographs, Plankton transports readers into the currents, where jeweled chains hang next to phosphorescent chandeliers, spidery claws jut out from sinuous bodies, and gelatinous barrels protect microscopic hearts. The creatures\u2019 vibrant colors pop out against the black pages, allowing readers to examine every eye and follow every tentacle. Jellyfish, tadpoles, and bacteria all find a place in the book, representing the broad scope of organisms dependent on drifting currents.\" \/>\n<meta property=\"og:url\" content=\"https:\/\/planktonchronicles.org\/es\/the-book\/\" \/>\n<meta property=\"og:site_name\" content=\"Chroniques du Plancton\" \/>\n<meta property=\"article:publisher\" content=\"https:\/\/www.facebook.com\/theplanktonchronicles\/?fref=ts\" \/>\n<meta property=\"article:modified_time\" content=\"2021-03-24T10:28:02+00:00\" \/>\n<meta property=\"og:image\" content=\"https:\/\/planktonchronicles.org\/wp-content\/uploads\/2015\/12\/livre1.jpg\" \/>\n\t<meta property=\"og:image:width\" content=\"400\" \/>\n\t<meta property=\"og:image:height\" content=\"525\" \/>\n\t<meta property=\"og:image:type\" content=\"image\/jpeg\" \/>\n<meta name=\"twitter:card\" content=\"summary_large_image\" \/>\n<meta name=\"twitter:site\" content=\"@christiansardet\" \/>\n<meta name=\"twitter:label1\" content=\"Tiempo de lectura\" \/>\n\t<meta name=\"twitter:data1\" content=\"6 minutos\" \/>\n<script type=\"application\/ld+json\" class=\"yoast-schema-graph\">{\"@context\":\"https:\/\/schema.org\",\"@graph\":[{\"@type\":\"WebPage\",\"@id\":\"https:\/\/planktonchronicles.org\/es\/the-book\/\",\"url\":\"https:\/\/planktonchronicles.org\/es\/the-book\/\",\"name\":\"The book | Chroniques du Plancton\",\"isPartOf\":{\"@id\":\"https:\/\/planktonchronicles.org\/en\/#website\"},\"datePublished\":\"2016-01-22T23:29:40+00:00\",\"dateModified\":\"2021-03-24T10:28:02+00:00\",\"description\":\"Through hundreds of photographs, Plankton transports readers into the currents, where jeweled chains hang next to phosphorescent chandeliers, spidery claws jut out from sinuous bodies, and gelatinous barrels protect microscopic hearts. The creatures\u2019 vibrant colors pop out against the black pages, allowing readers to examine every eye and follow every tentacle. Jellyfish, tadpoles, and bacteria all find a place in the book, representing the broad scope of organisms dependent on drifting currents.\",\"breadcrumb\":{\"@id\":\"https:\/\/planktonchronicles.org\/es\/the-book\/#breadcrumb\"},\"inLanguage\":\"es\",\"potentialAction\":[{\"@type\":\"ReadAction\",\"target\":[\"https:\/\/planktonchronicles.org\/es\/the-book\/\"]}]},{\"@type\":\"BreadcrumbList\",\"@id\":\"https:\/\/planktonchronicles.org\/es\/the-book\/#breadcrumb\",\"itemListElement\":[{\"@type\":\"ListItem\",\"position\":1,\"name\":\"Accueil\",\"item\":\"https:\/\/planktonchronicles.org\/es\/\"},{\"@type\":\"ListItem\",\"position\":2,\"name\":\"The book\"}]},{\"@type\":\"WebSite\",\"@id\":\"https:\/\/planktonchronicles.org\/en\/#website\",\"url\":\"https:\/\/planktonchronicles.org\/en\/\",\"name\":\"Chroniques du Plancton\",\"description\":\"Cette s\u00e9rie de vid\u00e9os et de photos r\u00e9v\u00e8lent la beaut\u00e9 et la diversit\u00e9 des animaux marins qui d\u00e9rivent avec les courants.\",\"publisher\":{\"@id\":\"https:\/\/planktonchronicles.org\/en\/#organization\"},\"potentialAction\":[{\"@type\":\"SearchAction\",\"target\":{\"@type\":\"EntryPoint\",\"urlTemplate\":\"https:\/\/planktonchronicles.org\/en\/?s={search_term_string}\"},\"query-input\":\"required name=search_term_string\"}],\"inLanguage\":\"es\"},{\"@type\":\"Organization\",\"@id\":\"https:\/\/planktonchronicles.org\/en\/#organization\",\"name\":\"Plankton Chronicles\",\"url\":\"https:\/\/planktonchronicles.org\/en\/\",\"logo\":{\"@type\":\"ImageObject\",\"inLanguage\":\"es\",\"@id\":\"https:\/\/planktonchronicles.org\/en\/#\/schema\/logo\/image\/\",\"url\":\"http:\/\/planktonchronicles.org\/wp-content\/uploads\/2016\/01\/3__Larve_de_crustace_C_Sardet_1.png\",\"contentUrl\":\"http:\/\/planktonchronicles.org\/wp-content\/uploads\/2016\/01\/3__Larve_de_crustace_C_Sardet_1.png\",\"width\":800,\"height\":586,\"caption\":\"Plankton Chronicles\"},\"image\":{\"@id\":\"https:\/\/planktonchronicles.org\/en\/#\/schema\/logo\/image\/\"},\"sameAs\":[\"https:\/\/www.facebook.com\/theplanktonchronicles\/?fref=ts\",\"https:\/\/twitter.com\/christiansardet\",\"https:\/\/www.instagram.com\/christiansardet\/\"]}]}<\/script>\n<!-- \/ Yoast SEO plugin. -->","yoast_head_json":{"title":"The book | Chroniques du Plancton","description":"Through hundreds of photographs, Plankton transports readers into the currents, where jeweled chains hang next to phosphorescent chandeliers, spidery claws jut out from sinuous bodies, and gelatinous barrels protect microscopic hearts. The creatures\u2019 vibrant colors pop out against the black pages, allowing readers to examine every eye and follow every tentacle. Jellyfish, tadpoles, and bacteria all find a place in the book, representing the broad scope of organisms dependent on drifting currents.","robots":{"index":"index","follow":"follow","max-snippet":"max-snippet:-1","max-image-preview":"max-image-preview:large","max-video-preview":"max-video-preview:-1"},"canonical":"https:\/\/planktonchronicles.org\/es\/the-book\/","og_locale":"es_ES","og_type":"article","og_title":"The book | Chroniques du Plancton","og_description":"Through hundreds of photographs, Plankton transports readers into the currents, where jeweled chains hang next to phosphorescent chandeliers, spidery claws jut out from sinuous bodies, and gelatinous barrels protect microscopic hearts. The creatures\u2019 vibrant colors pop out against the black pages, allowing readers to examine every eye and follow every tentacle. Jellyfish, tadpoles, and bacteria all find a place in the book, representing the broad scope of organisms dependent on drifting currents.","og_url":"https:\/\/planktonchronicles.org\/es\/the-book\/","og_site_name":"Chroniques du Plancton","article_publisher":"https:\/\/www.facebook.com\/theplanktonchronicles\/?fref=ts","article_modified_time":"2021-03-24T10:28:02+00:00","og_image":[{"width":400,"height":525,"url":"https:\/\/planktonchronicles.org\/wp-content\/uploads\/2015\/12\/livre1.jpg","type":"image\/jpeg"}],"twitter_card":"summary_large_image","twitter_site":"@christiansardet","twitter_misc":{"Tiempo de lectura":"6 minutos"},"schema":{"@context":"https:\/\/schema.org","@graph":[{"@type":"WebPage","@id":"https:\/\/planktonchronicles.org\/es\/the-book\/","url":"https:\/\/planktonchronicles.org\/es\/the-book\/","name":"The book | Chroniques du Plancton","isPartOf":{"@id":"https:\/\/planktonchronicles.org\/en\/#website"},"datePublished":"2016-01-22T23:29:40+00:00","dateModified":"2021-03-24T10:28:02+00:00","description":"Through hundreds of photographs, Plankton transports readers into the currents, where jeweled chains hang next to phosphorescent chandeliers, spidery claws jut out from sinuous bodies, and gelatinous barrels protect microscopic hearts. The creatures\u2019 vibrant colors pop out against the black pages, allowing readers to examine every eye and follow every tentacle. Jellyfish, tadpoles, and bacteria all find a place in the book, representing the broad scope of organisms dependent on drifting currents.","breadcrumb":{"@id":"https:\/\/planktonchronicles.org\/es\/the-book\/#breadcrumb"},"inLanguage":"es","potentialAction":[{"@type":"ReadAction","target":["https:\/\/planktonchronicles.org\/es\/the-book\/"]}]},{"@type":"BreadcrumbList","@id":"https:\/\/planktonchronicles.org\/es\/the-book\/#breadcrumb","itemListElement":[{"@type":"ListItem","position":1,"name":"Accueil","item":"https:\/\/planktonchronicles.org\/es\/"},{"@type":"ListItem","position":2,"name":"The book"}]},{"@type":"WebSite","@id":"https:\/\/planktonchronicles.org\/en\/#website","url":"https:\/\/planktonchronicles.org\/en\/","name":"Chroniques du Plancton","description":"Cette s\u00e9rie de vid\u00e9os et de photos r\u00e9v\u00e8lent la beaut\u00e9 et la diversit\u00e9 des animaux marins qui d\u00e9rivent avec les courants.","publisher":{"@id":"https:\/\/planktonchronicles.org\/en\/#organization"},"potentialAction":[{"@type":"SearchAction","target":{"@type":"EntryPoint","urlTemplate":"https:\/\/planktonchronicles.org\/en\/?s={search_term_string}"},"query-input":"required name=search_term_string"}],"inLanguage":"es"},{"@type":"Organization","@id":"https:\/\/planktonchronicles.org\/en\/#organization","name":"Plankton Chronicles","url":"https:\/\/planktonchronicles.org\/en\/","logo":{"@type":"ImageObject","inLanguage":"es","@id":"https:\/\/planktonchronicles.org\/en\/#\/schema\/logo\/image\/","url":"http:\/\/planktonchronicles.org\/wp-content\/uploads\/2016\/01\/3__Larve_de_crustace_C_Sardet_1.png","contentUrl":"http:\/\/planktonchronicles.org\/wp-content\/uploads\/2016\/01\/3__Larve_de_crustace_C_Sardet_1.png","width":800,"height":586,"caption":"Plankton Chronicles"},"image":{"@id":"https:\/\/planktonchronicles.org\/en\/#\/schema\/logo\/image\/"},"sameAs":["https:\/\/www.facebook.com\/theplanktonchronicles\/?fref=ts","https:\/\/twitter.com\/christiansardet","https:\/\/www.instagram.com\/christiansardet\/"]}]}},"_links":{"self":[{"href":"https:\/\/planktonchronicles.org\/es\/wp-json\/wp\/v2\/pages\/47944"}],"collection":[{"href":"https:\/\/planktonchronicles.org\/es\/wp-json\/wp\/v2\/pages"}],"about":[{"href":"https:\/\/planktonchronicles.org\/es\/wp-json\/wp\/v2\/types\/page"}],"author":[{"embeddable":true,"href":"https:\/\/planktonchronicles.org\/es\/wp-json\/wp\/v2\/users\/2"}],"replies":[{"embeddable":true,"href":"https:\/\/planktonchronicles.org\/es\/wp-json\/wp\/v2\/comments?post=47944"}],"version-history":[{"count":8,"href":"https:\/\/planktonchronicles.org\/es\/wp-json\/wp\/v2\/pages\/47944\/revisions"}],"predecessor-version":[{"id":49351,"href":"https:\/\/planktonchronicles.org\/es\/wp-json\/wp\/v2\/pages\/47944\/revisions\/49351"}],"wp:featuredmedia":[{"embeddable":true,"href":"https:\/\/planktonchronicles.org\/es\/wp-json\/wp\/v2\/media\/45692"}],"wp:attachment":[{"href":"https:\/\/planktonchronicles.org\/es\/wp-json\/wp\/v2\/media?parent=47944"}],"curies":[{"name":"wp","href":"https:\/\/api.w.org\/{rel}","templated":true}]}}