{"id":47975,"date":"2016-01-25T13:58:09","date_gmt":"2016-01-25T18:58:09","guid":{"rendered":"http:\/\/planktonchronicles.org\/es\/?page_id=47975"},"modified":"2023-10-26T11:39:08","modified_gmt":"2023-10-26T09:39:08","slug":"home-esp","status":"publish","type":"page","link":"https:\/\/planktonchronicles.org\/es\/","title":{"rendered":"Pagina de Inicio"},"content":{"rendered":"<section class=\"wpb-content-wrapper\"><p>[vc_row unlock_row_content=\u00bbyes\u00bb row_height_percent=\u00bb0&#8243; override_padding=\u00bbyes\u00bb h_padding=\u00bb0&#8243; top_padding=\u00bb0&#8243; bottom_padding=\u00bb0&#8243; overlay_alpha=\u00bb50&#8243; gutter_size=\u00bb3&#8243; shift_y=\u00bb0&#8243;][vc_column width=\u00bb1\/1&#8243;][vc_separator sep_color=\u00bbcolor-188802&#8243;][\/vc_column][\/vc_row][vc_row unlock_row_content=\u00bbyes\u00bb row_height_percent=\u00bb0&#8243; override_padding=\u00bbyes\u00bb h_padding=\u00bb0&#8243; top_padding=\u00bb0&#8243; bottom_padding=\u00bb0&#8243; overlay_alpha=\u00bb50&#8243; gutter_size=\u00bb0&#8243; shift_y=\u00bb0&#8243; el_class=\u00bbslider-fullwidth\u00bb css=\u00bb.vc_custom_1453742950705{padding-top: 4% !important;padding-right: 5% !important;padding-bottom: 5% !important;padding-left: 5% !important;}\u00bb][vc_column column_width_percent=\u00bb100&#8243; align_horizontal=\u00bbalign_center\u00bb gutter_size=\u00bb3&#8243; overlay_alpha=\u00bb50&#8243; shift_x=\u00bb0&#8243; shift_y=\u00bb0&#8243; z_index=\u00bb0&#8243; medium_width=\u00bb0&#8243; width=\u00bb1\/1&#8243;][vc_custom_heading heading_semantic=\u00bbh3&#8243; text_size=\u00bbh3&#8243; text_transform=\u00bbuppercase\u00bb text_height=\u00bbfontheight-578034&#8243; sub_reduced=\u00bbyes\u00bb]<a href=\"https:\/\/planktonchronicles.org\/es\/episodios\/\">\u00a0\u00faltimos episodios<\/a>[\/vc_custom_heading][uncode_index el_id=\u00bbindex-1&#8243; index_type=\u00bbcarousel\u00bb loop=\u00bbsize:12|order_by:date|post_type:portfolio|by_id:-2489&#8243; carousel_lg=\u00bb6&#8243; carousel_md=\u00bb3&#8243; carousel_sm=\u00bb2&#8243; thumb_size=\u00bbone-one\u00bb gutter_size=\u00bb2&#8243; post_items=\u00bbtitle,media|featured|onpost,category\u00bb page_items=\u00bbtitle,media,text,category\u00bb product_items=\u00bbtitle,media,text,category,price\u00bb portfolio_items=\u00bbmedia|featured|onpost|original,title,icon\u00bb carousel_height=\u00bbequal\u00bb carousel_type=\u00bbfade\u00bb carousel_interval=\u00bb0&#8243; carousel_navspeed=\u00bb1000&#8243; carousel_nav=\u00bbyes\u00bb carousel_nav_skin=\u00bbdark\u00bb single_style=\u00bbdark\u00bb single_overlay_opacity=\u00bb1&#8243; single_overlay_anim=\u00bbno\u00bb single_image_color_anim=\u00bbyes\u00bb single_h_align=\u00bbcenter\u00bb single_h_align_mobile=\u00bbcenter\u00bb single_padding=\u00bb1&#8243; single_text_reduced=\u00bbyes\u00bb single_title_family=\u00bbfont-762333&#8243; single_title_dimension=\u00bbh4&#8243; single_title_weight=\u00bb100&#8243; single_title_transform=\u00bbuppercase\u00bb single_border=\u00bbyes\u00bb single_css_animation=\u00bbzoom-in\u00bb single_animation_speed=\u00bb1000&#8243; filtering_menu=\u00bbinline\u00bb single_block_click=\u00bbyes\u00bb single_text_hover=\u00bbyes\u00bb single_no_background=\u00bbyes\u00bb single_title_serif=\u00bb\u00bb single_title_divider=\u00bb\u00bb single_half_padding=\u00bbyes\u00bb single_title_bold=\u00bbyes\u00bb footer_position=\u00bbleft\u00bb carousel_rtl=\u00bb\u00bb single_icon=\u00bbfa fa-play\u00bb filtering_transform=\u00bbuppercase\u00bb items=\u00bbe30=\u00bb el_class=\u00bbslider-fullwidth\u00bb][\/vc_column][\/vc_row][vc_row unlock_row_content=\u00bbyes\u00bb row_height_percent=\u00bb0&#8243; override_padding=\u00bbyes\u00bb h_padding=\u00bb0&#8243; top_padding=\u00bb0&#8243; bottom_padding=\u00bb0&#8243; overlay_alpha=\u00bb50&#8243; gutter_size=\u00bb3&#8243; shift_y=\u00bb0&#8243;][vc_column width=\u00bb1\/1&#8243;][vc_separator sep_color=\u00bbcolor-188802&#8243;][\/vc_column][\/vc_row][vc_row unlock_row_content=\u00bbyes\u00bb row_height_percent=\u00bb0&#8243; override_padding=\u00bbyes\u00bb h_padding=\u00bb0&#8243; top_padding=\u00bb0&#8243; bottom_padding=\u00bb0&#8243; overlay_alpha=\u00bb50&#8243; equal_height=\u00bbyes\u00bb gutter_size=\u00bb0&#8243; shift_y=\u00bb0&#8243;][vc_column column_width_percent=\u00bb100&#8243; position_horizontal=\u00bbleft\u00bb gutter_size=\u00bb3&#8243; override_padding=\u00bbyes\u00bb column_padding=\u00bb0&#8243; expand_height=\u00bbyes\u00bb overlay_alpha=\u00bb50&#8243; border_color=\u00bbcolor-188802&#8243; border_style=\u00bbsolid\u00bb shift_x=\u00bb0&#8243; shift_y=\u00bb0&#8243; z_index=\u00bb0&#8243; medium_width=\u00bb0&#8243; css_animation=\u00bbalpha-anim\u00bb width=\u00bb1\/2&#8243; css=\u00bb.vc_custom_1452725114233{border-right-width: 1px !important;padding-top: 10% !important;padding-right: 10% !important;padding-bottom: 10% !important;padding-left: 10% !important;}\u00bb][vc_custom_heading heading_semantic=\u00bbh3&#8243; text_size=\u00bbh3&#8243;]Sobre el proyecto[\/vc_custom_heading][vc_column_text]<\/p>\n<div class=\"apropos-titre\" style=\"width: 80%;\">\n<h4>El Proyecto Cr\u00f3nicas del Plancton es una serie documental que combina el arte y la ciencia, revela la belleza y la diversidad de los organismos que viajan a la deriva de las corrientes.<\/h4>\n<\/div>\n<div class=\"fb-like alignright\" style=\"width: 20%;\" data-href=\"https:\/\/facebook.com\/theplanktonchronicles\" data-layout=\"box_count\" data-action=\"like\" data-show-faces=\"false\" data-share=\"true\"><\/div>\n<p>[\/vc_column_text][vc_column_text]<\/p>\n<p style=\"text-align: left;\">El proyecto \u00abCr\u00f3nicas del plancton\u00bb ha sido realizado en el cuadro de la Expedici\u00f3n Tara oc\u00e9anos y del Observatorio Oceanol\u00f3gico de Villefranchesur- mer (OOV).\u00a0Christian Sardet, Director del estudio del CNRS, concluy\u00f3 la serie con Veronique Kleiner y Catherine Balladur de la CNRS Images (Meudon). Cuatro episodios (plankton, Pt\u00e9ropodes, Pleurobrachia, Embriones y Larvas) han sido producidos por CNRS Images, y el resto por Christian Sardet \/ OOV \/ CNRS C\u00f4te-d&#8217;Azur.<\/p>\n<p>[\/vc_column_text][vc_button button_color=\u00bbaccent\u00bb size=\u00bbbtn-sm\u00bb outline=\u00bbyes\u00bb link=\u00bburl:http%3A%2F%2Fplanktonchronicles.org%2Fes%2Fel-proyecto%2F||\u00bb]Leer m\u00e1s[\/vc_button][\/vc_column][vc_column column_width_percent=\u00bb100&#8243; gutter_size=\u00bb3&#8243; override_padding=\u00bbyes\u00bb column_padding=\u00bb0&#8243; overlay_alpha=\u00bb50&#8243; shift_x=\u00bb0&#8243; shift_y=\u00bb0&#8243; z_index=\u00bb0&#8243; medium_width=\u00bb0&#8243; css_animation=\u00bbalpha-anim\u00bb width=\u00bb1\/2&#8243; css=\u00bb.vc_custom_1452725103551{padding-top: 10% !important;padding-right: 10% !important;padding-bottom: 10% !important;padding-left: 10% !important;}\u00bb][vc_row_inner row_inner_height_percent=\u00bb0&#8243; overlay_alpha=\u00bb50&#8243; gutter_size=\u00bb2&#8243; shift_y=\u00bb0&#8243; limit_content=\u00bb\u00bb][vc_column_inner width=\u00bb1\/2&#8243;][vc_single_image media=\u00bb44929&#8243; media_width_use_pixel=\u00bbyes\u00bb advanced=\u00bbyes\u00bb media_text=\u00bbunder\u00bb media_overlay_color=\u00bbaccent\u00bb media_overlay_opacity=\u00bb1&#8243; media_overlay_anim=\u00bbno\u00bb media_text_anim=\u00bbno\u00bb media_image_anim=\u00bbno\u00bb media_padding=\u00bb2&#8243; media_width_pixel=\u00bb300&#8243; media_link=\u00bburl:http%3A%2F%2Fplanktonchronicles.org%2Fes%2Fthe-book%2F\u00bb el_class=\u00bbborder-inside-303030&#8243;][vc_empty_space empty_h=\u00bb1&#8243;][\/vc_column_inner][vc_column_inner width=\u00bb1\/2&#8243;][vc_custom_heading heading_semantic=\u00bbh3&#8243; text_size=\u00bbh3&#8243;]El libro[\/vc_custom_heading][vc_column_text]<\/p>\n<h4>DIVE INTO THE HEART OF BIODIVERSITY AND EVOLUTION<\/h4>\n<p>Through hundreds of photographs, Plankton transports readers into the currents, where jeweled chains hang next to phosphorescent chandeliers, spidery claws jut out from sinuous bodies, and gelatinous barrels protect microscopic hearts&#8230;[\/vc_column_text][vc_button button_color=\u00bbaccent\u00bb size=\u00bbbtn-sm\u00bb outline=\u00bbyes\u00bb border_width=\u00bb0&#8243; link=\u00bburl:http%3A%2F%2Fplanktonchronicles.org%2Fes%2Fthe-book%2F\u00bb]Leer m\u00e1s[\/vc_button][\/vc_column_inner][\/vc_row_inner][\/vc_column][\/vc_row][vc_row unlock_row_content=\u00bbyes\u00bb row_height_percent=\u00bb0&#8243; override_padding=\u00bbyes\u00bb h_padding=\u00bb0&#8243; top_padding=\u00bb0&#8243; bottom_padding=\u00bb0&#8243; overlay_alpha=\u00bb50&#8243; gutter_size=\u00bb3&#8243; shift_y=\u00bb0&#8243;][vc_column column_width_percent=\u00bb100&#8243; gutter_size=\u00bb3&#8243; overlay_alpha=\u00bb50&#8243; shift_x=\u00bb0&#8243; shift_y=\u00bb0&#8243; z_index=\u00bb0&#8243; medium_width=\u00bb0&#8243; css_animation=\u00bbalpha-anim\u00bb width=\u00bb1\/1&#8243;][vc_separator sep_color=\u00bbcolor-188802&#8243;][\/vc_column][\/vc_row][vc_row unlock_row_content=\u00bbyes\u00bb row_height_percent=\u00bb0&#8243; override_padding=\u00bbyes\u00bb h_padding=\u00bb0&#8243; top_padding=\u00bb0&#8243; bottom_padding=\u00bb0&#8243; overlay_alpha=\u00bb50&#8243; gutter_size=\u00bb3&#8243; shift_y=\u00bb0&#8243; el_class=\u00bbpadding-5&#8243;][vc_column column_width_percent=\u00bb100&#8243; position_horizontal=\u00bbleft\u00bb gutter_size=\u00bb3&#8243; override_padding=\u00bbyes\u00bb column_padding=\u00bb0&#8243; overlay_alpha=\u00bb50&#8243; shift_x=\u00bb0&#8243; shift_y=\u00bb0&#8243; z_index=\u00bb0&#8243; medium_width=\u00bb0&#8243; css_animation=\u00bbalpha-anim\u00bb width=\u00bb1\/2&#8243;][vc_column_text el_class=\u00bbsmall\u00bb]La serie Cr\u00f3nicas del Plancton fue creada por Christian Sardet (CNRS), Sharif Mirshak\u00a0 y No\u00e9 Sardet (Parafilms) para la Expedici\u00f3n Tara Oceans y el Observatorio Oceanogr\u00e1fico de Villefranche-sur-Mer (CNRS \/ UPMC). La serie est\u00e1 apoyada financieramente por el CNRS (INSB \/ INEE),\u00a0 IBISA, Sorbonne Universit\u00e9 \/\u00a0 Ville de Nice.[\/vc_column_text][\/vc_column][vc_column column_width_percent=\u00bb100&#8243; gutter_size=\u00bb3&#8243; overlay_alpha=\u00bb50&#8243; shift_x=\u00bb0&#8243; shift_y=\u00bb0&#8243; z_index=\u00bb0&#8243; medium_width=\u00bb0&#8243; css_animation=\u00bbalpha-anim\u00bb animation_delay=\u00bb200&#8243; width=\u00bb1\/2&#8243;][vc_gallery el_id=\u00bbgallery-159550&#8243; type=\u00bbcarousel\u00bb medias=\u00bb49362,49367,49371,46178,46181,49375&#8243; carousel_lg=\u00bb7&#8243; carousel_md=\u00bb7&#8243; carousel_sm=\u00bb4&#8243; gutter_size=\u00bb3&#8243; media_items=\u00bbmedia|custom_link|original\u00bb carousel_height=\u00bbequal\u00bb carousel_interval=\u00bb3000&#8243; carousel_navspeed=\u00bb400&#8243; stage_padding=\u00bb0&#8243; single_text=\u00bbunder\u00bb single_overlay_color=\u00bbcolor-jevc\u00bb single_overlay_opacity=\u00bb1&#8243; single_padding=\u00bb2&#8243; single_border=\u00bbyes\u00bb items=\u00bbeyI0NjE5MF9pIjp7InNpbmdsZV9saW5rIjoidXJsOmh0dHAlM0ElMkYlMkZvY2VhbnMudGFyYWV4cGVkaXRpb25zLm9yZyUyRnx8dGFyZ2V0OiUyMF9ibGFuayJ9LCI0NjE4N19pIjp7InNpbmdsZV9saW5rIjoidXJsOmh0dHAlM0ElMkYlMkZ3d3cucGFyYWZpbG1zLmNvbSUyRnx8dGFyZ2V0OiUyMF9ibGFuayJ9LCI0NjE4NF9pIjp7InNpbmdsZV9saW5rIjoidXJsOmh0dHAlM0ElMkYlMkZ3d3cub2JzLXZsZnIuZnIlMkZ8fHRhcmdldDolMjBfYmxhbmsifSwiNDYxNzhfaSI6eyJzaW5nbGVfbGluayI6InVybDpodHRwcyUzQSUyRiUyRnd3dy5jbnJzLmZyJTJGZW58dGFyZ2V0Ol9ibGFuayJ9LCI0NjE4MV9pIjp7InNpbmdsZV9saW5rIjoidXJsOmh0dHAlM0ElMkYlMkZ3d3cuaWJpc2EubmV0JTJGfHx0YXJnZXQ6JTIwX2JsYW5rIn0sIjQ2MTk2X2kiOnsic2luZ2xlX2xheW91dCI6Im1lZGlhfGN1c3RvbV9saW5rfG9yaWdpbmFsIiwic2luZ2xlX2xpbmsiOiJ1cmw6aHR0cCUzQSUyRiUyRnd3dy51cG1jLmZyJTJGfHx0YXJnZXQ6JTIwX2JsYW5rIn0sIjQ2MTkzX2kiOnsic2luZ2xlX2xpbmsiOiJ1cmw6aHR0cCUzQSUyRiUyRnd3dy50b250b24uY2ElMkZ8fHRhcmdldDolMjBfYmxhbmsifSwiNDkzNjJfaSI6eyJzaW5nbGVfbGluayI6InVybDpodHRwcyUzQSUyRiUyRmZvbmRhdGlvbnRhcmFvY2Vhbi5vcmclMkZlbiUyRnx0YXJnZXQ6X2JsYW5rIn0sIjQ5MzY3X2kiOnsic2luZ2xlX2xpbmsiOiJ1cmw6aHR0cHMlM0ElMkYlMkZ3d3cucGFyYWZpbG1zLmNvbSUyRnx0YXJnZXQ6X2JsYW5rIn0sIjQ5MzcxX2kiOnsic2luZ2xlX2xpbmsiOiJ1cmw6aHR0cHMlM0ElMkYlMkZ3d3cuaW1ldi1tZXIuZnIlMkZ8dGFyZ2V0Ol9ibGFuayJ9LCI0OTM3NV9pIjp7InNpbmdsZV9saW5rIjoidXJsOmh0dHBzJTNBJTJGJTJGaW5zdGl0dXQtb2NlYW4uc29yYm9ubmUtdW5pdmVyc2l0ZS5mciUyRmVufHRhcmdldDpfYmxhbmsifX0=\u00bb][\/vc_column][\/vc_row]<\/p>\n<\/section>","protected":false},"excerpt":{"rendered":"<p>[vc_row unlock_row_content=\u00bbyes\u00bb row_height_percent=\u00bb0&#8243; override_padding=\u00bbyes\u00bb h_padding=\u00bb0&#8243; top_padding=\u00bb0&#8243; bottom_padding=\u00bb0&#8243; overlay_alpha=\u00bb50&#8243; gutter_size=\u00bb3&#8243; shift_y=\u00bb0&#8243;][vc_column width=\u00bb1\/1&#8243;][vc_separator sep_color=\u00bbcolor-188802&#8243;][\/vc_column][\/vc_row][vc_row unlock_row_content=\u00bbyes\u00bb row_height_percent=\u00bb0&#8243; override_padding=\u00bbyes\u00bb h_padding=\u00bb0&#8243; top_padding=\u00bb0&#8243; bottom_padding=\u00bb0&#8243; overlay_alpha=\u00bb50&#8243; gutter_size=\u00bb0&#8243; [&hellip;]<\/p>\n","protected":false},"author":2,"featured_media":0,"parent":0,"menu_order":1,"comment_status":"closed","ping_status":"closed","template":"","meta":{"footnotes":""},"acf":[],"yoast_head":"<!-- This site is optimized with the Yoast SEO plugin v21.5 - https:\/\/yoast.com\/wordpress\/plugins\/seo\/ -->\n<title>Cr\u00f3nicas del Plancton<\/title>\n<meta name=\"description\" content=\"La Serie de v\u00eddeos\u00a0y fotograf\u00edas revelan la diversidad y belleza de los organismos marinos que derivan con las corrientes.\" \/>\n<meta name=\"robots\" content=\"index, follow, max-snippet:-1, max-image-preview:large, max-video-preview:-1\" \/>\n<link rel=\"canonical\" href=\"https:\/\/planktonchronicles.org\/es\/\" \/>\n<meta property=\"og:locale\" content=\"es_ES\" \/>\n<meta property=\"og:type\" content=\"article\" \/>\n<meta property=\"og:title\" content=\"Cr\u00f3nicas del Plancton\" \/>\n<meta property=\"og:description\" content=\"El Proyecto Cr\u00f3nicas del Plancton es una serie documental que combina el arte y la ciencia, revela la belleza y la diversidad de los organismos que viajan a la deriva de las corrientes.\" \/>\n<meta property=\"og:url\" content=\"https:\/\/planktonchronicles.org\/es\/\" \/>\n<meta property=\"og:site_name\" content=\"Chroniques du Plancton\" \/>\n<meta property=\"article:publisher\" content=\"https:\/\/www.facebook.com\/theplanktonchronicles\/?fref=ts\" \/>\n<meta property=\"article:modified_time\" content=\"2023-10-26T09:39:08+00:00\" \/>\n<meta name=\"twitter:card\" content=\"summary_large_image\" \/>\n<meta name=\"twitter:title\" content=\"Cr\u00f3nicas del Plancton\" \/>\n<meta name=\"twitter:description\" content=\"El Proyecto Cr\u00f3nicas del Plancton es una serie documental que combina el arte y la ciencia, revela la belleza y la diversidad de los organismos que viajan a la deriva de las corrientes.\" \/>\n<meta name=\"twitter:image\" content=\"https:\/\/planktonchronicles.org\/wp-content\/uploads\/2015\/12\/plancton_composition-16x9.jpg\" \/>\n<meta name=\"twitter:site\" content=\"@christiansardet\" \/>\n<meta name=\"twitter:label1\" content=\"Tiempo de lectura\" \/>\n\t<meta name=\"twitter:data1\" content=\"6 minutos\" \/>\n<script type=\"application\/ld+json\" class=\"yoast-schema-graph\">{\"@context\":\"https:\/\/schema.org\",\"@graph\":[{\"@type\":\"WebPage\",\"@id\":\"https:\/\/planktonchronicles.org\/es\/\",\"url\":\"https:\/\/planktonchronicles.org\/es\/\",\"name\":\"Cr\u00f3nicas del Plancton\",\"isPartOf\":{\"@id\":\"https:\/\/planktonchronicles.org\/en\/#website\"},\"datePublished\":\"2016-01-25T18:58:09+00:00\",\"dateModified\":\"2023-10-26T09:39:08+00:00\",\"description\":\"La Serie de v\u00eddeos\u00a0y fotograf\u00edas revelan la diversidad y belleza de los organismos marinos que derivan con las corrientes.\",\"breadcrumb\":{\"@id\":\"https:\/\/planktonchronicles.org\/es\/#breadcrumb\"},\"inLanguage\":\"es\",\"potentialAction\":[{\"@type\":\"ReadAction\",\"target\":[\"https:\/\/planktonchronicles.org\/es\/\"]}]},{\"@type\":\"BreadcrumbList\",\"@id\":\"https:\/\/planktonchronicles.org\/es\/#breadcrumb\",\"itemListElement\":[{\"@type\":\"ListItem\",\"position\":1,\"name\":\"Accueil\",\"item\":\"https:\/\/planktonchronicles.org\/es\/\"},{\"@type\":\"ListItem\",\"position\":2,\"name\":\"Pagina de Inicio\"}]},{\"@type\":\"WebSite\",\"@id\":\"https:\/\/planktonchronicles.org\/en\/#website\",\"url\":\"https:\/\/planktonchronicles.org\/en\/\",\"name\":\"Chroniques du Plancton\",\"description\":\"Cette s\u00e9rie de vid\u00e9os et de photos r\u00e9v\u00e8lent la beaut\u00e9 et la diversit\u00e9 des animaux marins qui d\u00e9rivent avec les courants.\",\"publisher\":{\"@id\":\"https:\/\/planktonchronicles.org\/en\/#organization\"},\"potentialAction\":[{\"@type\":\"SearchAction\",\"target\":{\"@type\":\"EntryPoint\",\"urlTemplate\":\"https:\/\/planktonchronicles.org\/en\/?s={search_term_string}\"},\"query-input\":\"required name=search_term_string\"}],\"inLanguage\":\"es\"},{\"@type\":\"Organization\",\"@id\":\"https:\/\/planktonchronicles.org\/en\/#organization\",\"name\":\"Plankton Chronicles\",\"url\":\"https:\/\/planktonchronicles.org\/en\/\",\"logo\":{\"@type\":\"ImageObject\",\"inLanguage\":\"es\",\"@id\":\"https:\/\/planktonchronicles.org\/en\/#\/schema\/logo\/image\/\",\"url\":\"http:\/\/planktonchronicles.org\/wp-content\/uploads\/2016\/01\/3__Larve_de_crustace_C_Sardet_1.png\",\"contentUrl\":\"http:\/\/planktonchronicles.org\/wp-content\/uploads\/2016\/01\/3__Larve_de_crustace_C_Sardet_1.png\",\"width\":800,\"height\":586,\"caption\":\"Plankton Chronicles\"},\"image\":{\"@id\":\"https:\/\/planktonchronicles.org\/en\/#\/schema\/logo\/image\/\"},\"sameAs\":[\"https:\/\/www.facebook.com\/theplanktonchronicles\/?fref=ts\",\"https:\/\/twitter.com\/christiansardet\",\"https:\/\/www.instagram.com\/christiansardet\/\"]}]}<\/script>\n<!-- \/ Yoast SEO plugin. -->","yoast_head_json":{"title":"Cr\u00f3nicas del Plancton","description":"La Serie de v\u00eddeos\u00a0y fotograf\u00edas revelan la diversidad y belleza de los organismos marinos que derivan con las corrientes.","robots":{"index":"index","follow":"follow","max-snippet":"max-snippet:-1","max-image-preview":"max-image-preview:large","max-video-preview":"max-video-preview:-1"},"canonical":"https:\/\/planktonchronicles.org\/es\/","og_locale":"es_ES","og_type":"article","og_title":"Cr\u00f3nicas del Plancton","og_description":"El Proyecto Cr\u00f3nicas del Plancton es una serie documental que combina el arte y la ciencia, revela la belleza y la diversidad de los organismos que viajan a la deriva de las corrientes.","og_url":"https:\/\/planktonchronicles.org\/es\/","og_site_name":"Chroniques du Plancton","article_publisher":"https:\/\/www.facebook.com\/theplanktonchronicles\/?fref=ts","article_modified_time":"2023-10-26T09:39:08+00:00","twitter_card":"summary_large_image","twitter_title":"Cr\u00f3nicas del Plancton","twitter_description":"El Proyecto Cr\u00f3nicas del Plancton es una serie documental que combina el arte y la ciencia, revela la belleza y la diversidad de los organismos que viajan a la deriva de las corrientes.","twitter_image":"https:\/\/planktonchronicles.org\/wp-content\/uploads\/2015\/12\/plancton_composition-16x9.jpg","twitter_site":"@christiansardet","twitter_misc":{"Tiempo de lectura":"6 minutos"},"schema":{"@context":"https:\/\/schema.org","@graph":[{"@type":"WebPage","@id":"https:\/\/planktonchronicles.org\/es\/","url":"https:\/\/planktonchronicles.org\/es\/","name":"Cr\u00f3nicas del Plancton","isPartOf":{"@id":"https:\/\/planktonchronicles.org\/en\/#website"},"datePublished":"2016-01-25T18:58:09+00:00","dateModified":"2023-10-26T09:39:08+00:00","description":"La Serie de v\u00eddeos\u00a0y fotograf\u00edas revelan la diversidad y belleza de los organismos marinos que derivan con las corrientes.","breadcrumb":{"@id":"https:\/\/planktonchronicles.org\/es\/#breadcrumb"},"inLanguage":"es","potentialAction":[{"@type":"ReadAction","target":["https:\/\/planktonchronicles.org\/es\/"]}]},{"@type":"BreadcrumbList","@id":"https:\/\/planktonchronicles.org\/es\/#breadcrumb","itemListElement":[{"@type":"ListItem","position":1,"name":"Accueil","item":"https:\/\/planktonchronicles.org\/es\/"},{"@type":"ListItem","position":2,"name":"Pagina de Inicio"}]},{"@type":"WebSite","@id":"https:\/\/planktonchronicles.org\/en\/#website","url":"https:\/\/planktonchronicles.org\/en\/","name":"Chroniques du Plancton","description":"Cette s\u00e9rie de vid\u00e9os et de photos r\u00e9v\u00e8lent la beaut\u00e9 et la diversit\u00e9 des animaux marins qui d\u00e9rivent avec les courants.","publisher":{"@id":"https:\/\/planktonchronicles.org\/en\/#organization"},"potentialAction":[{"@type":"SearchAction","target":{"@type":"EntryPoint","urlTemplate":"https:\/\/planktonchronicles.org\/en\/?s={search_term_string}"},"query-input":"required name=search_term_string"}],"inLanguage":"es"},{"@type":"Organization","@id":"https:\/\/planktonchronicles.org\/en\/#organization","name":"Plankton Chronicles","url":"https:\/\/planktonchronicles.org\/en\/","logo":{"@type":"ImageObject","inLanguage":"es","@id":"https:\/\/planktonchronicles.org\/en\/#\/schema\/logo\/image\/","url":"http:\/\/planktonchronicles.org\/wp-content\/uploads\/2016\/01\/3__Larve_de_crustace_C_Sardet_1.png","contentUrl":"http:\/\/planktonchronicles.org\/wp-content\/uploads\/2016\/01\/3__Larve_de_crustace_C_Sardet_1.png","width":800,"height":586,"caption":"Plankton Chronicles"},"image":{"@id":"https:\/\/planktonchronicles.org\/en\/#\/schema\/logo\/image\/"},"sameAs":["https:\/\/www.facebook.com\/theplanktonchronicles\/?fref=ts","https:\/\/twitter.com\/christiansardet","https:\/\/www.instagram.com\/christiansardet\/"]}]}},"_links":{"self":[{"href":"https:\/\/planktonchronicles.org\/es\/wp-json\/wp\/v2\/pages\/47975"}],"collection":[{"href":"https:\/\/planktonchronicles.org\/es\/wp-json\/wp\/v2\/pages"}],"about":[{"href":"https:\/\/planktonchronicles.org\/es\/wp-json\/wp\/v2\/types\/page"}],"author":[{"embeddable":true,"href":"https:\/\/planktonchronicles.org\/es\/wp-json\/wp\/v2\/users\/2"}],"replies":[{"embeddable":true,"href":"https:\/\/planktonchronicles.org\/es\/wp-json\/wp\/v2\/comments?post=47975"}],"version-history":[{"count":12,"href":"https:\/\/planktonchronicles.org\/es\/wp-json\/wp\/v2\/pages\/47975\/revisions"}],"predecessor-version":[{"id":49729,"href":"https:\/\/planktonchronicles.org\/es\/wp-json\/wp\/v2\/pages\/47975\/revisions\/49729"}],"wp:attachment":[{"href":"https:\/\/planktonchronicles.org\/es\/wp-json\/wp\/v2\/media?parent=47975"}],"curies":[{"name":"wp","href":"https:\/\/api.w.org\/{rel}","templated":true}]}}