{"id":4315,"date":"2014-12-17T17:38:20","date_gmt":"2014-12-17T16:38:20","guid":{"rendered":"http:\/\/www.undsgn.com\/uncode\/?page_id=4315"},"modified":"2021-04-06T10:56:01","modified_gmt":"2021-04-06T08:56:01","slug":"actualites","status":"publish","type":"page","link":"https:\/\/planktonchronicles.org\/fr\/actualites\/","title":{"rendered":"Actualit\u00e9s"},"content":{"rendered":"<section class=\"wpb-content-wrapper\"><p>[vc_row unlock_row_content=\u00a0\u00bbyes\u00a0\u00bb row_height_percent=\u00a0\u00bb0&Prime; override_padding=\u00a0\u00bbyes\u00a0\u00bb h_padding=\u00a0\u00bb0&Prime; top_padding=\u00a0\u00bb0&Prime; bottom_padding=\u00a0\u00bb0&Prime; overlay_alpha=\u00a0\u00bb100&Prime; gutter_size=\u00a0\u00bb100&Prime; shift_y=\u00a0\u00bb0&Prime; style=\u00a0\u00bbinherited\u00a0\u00bb][vc_column column_width_percent=\u00a0\u00bb100&Prime; align_horizontal=\u00a0\u00bbalign_center\u00a0\u00bb override_padding=\u00a0\u00bbyes\u00a0\u00bb column_padding=\u00a0\u00bb0&Prime; overlay_alpha=\u00a0\u00bb50&Prime; gutter_size=\u00a0\u00bb3&Prime; medium_width=\u00a0\u00bb0&Prime; shift_x=\u00a0\u00bb0&Prime; shift_y=\u00a0\u00bb0&Prime; z_index=\u00a0\u00bb0&Prime; width=\u00a0\u00bb1\/1&Prime;][uncode_index el_id=\u00a0\u00bbindex-5&Prime; isotope_mode=\u00a0\u00bbfitRows\u00a0\u00bb loop=\u00a0\u00bbsize:All|order_by:date|order:DESC|post_type:post|by_id:-4245,-4241,-4193&Prime; gutter_size=\u00a0\u00bb0&Prime; post_items=\u00a0\u00bbmedia|featured|onpost|poster,date,title\u00a0\u00bb screen_lg=\u00a0\u00bb700&Prime; screen_md=\u00a0\u00bb700&Prime; screen_sm=\u00a0\u00bb700&Prime; single_text=\u00a0\u00bboverlay\u00a0\u00bb single_width=\u00a0\u00bb3&Prime; images_size=\u00a0\u00bbone-one\u00a0\u00bb single_overlay_coloration=\u00a0\u00bbbottom_gradient\u00a0\u00bb single_overlay_opacity=\u00a0\u00bb35&Prime; single_text_visible=\u00a0\u00bbyes\u00a0\u00bb single_text_anim_type=\u00a0\u00bbbtt\u00a0\u00bb single_overlay_visible=\u00a0\u00bbyes\u00a0\u00bb single_v_position=\u00a0\u00bbbottom\u00a0\u00bb single_reduced=\u00a0\u00bbthree_quarter\u00a0\u00bb single_padding=\u00a0\u00bb2&Prime; single_text_reduced=\u00a0\u00bbyes\u00a0\u00bb single_title_transform=\u00a0\u00bbuppercase\u00a0\u00bb single_title_dimension=\u00a0\u00bbh2&Prime; single_title_family=\u00a0\u00bbfont-156269&Prime; single_border=\u00a0\u00bbyes\u00a0\u00bb single_css_animation=\u00a0\u00bbzoom-in\u00a0\u00bb single_animation_delay=\u00a0\u00bb200&Prime; footer_position=\u00a0\u00bbleft\u00a0\u00bb single_title_bold=\u00a0\u00bbyes\u00a0\u00bb single_icon=\u00a0\u00bbfa fa-plus2&Prime;][\/vc_column][\/vc_row]<\/p>\n<\/section>","protected":false},"excerpt":{"rendered":"<p>[vc_row unlock_row_content=\u00a0\u00bbyes\u00a0\u00bb row_height_percent=\u00a0\u00bb0&Prime; override_padding=\u00a0\u00bbyes\u00a0\u00bb h_padding=\u00a0\u00bb0&Prime; top_padding=\u00a0\u00bb0&Prime; bottom_padding=\u00a0\u00bb0&Prime; overlay_alpha=\u00a0\u00bb100&Prime; gutter_size=\u00a0\u00bb100&Prime; shift_y=\u00a0\u00bb0&Prime; style=\u00a0\u00bbinherited\u00a0\u00bb][vc_column column_width_percent=\u00a0\u00bb100&Prime; align_horizontal=\u00a0\u00bbalign_center\u00a0\u00bb override_padding=\u00a0\u00bbyes\u00a0\u00bb column_padding=\u00a0\u00bb0&Prime; overlay_alpha=\u00a0\u00bb50&Prime; gutter_size=\u00a0\u00bb3&Prime; medium_width=\u00a0\u00bb0&Prime; shift_x=\u00a0\u00bb0&Prime; shift_y=\u00a0\u00bb0&Prime; [&hellip;]<\/p>\n","protected":false},"author":2,"featured_media":0,"parent":0,"menu_order":3,"comment_status":"open","ping_status":"closed","template":"","meta":{"footnotes":""},"acf":[],"yoast_head":"<!-- This site is optimized with the Yoast SEO plugin v21.5 - https:\/\/yoast.com\/wordpress\/plugins\/seo\/ -->\n<title>Actualit\u00e9s | Chroniques du Plancton<\/title>\n<meta name=\"description\" content=\"Derni\u00e8res nouvelles de la plan\u00e8te Plancton!\" \/>\n<meta name=\"robots\" content=\"index, follow, max-snippet:-1, max-image-preview:large, max-video-preview:-1\" \/>\n<link rel=\"canonical\" href=\"https:\/\/planktonchronicles.org\/fr\/actualites\/\" \/>\n<meta property=\"og:locale\" content=\"fr_FR\" \/>\n<meta property=\"og:type\" content=\"article\" \/>\n<meta property=\"og:title\" content=\"Actualit\u00e9s | Chroniques du Plancton\" \/>\n<meta property=\"og:description\" content=\"Derni\u00e8res nouvelles de la plan\u00e8te Plancton!\" \/>\n<meta property=\"og:url\" content=\"https:\/\/planktonchronicles.org\/fr\/actualites\/\" \/>\n<meta property=\"og:site_name\" content=\"Chroniques du Plancton\" \/>\n<meta property=\"article:publisher\" content=\"https:\/\/www.facebook.com\/theplanktonchronicles\/?fref=ts\" \/>\n<meta property=\"article:modified_time\" content=\"2021-04-06T08:56:01+00:00\" \/>\n<meta name=\"twitter:card\" content=\"summary_large_image\" \/>\n<meta name=\"twitter:site\" content=\"@christiansardet\" \/>\n<meta name=\"twitter:label1\" content=\"Dur\u00e9e de lecture estim\u00e9e\" \/>\n\t<meta name=\"twitter:data1\" content=\"1 minute\" \/>\n<script type=\"application\/ld+json\" class=\"yoast-schema-graph\">{\"@context\":\"https:\/\/schema.org\",\"@graph\":[{\"@type\":\"WebPage\",\"@id\":\"https:\/\/planktonchronicles.org\/fr\/actualites\/\",\"url\":\"https:\/\/planktonchronicles.org\/fr\/actualites\/\",\"name\":\"Actualit\u00e9s | Chroniques du Plancton\",\"isPartOf\":{\"@id\":\"https:\/\/planktonchronicles.org\/en\/#website\"},\"datePublished\":\"2014-12-17T16:38:20+00:00\",\"dateModified\":\"2021-04-06T08:56:01+00:00\",\"description\":\"Derni\u00e8res nouvelles de la plan\u00e8te Plancton!\",\"breadcrumb\":{\"@id\":\"https:\/\/planktonchronicles.org\/fr\/actualites\/#breadcrumb\"},\"inLanguage\":\"fr-FR\",\"potentialAction\":[{\"@type\":\"ReadAction\",\"target\":[\"https:\/\/planktonchronicles.org\/fr\/actualites\/\"]}]},{\"@type\":\"BreadcrumbList\",\"@id\":\"https:\/\/planktonchronicles.org\/fr\/actualites\/#breadcrumb\",\"itemListElement\":[{\"@type\":\"ListItem\",\"position\":1,\"name\":\"Accueil\",\"item\":\"https:\/\/planktonchronicles.org\/fr\/\"},{\"@type\":\"ListItem\",\"position\":2,\"name\":\"Actualit\u00e9s\"}]},{\"@type\":\"WebSite\",\"@id\":\"https:\/\/planktonchronicles.org\/en\/#website\",\"url\":\"https:\/\/planktonchronicles.org\/en\/\",\"name\":\"Chroniques du Plancton\",\"description\":\"Cette s\u00e9rie de vid\u00e9os et de photos r\u00e9v\u00e8lent la beaut\u00e9 et la diversit\u00e9 des animaux marins qui d\u00e9rivent avec les courants.\",\"publisher\":{\"@id\":\"https:\/\/planktonchronicles.org\/en\/#organization\"},\"potentialAction\":[{\"@type\":\"SearchAction\",\"target\":{\"@type\":\"EntryPoint\",\"urlTemplate\":\"https:\/\/planktonchronicles.org\/en\/?s={search_term_string}\"},\"query-input\":\"required name=search_term_string\"}],\"inLanguage\":\"fr-FR\"},{\"@type\":\"Organization\",\"@id\":\"https:\/\/planktonchronicles.org\/en\/#organization\",\"name\":\"Plankton Chronicles\",\"url\":\"https:\/\/planktonchronicles.org\/en\/\",\"logo\":{\"@type\":\"ImageObject\",\"inLanguage\":\"fr-FR\",\"@id\":\"https:\/\/planktonchronicles.org\/en\/#\/schema\/logo\/image\/\",\"url\":\"http:\/\/planktonchronicles.org\/wp-content\/uploads\/2016\/01\/3__Larve_de_crustace_C_Sardet_1.png\",\"contentUrl\":\"http:\/\/planktonchronicles.org\/wp-content\/uploads\/2016\/01\/3__Larve_de_crustace_C_Sardet_1.png\",\"width\":800,\"height\":586,\"caption\":\"Plankton Chronicles\"},\"image\":{\"@id\":\"https:\/\/planktonchronicles.org\/en\/#\/schema\/logo\/image\/\"},\"sameAs\":[\"https:\/\/www.facebook.com\/theplanktonchronicles\/?fref=ts\",\"https:\/\/twitter.com\/christiansardet\",\"https:\/\/www.instagram.com\/christiansardet\/\"]}]}<\/script>\n<!-- \/ Yoast SEO plugin. -->","yoast_head_json":{"title":"Actualit\u00e9s | Chroniques du Plancton","description":"Derni\u00e8res nouvelles de la plan\u00e8te Plancton!","robots":{"index":"index","follow":"follow","max-snippet":"max-snippet:-1","max-image-preview":"max-image-preview:large","max-video-preview":"max-video-preview:-1"},"canonical":"https:\/\/planktonchronicles.org\/fr\/actualites\/","og_locale":"fr_FR","og_type":"article","og_title":"Actualit\u00e9s | Chroniques du Plancton","og_description":"Derni\u00e8res nouvelles de la plan\u00e8te Plancton!","og_url":"https:\/\/planktonchronicles.org\/fr\/actualites\/","og_site_name":"Chroniques du Plancton","article_publisher":"https:\/\/www.facebook.com\/theplanktonchronicles\/?fref=ts","article_modified_time":"2021-04-06T08:56:01+00:00","twitter_card":"summary_large_image","twitter_site":"@christiansardet","twitter_misc":{"Dur\u00e9e de lecture estim\u00e9e":"1 minute"},"schema":{"@context":"https:\/\/schema.org","@graph":[{"@type":"WebPage","@id":"https:\/\/planktonchronicles.org\/fr\/actualites\/","url":"https:\/\/planktonchronicles.org\/fr\/actualites\/","name":"Actualit\u00e9s | Chroniques du Plancton","isPartOf":{"@id":"https:\/\/planktonchronicles.org\/en\/#website"},"datePublished":"2014-12-17T16:38:20+00:00","dateModified":"2021-04-06T08:56:01+00:00","description":"Derni\u00e8res nouvelles de la plan\u00e8te Plancton!","breadcrumb":{"@id":"https:\/\/planktonchronicles.org\/fr\/actualites\/#breadcrumb"},"inLanguage":"fr-FR","potentialAction":[{"@type":"ReadAction","target":["https:\/\/planktonchronicles.org\/fr\/actualites\/"]}]},{"@type":"BreadcrumbList","@id":"https:\/\/planktonchronicles.org\/fr\/actualites\/#breadcrumb","itemListElement":[{"@type":"ListItem","position":1,"name":"Accueil","item":"https:\/\/planktonchronicles.org\/fr\/"},{"@type":"ListItem","position":2,"name":"Actualit\u00e9s"}]},{"@type":"WebSite","@id":"https:\/\/planktonchronicles.org\/en\/#website","url":"https:\/\/planktonchronicles.org\/en\/","name":"Chroniques du Plancton","description":"Cette s\u00e9rie de vid\u00e9os et de photos r\u00e9v\u00e8lent la beaut\u00e9 et la diversit\u00e9 des animaux marins qui d\u00e9rivent avec les courants.","publisher":{"@id":"https:\/\/planktonchronicles.org\/en\/#organization"},"potentialAction":[{"@type":"SearchAction","target":{"@type":"EntryPoint","urlTemplate":"https:\/\/planktonchronicles.org\/en\/?s={search_term_string}"},"query-input":"required name=search_term_string"}],"inLanguage":"fr-FR"},{"@type":"Organization","@id":"https:\/\/planktonchronicles.org\/en\/#organization","name":"Plankton Chronicles","url":"https:\/\/planktonchronicles.org\/en\/","logo":{"@type":"ImageObject","inLanguage":"fr-FR","@id":"https:\/\/planktonchronicles.org\/en\/#\/schema\/logo\/image\/","url":"http:\/\/planktonchronicles.org\/wp-content\/uploads\/2016\/01\/3__Larve_de_crustace_C_Sardet_1.png","contentUrl":"http:\/\/planktonchronicles.org\/wp-content\/uploads\/2016\/01\/3__Larve_de_crustace_C_Sardet_1.png","width":800,"height":586,"caption":"Plankton Chronicles"},"image":{"@id":"https:\/\/planktonchronicles.org\/en\/#\/schema\/logo\/image\/"},"sameAs":["https:\/\/www.facebook.com\/theplanktonchronicles\/?fref=ts","https:\/\/twitter.com\/christiansardet","https:\/\/www.instagram.com\/christiansardet\/"]}]}},"_links":{"self":[{"href":"https:\/\/planktonchronicles.org\/fr\/wp-json\/wp\/v2\/pages\/4315"}],"collection":[{"href":"https:\/\/planktonchronicles.org\/fr\/wp-json\/wp\/v2\/pages"}],"about":[{"href":"https:\/\/planktonchronicles.org\/fr\/wp-json\/wp\/v2\/types\/page"}],"author":[{"embeddable":true,"href":"https:\/\/planktonchronicles.org\/fr\/wp-json\/wp\/v2\/users\/2"}],"replies":[{"embeddable":true,"href":"https:\/\/planktonchronicles.org\/fr\/wp-json\/wp\/v2\/comments?post=4315"}],"version-history":[{"count":8,"href":"https:\/\/planktonchronicles.org\/fr\/wp-json\/wp\/v2\/pages\/4315\/revisions"}],"predecessor-version":[{"id":47910,"href":"https:\/\/planktonchronicles.org\/fr\/wp-json\/wp\/v2\/pages\/4315\/revisions\/47910"}],"wp:attachment":[{"href":"https:\/\/planktonchronicles.org\/fr\/wp-json\/wp\/v2\/media?parent=4315"}],"curies":[{"name":"wp","href":"https:\/\/api.w.org\/{rel}","templated":true}]}}