{"id":44772,"date":"2015-12-16T01:40:20","date_gmt":"2015-12-16T00:40:20","guid":{"rendered":"http:\/\/planktonchronicles.org\/?page_id=44772"},"modified":"2023-10-12T14:01:50","modified_gmt":"2023-10-12T12:01:50","slug":"le-projet","status":"publish","type":"page","link":"https:\/\/planktonchronicles.org\/fr\/le-projet\/","title":{"rendered":"Le Projet"},"content":{"rendered":"<section class=\"wpb-content-wrapper\"><p>[vc_row unlock_row_content=\u00a0\u00bbyes\u00a0\u00bb row_height_percent=\u00a0\u00bb0&Prime; override_padding=\u00a0\u00bbyes\u00a0\u00bb h_padding=\u00a0\u00bb0&Prime; top_padding=\u00a0\u00bb0&Prime; bottom_padding=\u00a0\u00bb0&Prime; overlay_alpha=\u00a0\u00bb50&Prime; gutter_size=\u00a0\u00bb0&Prime; shift_y=\u00a0\u00bb0&Prime;][vc_column width=\u00a0\u00bb1\/1&Prime;][vc_separator sep_color=\u00a0\u00bbcolor-188802&Prime;][\/vc_column][\/vc_row][vc_row unlock_row_content=\u00a0\u00bbyes\u00a0\u00bb row_height_percent=\u00a0\u00bb0&Prime; override_padding=\u00a0\u00bbyes\u00a0\u00bb h_padding=\u00a0\u00bb0&Prime; top_padding=\u00a0\u00bb0&Prime; bottom_padding=\u00a0\u00bb0&Prime; overlay_alpha=\u00a0\u00bb50&Prime; gutter_size=\u00a0\u00bb0&Prime; border_color=\u00a0\u00bbcolor-188802&Prime; border_style=\u00a0\u00bbsolid\u00a0\u00bb shift_y=\u00a0\u00bb0&Prime;][vc_column column_width_percent=\u00a0\u00bb100&Prime; position_vertical=\u00a0\u00bbmiddle\u00a0\u00bb gutter_size=\u00a0\u00bb3&Prime; override_padding=\u00a0\u00bbyes\u00a0\u00bb column_padding=\u00a0\u00bb0&Prime; overlay_alpha=\u00a0\u00bb50&Prime; shift_x=\u00a0\u00bb0&Prime; shift_y=\u00a0\u00bb0&Prime; z_index=\u00a0\u00bb0&Prime; medium_width=\u00a0\u00bb0&Prime; width=\u00a0\u00bb1\/2&Prime; css=\u00a0\u00bb.vc_custom_1453241042490{padding-top: 10% !important;padding-right: 10% !important;padding-bottom: 10% !important;padding-left: 10% !important;}\u00a0\u00bb][vc_custom_heading heading_semantic=\u00a0\u00bbp\u00a0\u00bb text_font=\u00a0\u00bbfont-762333&Prime; text_size=\u00a0\u00bbfontsize-103075&Prime; text_weight=\u00a0\u00bb100&Prime; text_height=\u00a0\u00bbfontheight-179065&Prime;]La s\u00e9rie \u00ab\u00a0Chroniques du Plancton\u00a0\u00bb marie arts et sciences d\u00e9voilant la diversit\u00e9 et la beaut\u00e9 des organismes marins qui d\u00e9rivent avec les courants.[\/vc_custom_heading][vc_custom_heading heading_semantic=\u00a0\u00bbp\u00a0\u00bb text_font=\u00a0\u00bbfont-762333&Prime; text_size=\u00a0\u00bbh4&Prime; text_weight=\u00a0\u00bb100&Prime;]Le projet est n\u00e9 \u00e0 l&rsquo;initiative de Christian Sardet dans le cadre de l\u2019exp\u00e9dition <a href=\"https:\/\/oceans.taraexpeditions.org\/m\/qui-est-tara\/les-expeditions\/tara-oceans\/\" target=\"_blank\" rel=\"noopener\"><strong>Tara Oceans<\/strong><\/a>, et de l&rsquo;<strong><a href=\"https:\/\/www.imev-mer.fr\/web\/\" target=\"_blank\" rel=\"noopener\">Institut de la Mer de Villefranche-sur-Mer (IMEV)<\/a><\/strong>\/ <a href=\"https:\/\/institut-ocean.sorbonne-universite.fr\/\" target=\"_blank\" rel=\"noopener\"><strong>Sorbonne Universit\u00e9<\/strong><\/a> avec\u00a0<a href=\"https:\/\/images.cnrs.fr\/explorer\/actualites-scientifiques-en-images\" target=\"_blank\" rel=\"noopener\"><strong>CNRS Images (Meudon)<\/strong><\/a>\u00a0en coop\u00e9ration avec\u00a0<a href=\"https:\/\/www.parafilms.com\/studio-2\/\" target=\"_blank\" rel=\"noopener\"><strong>Parafilms (Montr\u00e9al)<\/strong><\/a>. Christian Sardet, actuellement Chercheur \u00e9m\u00e9rite au CNRS a con\u00e7u les 4 premiers \u00e9pisodes de la s\u00e9rie avec V\u00e9ronique Kleiner et Catherine Balladur du\u00a0CNRS Images (Meudon). Les autres \u00e9pisodes \u00a0sont r\u00e9alis\u00e9s et produits par Christian Sardet\u00a0(IMEV&amp;CNRS C\u00f4te-d&rsquo;Azur )\u00a0avec No\u00e9 Sardet et Sharif Mirshak de\u00a0Parafilms et le soutient du CNRS et de Sorbonne Universit\u00e9.<\/p>\n<p>&nbsp;<\/p>\n<ul>\n<li><strong><a href=\"https:\/\/www.youtube.com\/watch?v=Xhd9jiduEBE\">Sardet p\u00e8re et Fils \u00e0 bord du Tara<\/a><\/strong> : Episode 1, No\u00ebllie Pansiot, Tara Expeditions<\/li>\n<li><strong><a href=\"https:\/\/www.youtube.com\/watch?v=HrDxuTgP2Fc\">Sardet p\u00e8re et Fils \u00e0 bord du Tara<\/a><\/strong> : Episode 2, No\u00ebllie Pansiot, Tara Expeditions<\/li>\n<\/ul>\n<p>[\/vc_custom_heading][vc_empty_space empty_h=\u00a0\u00bb2&Prime;][\/vc_column][vc_column column_width_percent=\u00a0\u00bb100&Prime; position_vertical=\u00a0\u00bbmiddle\u00a0\u00bb gutter_size=\u00a0\u00bb3&Prime; override_padding=\u00a0\u00bbyes\u00a0\u00bb column_padding=\u00a0\u00bb0&Prime; expand_height=\u00a0\u00bbyes\u00a0\u00bb overlay_alpha=\u00a0\u00bb50&Prime; shift_x=\u00a0\u00bb0&Prime; shift_y=\u00a0\u00bb0&Prime; z_index=\u00a0\u00bb0&Prime; medium_width=\u00a0\u00bb0&Prime; width=\u00a0\u00bb1\/2&Prime; css=\u00a0\u00bb.vc_custom_1453241048352{padding-top: 10% !important;padding-right: 10% !important;padding-bottom: 10% !important;padding-left: 10% !important;}\u00a0\u00bb][vc_single_image media=\u00a0\u00bb47467&Prime; media_width_percent=\u00a0\u00bb80&Prime; alignment=\u00a0\u00bbcenter\u00a0\u00bb][\/vc_column][\/vc_row][vc_row unlock_row_content=\u00a0\u00bbyes\u00a0\u00bb row_height_percent=\u00a0\u00bb0&Prime; override_padding=\u00a0\u00bbyes\u00a0\u00bb h_padding=\u00a0\u00bb0&Prime; top_padding=\u00a0\u00bb0&Prime; bottom_padding=\u00a0\u00bb0&Prime; overlay_alpha=\u00a0\u00bb50&Prime; gutter_size=\u00a0\u00bb0&Prime; shift_y=\u00a0\u00bb0&Prime;][vc_column width=\u00a0\u00bb1\/1&Prime;][vc_gallery el_id=\u00a0\u00bbgallery-102210&Prime; isotope_mode=\u00a0\u00bbfitRows\u00a0\u00bb medias=\u00a0\u00bb46651,46657,46663,46666,46669,46672&Prime; gutter_size=\u00a0\u00bb0&Prime; media_items=\u00a0\u00bbmedia|lightbox|original\u00a0\u00bb screen_lg=\u00a0\u00bb1000&Prime; screen_md=\u00a0\u00bb600&Prime; screen_sm=\u00a0\u00bb480&Prime; single_width=\u00a0\u00bb2&Prime; single_overlay_opacity=\u00a0\u00bb50&Prime; single_padding=\u00a0\u00bb2&Prime; single_border=\u00a0\u00bbyes\u00a0\u00bb][\/vc_column][\/vc_row][vc_row unlock_row_content=\u00a0\u00bbyes\u00a0\u00bb row_height_percent=\u00a0\u00bb0&Prime; override_padding=\u00a0\u00bbyes\u00a0\u00bb h_padding=\u00a0\u00bb0&Prime; top_padding=\u00a0\u00bb0&Prime; bottom_padding=\u00a0\u00bb0&Prime; overlay_alpha=\u00a0\u00bb50&Prime; gutter_size=\u00a0\u00bb0&Prime; shift_y=\u00a0\u00bb0&Prime;][vc_column width=\u00a0\u00bb1\/1&Prime;][vc_separator sep_color=\u00a0\u00bbcolor-188802&Prime;][\/vc_column][\/vc_row][vc_row unlock_row_content=\u00a0\u00bbyes\u00a0\u00bb row_height_percent=\u00a0\u00bb0&Prime; override_padding=\u00a0\u00bbyes\u00a0\u00bb h_padding=\u00a0\u00bb0&Prime; top_padding=\u00a0\u00bb0&Prime; bottom_padding=\u00a0\u00bb0&Prime; overlay_alpha=\u00a0\u00bb50&Prime; gutter_size=\u00a0\u00bb0&Prime; shift_y=\u00a0\u00bb0&Prime;][vc_column column_width_percent=\u00a0\u00bb100&Prime; position_vertical=\u00a0\u00bbmiddle\u00a0\u00bb gutter_size=\u00a0\u00bb3&Prime; override_padding=\u00a0\u00bbyes\u00a0\u00bb column_padding=\u00a0\u00bb0&Prime; overlay_alpha=\u00a0\u00bb50&Prime; shift_x=\u00a0\u00bb0&Prime; shift_y=\u00a0\u00bb0&Prime; z_index=\u00a0\u00bb0&Prime; medium_width=\u00a0\u00bb0&Prime; width=\u00a0\u00bb1\/2&Prime; css=\u00a0\u00bb.vc_custom_1453240957890{padding-top: 10% !important;padding-right: 10% !important;padding-bottom: 10% !important;padding-left: 10% !important;}\u00a0\u00bb][vc_single_image media=\u00a0\u00bb46678&Prime; media_width_percent=\u00a0\u00bb100&Prime;][vc_column_text]<\/p>\n<p style=\"text-align: right;\">Making of des Chroniques du plancton<\/p>\n<p>[\/vc_column_text][\/vc_column][vc_column column_width_percent=\u00a0\u00bb100&Prime; gutter_size=\u00a0\u00bb3&Prime; override_padding=\u00a0\u00bbyes\u00a0\u00bb column_padding=\u00a0\u00bb0&Prime; expand_height=\u00a0\u00bbyes\u00a0\u00bb overlay_alpha=\u00a0\u00bb50&Prime; border_color=\u00a0\u00bbcolor-188802&Prime; border_style=\u00a0\u00bbsolid\u00a0\u00bb shift_x=\u00a0\u00bb0&Prime; shift_y=\u00a0\u00bb0&Prime; z_index=\u00a0\u00bb0&Prime; medium_width=\u00a0\u00bb0&Prime; width=\u00a0\u00bb1\/2&Prime; css=\u00a0\u00bb.vc_custom_1453240576917{border-left-width: 1px !important;}\u00a0\u00bb][vc_row_inner row_inner_height_percent=\u00a0\u00bb0&Prime; overlay_alpha=\u00a0\u00bb50&Prime; gutter_size=\u00a0\u00bb2&Prime; shift_y=\u00a0\u00bb0&Prime; css=\u00a0\u00bb.vc_custom_1453240706287{padding-top: 10% !important;padding-right: 10% !important;padding-bottom: 10% !important;padding-left: 10% !important;}\u00a0\u00bb][vc_column_inner column_width_percent=\u00a0\u00bb100&Prime; position_vertical=\u00a0\u00bbmiddle\u00a0\u00bb gutter_size=\u00a0\u00bb3&Prime; override_padding=\u00a0\u00bbyes\u00a0\u00bb column_padding=\u00a0\u00bb0&Prime; overlay_alpha=\u00a0\u00bb50&Prime; shift_x=\u00a0\u00bb0&Prime; shift_y=\u00a0\u00bb0&Prime; z_index=\u00a0\u00bb0&Prime; medium_width=\u00a0\u00bb0&Prime; width=\u00a0\u00bb2\/3&Prime; el_class=\u00a0\u00bbsmall\u00a0\u00bb][vc_single_image media=\u00a0\u00bb46184&Prime; media_width_use_pixel=\u00a0\u00bbyes\u00a0\u00bb media_width_pixel=\u00a0\u00bb120&Prime;][vc_column_text el_class=\u00a0\u00bbsmall\u00a0\u00bb]<strong>Christian Sardet<\/strong><br \/>\nUMR 7009 BioDev<br \/>\nCNRS \/ Sorbonne Universit\u00e9<br \/>\n06230 IMEV, Villefranche-sur-Mer BP 28, France[\/vc_column_text][\/vc_column_inner][vc_column_inner column_width_percent=\u00a0\u00bb100&Prime; position_vertical=\u00a0\u00bbmiddle\u00a0\u00bb gutter_size=\u00a0\u00bb3&Prime; overlay_alpha=\u00a0\u00bb50&Prime; shift_x=\u00a0\u00bb0&Prime; shift_y=\u00a0\u00bb0&Prime; z_index=\u00a0\u00bb0&Prime; medium_width=\u00a0\u00bb0&Prime; width=\u00a0\u00bb1\/3&Prime;][vc_single_image media=\u00a0\u00bb49365&Prime; media_width_use_pixel=\u00a0\u00bbyes\u00a0\u00bb media_width_pixel=\u00a0\u00bb120&Prime;][vc_column_text el_class=\u00a0\u00bbsmall\u00a0\u00bb]<strong>Parafilms<\/strong><br \/>\n#333 &#8211; 5425 rue de Bordeaux<br \/>\nMontr\u00e9al QC H2H2P9, Canada<br \/>\n<a href=\"http:\/\/www.parafilms.com\/\" target=\"_blank\" rel=\"noopener\">http:\/\/parafilms.com<\/a>[\/vc_column_text][\/vc_column_inner][\/vc_row_inner][vc_row_inner row_inner_height_percent=\u00a0\u00bb0&Prime; overlay_alpha=\u00a0\u00bb50&Prime; gutter_size=\u00a0\u00bb2&Prime; border_color=\u00a0\u00bbcolor-188802&Prime; border_style=\u00a0\u00bbsolid\u00a0\u00bb shift_y=\u00a0\u00bb0&Prime; css=\u00a0\u00bb.vc_custom_1453240720144{border-top-width: 1px !important;padding-top: 10% !important;padding-right: 10% !important;padding-bottom: 10% !important;padding-left: 10% !important;}\u00a0\u00bb][vc_column_inner column_width_percent=\u00a0\u00bb100&Prime; position_horizontal=\u00a0\u00bbleft\u00a0\u00bb gutter_size=\u00a0\u00bb3&Prime; overlay_alpha=\u00a0\u00bb50&Prime; shift_x=\u00a0\u00bb0&Prime; shift_y=\u00a0\u00bb0&Prime; z_index=\u00a0\u00bb0&Prime; medium_width=\u00a0\u00bb0&Prime; width=\u00a0\u00bb1\/3&Prime;][vc_single_image media=\u00a0\u00bb47533&Prime; media_width_use_pixel=\u00a0\u00bbyes\u00a0\u00bb media_width_pixel=\u00a0\u00bb150&Prime;][\/vc_column_inner][vc_column_inner width=\u00a0\u00bb2\/3&Prime;][vc_column_text el_class=\u00a0\u00bbsmall\u00a0\u00bb]Cr\u00e9dits site web: <a href=\"http:\/\/www.tonton.ca\" target=\"_blank\" rel=\"noopener\">TONTON<\/a><br \/>\nConception : Julien Bigeault et Riwal Plaine<br \/>\nDirection Artistique et graphisme : Riwal Plaine<br \/>\nD\u00e9veloppement:\u00a0Julien Bigeault<br \/>\nGestion de projet: St\u00e9phanie Dos Santos[\/vc_column_text][\/vc_column_inner][\/vc_row_inner][\/vc_column][\/vc_row][vc_row unlock_row_content=\u00a0\u00bbyes\u00a0\u00bb row_height_percent=\u00a0\u00bb0&Prime; override_padding=\u00a0\u00bbyes\u00a0\u00bb h_padding=\u00a0\u00bb0&Prime; top_padding=\u00a0\u00bb0&Prime; bottom_padding=\u00a0\u00bb0&Prime; overlay_alpha=\u00a0\u00bb50&Prime; gutter_size=\u00a0\u00bb0&Prime; border_color=\u00a0\u00bbcolor-188802&Prime; border_style=\u00a0\u00bbsolid\u00a0\u00bb shift_y=\u00a0\u00bb0&Prime; css=\u00a0\u00bb.vc_custom_1453132715934{border-top-width: 1px !important;}\u00a0\u00bb][vc_column column_width_percent=\u00a0\u00bb100&Prime; gutter_size=\u00a0\u00bb3&Prime; override_padding=\u00a0\u00bbyes\u00a0\u00bb column_padding=\u00a0\u00bb0&Prime; overlay_alpha=\u00a0\u00bb50&Prime; shift_x=\u00a0\u00bb0&Prime; shift_y=\u00a0\u00bb0&Prime; z_index=\u00a0\u00bb0&Prime; medium_width=\u00a0\u00bb0&Prime; width=\u00a0\u00bb1\/2&Prime; css=\u00a0\u00bb.vc_custom_1452891104883{padding: 10% !important;}\u00a0\u00bb][vc_column_text el_class=\u00a0\u00bbsmall\u00a0\u00bb]Merci aux Instituts du Centre National de la Recherche Scientifique (CNRS), l\u2019Institut National des Sciences Biologiques (INSB), et l\u2019Institut National de l\u2019Ecologie et de l\u2019Environnement (INEE), Sorbonne Universit\u00e9, la Ville de Nice et le Groupement d\u2019Int\u00e9r\u00eat Scientifique GIS IBISA qui ont soutenu et financ\u00e9 le projet et le site.<\/p>\n<p>Merci \u00e0 Claude Carr\u00e9, et aux personnels de la Station Marine de Villefranche sur Mer (IMEV), ainsi que de nombreux coordinateurs et participants des exp\u00e9ditions Tara Oceans et Tara M\u00e9diterrann\u00e9e.<\/p>\n<p>Ainsi qu\u2019\u00e0 ceux qui ont particip\u00e9 \u00e0 la r\u00e9alisation et en particulier \u00e0 Sacha Bollet, Bernard Dubreuil, Gregory Gallagher, Christian Johnson, Romain Strugala, Ted Rosengarten, Camila Ossandon et Dana Sardet.[\/vc_column_text][\/vc_column][vc_column column_width_percent=\u00a0\u00bb100&Prime; position_vertical=\u00a0\u00bbmiddle\u00a0\u00bb gutter_size=\u00a0\u00bb3&Prime; override_padding=\u00a0\u00bbyes\u00a0\u00bb column_padding=\u00a0\u00bb0&Prime; expand_height=\u00a0\u00bbyes\u00a0\u00bb overlay_alpha=\u00a0\u00bb50&Prime; border_color=\u00a0\u00bbcolor-188802&Prime; border_style=\u00a0\u00bbsolid\u00a0\u00bb shift_x=\u00a0\u00bb0&Prime; shift_y=\u00a0\u00bb0&Prime; z_index=\u00a0\u00bb0&Prime; medium_width=\u00a0\u00bb0&Prime; width=\u00a0\u00bb1\/2&Prime; css=\u00a0\u00bb.vc_custom_1452891356182{border-right-width: 1px !important;border-left-width: 1px !important;padding-top: 10% !important;padding-right: 10% !important;padding-bottom: 10% !important;padding-left: 10% !important;}\u00a0\u00bb][vc_row_inner][vc_column_inner width=\u00a0\u00bb1\/2&Prime;][vc_column_text el_class=\u00a0\u00bbsmall\u00a0\u00bb]Les vid\u00e9os des chroniques du plancton sont sous la licence<\/p>\n<p><b>Creative Commons :<\/b><br \/>\nAttribution Non-Commercial<br \/>\n<b>No Derivative<\/b><\/p>\n<p><img decoding=\"async\" class=\"alignleft size-medium wp-image-47365\" src=\"https:\/\/planktonchronicles.org\/wp-content\/uploads\/2015\/12\/byncnd.svg\" alt=\"byncnd\" width=\"140px\" height=\"50px\" \/>[\/vc_column_text][\/vc_column_inner][vc_column_inner width=\u00a0\u00bb1\/2&Prime;][vc_column_text]<img decoding=\"async\" class=\"alignleft size-medium wp-image-47319\" src=\"https:\/\/planktonchronicles.org\/wp-content\/uploads\/2015\/12\/macaron_tara-1.png\" alt=\"Tara Oceans\" width=\"120px\" height=\"120px\" \/><img decoding=\"async\" class=\"alignleft size-thumbnail wp-image-46178\" src=\"https:\/\/planktonchronicles.org\/wp-content\/uploads\/2016\/01\/logo_cnrs-1-150x150.png\" alt=\"logo_cnrs\" width=\"120\" height=\"120\" srcset=\"https:\/\/planktonchronicles.org\/wp-content\/uploads\/2016\/01\/logo_cnrs-1-150x150.png 150w, https:\/\/planktonchronicles.org\/wp-content\/uploads\/2016\/01\/logo_cnrs-1.png 270w\" sizes=\"(max-width: 120px) 100vw, 120px\" \/>[\/vc_column_text][\/vc_column_inner][\/vc_row_inner][\/vc_column][\/vc_row]<\/p>\n<\/section>","protected":false},"excerpt":{"rendered":"<p>[vc_row unlock_row_content=\u00a0\u00bbyes\u00a0\u00bb row_height_percent=\u00a0\u00bb0&Prime; override_padding=\u00a0\u00bbyes\u00a0\u00bb h_padding=\u00a0\u00bb0&Prime; top_padding=\u00a0\u00bb0&Prime; bottom_padding=\u00a0\u00bb0&Prime; overlay_alpha=\u00a0\u00bb50&Prime; gutter_size=\u00a0\u00bb0&Prime; shift_y=\u00a0\u00bb0&Prime;][vc_column width=\u00a0\u00bb1\/1&Prime;][vc_separator sep_color=\u00a0\u00bbcolor-188802&Prime;][\/vc_column][\/vc_row][vc_row unlock_row_content=\u00a0\u00bbyes\u00a0\u00bb row_height_percent=\u00a0\u00bb0&Prime; override_padding=\u00a0\u00bbyes\u00a0\u00bb h_padding=\u00a0\u00bb0&Prime; top_padding=\u00a0\u00bb0&Prime; bottom_padding=\u00a0\u00bb0&Prime; overlay_alpha=\u00a0\u00bb50&Prime; gutter_size=\u00a0\u00bb0&Prime; [&hellip;]<\/p>\n","protected":false},"author":2,"featured_media":0,"parent":0,"menu_order":4,"comment_status":"closed","ping_status":"closed","template":"","meta":{"footnotes":""},"acf":[],"yoast_head":"<!-- This site is optimized with the Yoast SEO plugin v21.5 - https:\/\/yoast.com\/wordpress\/plugins\/seo\/ -->\n<title>Le Projet | Chroniques du Plancton<\/title>\n<meta name=\"robots\" content=\"index, follow, max-snippet:-1, max-image-preview:large, max-video-preview:-1\" \/>\n<link rel=\"canonical\" href=\"https:\/\/planktonchronicles.org\/fr\/le-projet\/\" \/>\n<meta property=\"og:locale\" content=\"fr_FR\" \/>\n<meta property=\"og:type\" content=\"article\" \/>\n<meta property=\"og:title\" content=\"Le projet &quot;les chroniques du plancton&quot;\" \/>\n<meta property=\"og:description\" content=\"Une s\u00e9rie de 20 \u00e9pisodes qui marient arts et sciences d\u00e9voilant la diversit\u00e9 et la beaut\u00e9 des organismes marins qui d\u00e9rivent avec les courants. Le plancton c&#039;est l&#039;ensemble des cr\u00e9atures qui d\u00e9rivent au gr\u00e9 des courants. Ces organismes repr\u00e9sentent 98 % de la biomasse des oc\u00e9ans.\" \/>\n<meta property=\"og:url\" content=\"https:\/\/planktonchronicles.org\/fr\/le-projet\/\" \/>\n<meta property=\"og:site_name\" content=\"Chroniques du Plancton\" \/>\n<meta property=\"article:publisher\" content=\"https:\/\/www.facebook.com\/theplanktonchronicles\/?fref=ts\" \/>\n<meta property=\"article:modified_time\" content=\"2023-10-12T12:01:50+00:00\" \/>\n<meta name=\"twitter:card\" content=\"summary_large_image\" \/>\n<meta name=\"twitter:title\" content=\"Le projet &quot;les chroniques du plancton&quot;\" \/>\n<meta name=\"twitter:description\" content=\"Une s\u00e9rie de 20 \u00e9pisodes qui marient arts et sciences d\u00e9voilant la diversit\u00e9 et la beaut\u00e9 des organismes marins qui d\u00e9rivent avec les courants. Le plancton c&#039;est l&#039;ensemble des cr\u00e9atures qui d\u00e9rivent au gr\u00e9 des courants. Ces organismes repr\u00e9sentent 98 % de la biomasse des oc\u00e9ans.\" \/>\n<meta name=\"twitter:image\" content=\"https:\/\/planktonchronicles.org\/wp-content\/uploads\/2015\/12\/plancton_composition-16x9.jpg\" \/>\n<meta name=\"twitter:site\" content=\"@christiansardet\" \/>\n<meta name=\"twitter:label1\" content=\"Dur\u00e9e de lecture estim\u00e9e\" \/>\n\t<meta name=\"twitter:data1\" content=\"6 minutes\" \/>\n<script type=\"application\/ld+json\" class=\"yoast-schema-graph\">{\"@context\":\"https:\/\/schema.org\",\"@graph\":[{\"@type\":\"WebPage\",\"@id\":\"https:\/\/planktonchronicles.org\/fr\/le-projet\/\",\"url\":\"https:\/\/planktonchronicles.org\/fr\/le-projet\/\",\"name\":\"Le Projet | Chroniques du Plancton\",\"isPartOf\":{\"@id\":\"https:\/\/planktonchronicles.org\/en\/#website\"},\"datePublished\":\"2015-12-16T00:40:20+00:00\",\"dateModified\":\"2023-10-12T12:01:50+00:00\",\"breadcrumb\":{\"@id\":\"https:\/\/planktonchronicles.org\/fr\/le-projet\/#breadcrumb\"},\"inLanguage\":\"fr-FR\",\"potentialAction\":[{\"@type\":\"ReadAction\",\"target\":[\"https:\/\/planktonchronicles.org\/fr\/le-projet\/\"]}]},{\"@type\":\"BreadcrumbList\",\"@id\":\"https:\/\/planktonchronicles.org\/fr\/le-projet\/#breadcrumb\",\"itemListElement\":[{\"@type\":\"ListItem\",\"position\":1,\"name\":\"Accueil\",\"item\":\"https:\/\/planktonchronicles.org\/fr\/\"},{\"@type\":\"ListItem\",\"position\":2,\"name\":\"Le Projet\"}]},{\"@type\":\"WebSite\",\"@id\":\"https:\/\/planktonchronicles.org\/en\/#website\",\"url\":\"https:\/\/planktonchronicles.org\/en\/\",\"name\":\"Chroniques du Plancton\",\"description\":\"Cette s\u00e9rie de vid\u00e9os et de photos r\u00e9v\u00e8lent la beaut\u00e9 et la diversit\u00e9 des animaux marins qui d\u00e9rivent avec les courants.\",\"publisher\":{\"@id\":\"https:\/\/planktonchronicles.org\/en\/#organization\"},\"potentialAction\":[{\"@type\":\"SearchAction\",\"target\":{\"@type\":\"EntryPoint\",\"urlTemplate\":\"https:\/\/planktonchronicles.org\/en\/?s={search_term_string}\"},\"query-input\":\"required name=search_term_string\"}],\"inLanguage\":\"fr-FR\"},{\"@type\":\"Organization\",\"@id\":\"https:\/\/planktonchronicles.org\/en\/#organization\",\"name\":\"Plankton Chronicles\",\"url\":\"https:\/\/planktonchronicles.org\/en\/\",\"logo\":{\"@type\":\"ImageObject\",\"inLanguage\":\"fr-FR\",\"@id\":\"https:\/\/planktonchronicles.org\/en\/#\/schema\/logo\/image\/\",\"url\":\"http:\/\/planktonchronicles.org\/wp-content\/uploads\/2016\/01\/3__Larve_de_crustace_C_Sardet_1.png\",\"contentUrl\":\"http:\/\/planktonchronicles.org\/wp-content\/uploads\/2016\/01\/3__Larve_de_crustace_C_Sardet_1.png\",\"width\":800,\"height\":586,\"caption\":\"Plankton Chronicles\"},\"image\":{\"@id\":\"https:\/\/planktonchronicles.org\/en\/#\/schema\/logo\/image\/\"},\"sameAs\":[\"https:\/\/www.facebook.com\/theplanktonchronicles\/?fref=ts\",\"https:\/\/twitter.com\/christiansardet\",\"https:\/\/www.instagram.com\/christiansardet\/\"]}]}<\/script>\n<!-- \/ Yoast SEO plugin. -->","yoast_head_json":{"title":"Le Projet | Chroniques du Plancton","robots":{"index":"index","follow":"follow","max-snippet":"max-snippet:-1","max-image-preview":"max-image-preview:large","max-video-preview":"max-video-preview:-1"},"canonical":"https:\/\/planktonchronicles.org\/fr\/le-projet\/","og_locale":"fr_FR","og_type":"article","og_title":"Le projet \"les chroniques du plancton\"","og_description":"Une s\u00e9rie de 20 \u00e9pisodes qui marient arts et sciences d\u00e9voilant la diversit\u00e9 et la beaut\u00e9 des organismes marins qui d\u00e9rivent avec les courants. Le plancton c'est l'ensemble des cr\u00e9atures qui d\u00e9rivent au gr\u00e9 des courants. Ces organismes repr\u00e9sentent 98 % de la biomasse des oc\u00e9ans.","og_url":"https:\/\/planktonchronicles.org\/fr\/le-projet\/","og_site_name":"Chroniques du Plancton","article_publisher":"https:\/\/www.facebook.com\/theplanktonchronicles\/?fref=ts","article_modified_time":"2023-10-12T12:01:50+00:00","twitter_card":"summary_large_image","twitter_title":"Le projet \"les chroniques du plancton\"","twitter_description":"Une s\u00e9rie de 20 \u00e9pisodes qui marient arts et sciences d\u00e9voilant la diversit\u00e9 et la beaut\u00e9 des organismes marins qui d\u00e9rivent avec les courants. Le plancton c'est l'ensemble des cr\u00e9atures qui d\u00e9rivent au gr\u00e9 des courants. Ces organismes repr\u00e9sentent 98 % de la biomasse des oc\u00e9ans.","twitter_image":"https:\/\/planktonchronicles.org\/wp-content\/uploads\/2015\/12\/plancton_composition-16x9.jpg","twitter_site":"@christiansardet","twitter_misc":{"Dur\u00e9e de lecture estim\u00e9e":"6 minutes"},"schema":{"@context":"https:\/\/schema.org","@graph":[{"@type":"WebPage","@id":"https:\/\/planktonchronicles.org\/fr\/le-projet\/","url":"https:\/\/planktonchronicles.org\/fr\/le-projet\/","name":"Le Projet | Chroniques du Plancton","isPartOf":{"@id":"https:\/\/planktonchronicles.org\/en\/#website"},"datePublished":"2015-12-16T00:40:20+00:00","dateModified":"2023-10-12T12:01:50+00:00","breadcrumb":{"@id":"https:\/\/planktonchronicles.org\/fr\/le-projet\/#breadcrumb"},"inLanguage":"fr-FR","potentialAction":[{"@type":"ReadAction","target":["https:\/\/planktonchronicles.org\/fr\/le-projet\/"]}]},{"@type":"BreadcrumbList","@id":"https:\/\/planktonchronicles.org\/fr\/le-projet\/#breadcrumb","itemListElement":[{"@type":"ListItem","position":1,"name":"Accueil","item":"https:\/\/planktonchronicles.org\/fr\/"},{"@type":"ListItem","position":2,"name":"Le Projet"}]},{"@type":"WebSite","@id":"https:\/\/planktonchronicles.org\/en\/#website","url":"https:\/\/planktonchronicles.org\/en\/","name":"Chroniques du Plancton","description":"Cette s\u00e9rie de vid\u00e9os et de photos r\u00e9v\u00e8lent la beaut\u00e9 et la diversit\u00e9 des animaux marins qui d\u00e9rivent avec les courants.","publisher":{"@id":"https:\/\/planktonchronicles.org\/en\/#organization"},"potentialAction":[{"@type":"SearchAction","target":{"@type":"EntryPoint","urlTemplate":"https:\/\/planktonchronicles.org\/en\/?s={search_term_string}"},"query-input":"required name=search_term_string"}],"inLanguage":"fr-FR"},{"@type":"Organization","@id":"https:\/\/planktonchronicles.org\/en\/#organization","name":"Plankton Chronicles","url":"https:\/\/planktonchronicles.org\/en\/","logo":{"@type":"ImageObject","inLanguage":"fr-FR","@id":"https:\/\/planktonchronicles.org\/en\/#\/schema\/logo\/image\/","url":"http:\/\/planktonchronicles.org\/wp-content\/uploads\/2016\/01\/3__Larve_de_crustace_C_Sardet_1.png","contentUrl":"http:\/\/planktonchronicles.org\/wp-content\/uploads\/2016\/01\/3__Larve_de_crustace_C_Sardet_1.png","width":800,"height":586,"caption":"Plankton Chronicles"},"image":{"@id":"https:\/\/planktonchronicles.org\/en\/#\/schema\/logo\/image\/"},"sameAs":["https:\/\/www.facebook.com\/theplanktonchronicles\/?fref=ts","https:\/\/twitter.com\/christiansardet","https:\/\/www.instagram.com\/christiansardet\/"]}]}},"_links":{"self":[{"href":"https:\/\/planktonchronicles.org\/fr\/wp-json\/wp\/v2\/pages\/44772"}],"collection":[{"href":"https:\/\/planktonchronicles.org\/fr\/wp-json\/wp\/v2\/pages"}],"about":[{"href":"https:\/\/planktonchronicles.org\/fr\/wp-json\/wp\/v2\/types\/page"}],"author":[{"embeddable":true,"href":"https:\/\/planktonchronicles.org\/fr\/wp-json\/wp\/v2\/users\/2"}],"replies":[{"embeddable":true,"href":"https:\/\/planktonchronicles.org\/fr\/wp-json\/wp\/v2\/comments?post=44772"}],"version-history":[{"count":90,"href":"https:\/\/planktonchronicles.org\/fr\/wp-json\/wp\/v2\/pages\/44772\/revisions"}],"predecessor-version":[{"id":49682,"href":"https:\/\/planktonchronicles.org\/fr\/wp-json\/wp\/v2\/pages\/44772\/revisions\/49682"}],"wp:attachment":[{"href":"https:\/\/planktonchronicles.org\/fr\/wp-json\/wp\/v2\/media?parent=44772"}],"curies":[{"name":"wp","href":"https:\/\/api.w.org\/{rel}","templated":true}]}}