{"id":44774,"date":"2015-12-16T01:43:51","date_gmt":"2015-12-16T00:43:51","guid":{"rendered":"http:\/\/planktonchronicles.org\/?page_id=44774"},"modified":"2023-10-03T18:34:50","modified_gmt":"2023-10-03T16:34:50","slug":"le-livre","status":"publish","type":"page","link":"https:\/\/planktonchronicles.org\/fr\/le-livre\/","title":{"rendered":"Le Livre"},"content":{"rendered":"<section class=\"wpb-content-wrapper\"><p>[vc_row unlock_row_content=\u00a0\u00bbyes\u00a0\u00bb row_height_percent=\u00a0\u00bb0&Prime; override_padding=\u00a0\u00bbyes\u00a0\u00bb h_padding=\u00a0\u00bb0&Prime; top_padding=\u00a0\u00bb0&Prime; bottom_padding=\u00a0\u00bb0&Prime; overlay_alpha=\u00a0\u00bb50&Prime; gutter_size=\u00a0\u00bb0&Prime; border_color=\u00a0\u00bbcolor-188802&Prime; border_style=\u00a0\u00bbsolid\u00a0\u00bb shift_y=\u00a0\u00bb0&Prime; css=\u00a0\u00bb.vc_custom_1452754635465{border-top-width: 1px !important;border-bottom-width: 1px !important;}\u00a0\u00bb][vc_column column_width_percent=\u00a0\u00bb100&Prime; gutter_size=\u00a0\u00bb3&Prime; override_padding=\u00a0\u00bbyes\u00a0\u00bb column_padding=\u00a0\u00bb0&Prime; overlay_alpha=\u00a0\u00bb50&Prime; shift_x=\u00a0\u00bb0&Prime; shift_y=\u00a0\u00bb0&Prime; z_index=\u00a0\u00bb0&Prime; medium_width=\u00a0\u00bb0&Prime; width=\u00a0\u00bb1\/4&Prime;][vc_gallery el_id=\u00a0\u00bbgallery-179421&Prime; type=\u00a0\u00bbcarousel\u00a0\u00bb medias=\u00a0\u00bb44929,44930,44931,44932,44933,44934&Prime; carousel_lg=\u00a0\u00bb1&Prime; carousel_md=\u00a0\u00bb1&Prime; carousel_sm=\u00a0\u00bb1&Prime; gutter_size=\u00a0\u00bb0&Prime; media_items=\u00a0\u00bbmedia|lightbox|original\u00a0\u00bb carousel_interval=\u00a0\u00bb0&Prime; carousel_navspeed=\u00a0\u00bb700&Prime; carousel_nav=\u00a0\u00bbyes\u00a0\u00bb carousel_nav_skin=\u00a0\u00bbdark\u00a0\u00bb single_style=\u00a0\u00bbdark\u00a0\u00bb single_back_color=\u00a0\u00bbcolor-trans\u00a0\u00bb single_overlay_color=\u00a0\u00bbcolor-trans\u00a0\u00bb single_overlay_opacity=\u00a0\u00bb5&Prime; single_image_anim=\u00a0\u00bbno\u00a0\u00bb single_padding=\u00a0\u00bb2&Prime; single_border=\u00a0\u00bbyes\u00a0\u00bb][vc_single_image media=\u00a0\u00bb48253&Prime; media_width_percent=\u00a0\u00bb100&Prime;][\/vc_column][vc_column column_width_percent=\u00a0\u00bb100&Prime; gutter_size=\u00a0\u00bb3&Prime; override_padding=\u00a0\u00bbyes\u00a0\u00bb column_padding=\u00a0\u00bb0&Prime; expand_height=\u00a0\u00bbyes\u00a0\u00bb overlay_alpha=\u00a0\u00bb50&Prime; border_color=\u00a0\u00bbcolor-188802&Prime; border_style=\u00a0\u00bbsolid\u00a0\u00bb shift_x=\u00a0\u00bb0&Prime; shift_y=\u00a0\u00bb0&Prime; z_index=\u00a0\u00bb0&Prime; medium_width=\u00a0\u00bb0&Prime; width=\u00a0\u00bb1\/2&Prime; css=\u00a0\u00bb.vc_custom_1452754578625{border-right-width: 1px !important;border-left-width: 1px !important;padding-top: 10% !important;padding-right: 10% !important;padding-bottom: 10% !important;padding-left: 10% !important;}\u00a0\u00bb][vc_custom_heading heading_semantic=\u00a0\u00bbh1&Prime; text_size=\u00a0\u00bbh1&Prime;]LE LIVRE[\/vc_custom_heading][vc_custom_heading heading_semantic=\u00a0\u00bbh3&Prime; text_size=\u00a0\u00bbh3&Prime;]UNE PLONGEE AU COEUR DE LA BIODIVERSITE ET DE L&rsquo;EVOLUTION[\/vc_custom_heading][vc_custom_heading heading_semantic=\u00a0\u00bbp\u00a0\u00bb text_size=\u00a0\u00bbfontsize-22&Prime; text_height=\u00a0\u00bbfontheight-195888&Prime;]Dans ce tr\u00e8s beau livre, ode aux origines et \u00e0 la diversit\u00e9 du vivant, Christian Sardet r\u00e9v\u00e8le en 550 photos aussi belles qu&rsquo;\u00e9tranges, un monde secret. Un monde d&rsquo;organismes d\u00e9rivant avec les courants depuis les minuscules virus et bact\u00e9ries jusqu&rsquo;aux m\u00e9duses et siphonophores, les plus longs animaux du monde.<\/p>\n<p>L&rsquo;auteur, \u00e0 travers ses voyages et exp\u00e9ditions, partage ses passions et ses connaissances avec des images accompagn\u00e9es de textes pr\u00e9cis et incisifs permettant de comprendre les \u00e9volutions de la vie et de la biodiversit\u00e9 depuis plus de 3 milliards d&rsquo;ann\u00e9es.[\/vc_custom_heading][vc_row_inner limit_content=\u00a0\u00bb\u00a0\u00bb][vc_column_inner width=\u00a0\u00bb1\/2&Prime;][vc_button button_color=\u00a0\u00bbcolor-wayh\u00a0\u00bb size=\u00a0\u00bbbtn-xl\u00a0\u00bb radius=\u00a0\u00bbbtn-square\u00a0\u00bb border_width=\u00a0\u00bb0&Prime; link=\u00a0\u00bburl:https%3A%2F%2Fwww.editions-ulmer.fr%2Feditions-ulmer%2Fplancton-nouvelle-ed-aux-origines-du-vivant-876-cl.htm|target:_blank\u00a0\u00bb]ACHETEZ LE LIVRE[\/vc_button][\/vc_column_inner][vc_column_inner column_width_percent=\u00a0\u00bb100&Prime; position_vertical=\u00a0\u00bbmiddle\u00a0\u00bb gutter_size=\u00a0\u00bb3&Prime; overlay_alpha=\u00a0\u00bb50&Prime; shift_x=\u00a0\u00bb0&Prime; shift_y=\u00a0\u00bb0&Prime; z_index=\u00a0\u00bb0&Prime; medium_width=\u00a0\u00bb0&Prime; width=\u00a0\u00bb1\/2&Prime;][vc_column_text]<em>\u00c9galement disponible en <a href=\"https:\/\/press.uchicago.edu\/ucp\/books\/book\/chicago\/P\/bo19415930.html\" target=\"_blank\" rel=\"noopener\">anglais<\/a>, <a href=\"https:\/\/www.amazon.com\/Plankton\/dp\/3800103982\">allemand<\/a> et <a href=\"http:\/\/www.kawade.co.jp\/np\/isbn\/9784309253084\/\" target=\"_blank\" rel=\"noopener\">japonais<\/a> et chinois.<\/em>[\/vc_column_text][\/vc_column_inner][\/vc_row_inner][\/vc_column][vc_column column_width_percent=\u00a0\u00bb100&Prime; position_horizontal=\u00a0\u00bbleft\u00a0\u00bb gutter_size=\u00a0\u00bb3&Prime; override_padding=\u00a0\u00bbyes\u00a0\u00bb column_padding=\u00a0\u00bb0&Prime; overlay_alpha=\u00a0\u00bb50&Prime; shift_x=\u00a0\u00bb0&Prime; shift_y=\u00a0\u00bb0&Prime; z_index=\u00a0\u00bb0&Prime; medium_width=\u00a0\u00bb0&Prime; width=\u00a0\u00bb1\/4&Prime; css=\u00a0\u00bb.vc_custom_1452754610707{padding-top: 10% !important;padding-right: 10% !important;padding-bottom: 10% !important;padding-left: 10% !important;}\u00a0\u00bb][vc_single_image media=\u00a0\u00bb45073&Prime; media_width_use_pixel=\u00a0\u00bbyes\u00a0\u00bb media_width_pixel=\u00a0\u00bb200&Prime;][vc_column_text]<span style=\"color: #fdbe76;\">\u00abPlancton aux origines du vivant \u00bb a re\u00e7u le prix du \u00abMeilleur Guide du Monde Sous-Marin\u00bb d\u00e9cern\u00e9 par le Festival Mondial de l&rsquo;Image Sous-Marine (Marseille 2014)<\/span>[\/vc_column_text][vc_empty_space empty_h=\u00a0\u00bb3&Prime;][vc_column_text]Des QR codes ins\u00e9r\u00e9s dans les chapitres du livre permettent d&rsquo;acc\u00e9der en un \u00ab\u00a0Flash\u00a0\u00bb aux vid\u00e9os des \u00ab\u00a0Chroniques du Plancton\u00a0\u00bb pour une immersion totale.[\/vc_column_text][vc_column_text]<strong>PLANCTON Aux origines du vivant<\/strong><br \/>\n550 photos, 216 pages<br \/>\nFormat 21.5 x 28.5 cm<br \/>\nCouverture cartonn\u00e9e<br \/>\nPrix TTC\u2009: <strong>30,00 EUROS<\/strong><br \/>\nNouvelle \u00e9d. 2022[\/vc_column_text][\/vc_column][\/vc_row][vc_row unlock_row_content=\u00a0\u00bbyes\u00a0\u00bb row_height_percent=\u00a0\u00bb0&Prime; override_padding=\u00a0\u00bbyes\u00a0\u00bb h_padding=\u00a0\u00bb0&Prime; top_padding=\u00a0\u00bb0&Prime; bottom_padding=\u00a0\u00bb0&Prime; overlay_alpha=\u00a0\u00bb50&Prime; gutter_size=\u00a0\u00bb0&Prime; shift_y=\u00a0\u00bb0&Prime;][vc_column column_width_percent=\u00a0\u00bb100&Prime; gutter_size=\u00a0\u00bb3&Prime; override_padding=\u00a0\u00bbyes\u00a0\u00bb column_padding=\u00a0\u00bb0&Prime; overlay_alpha=\u00a0\u00bb50&Prime; border_color=\u00a0\u00bbcolor-188802&Prime; border_style=\u00a0\u00bbsolid\u00a0\u00bb shift_x=\u00a0\u00bb0&Prime; shift_y=\u00a0\u00bb0&Prime; z_index=\u00a0\u00bb0&Prime; medium_width=\u00a0\u00bb0&Prime; width=\u00a0\u00bb2\/3&Prime; css=\u00a0\u00bb.vc_custom_1452755429480{border-right-width: 1px !important;padding-top: 10% !important;padding-right: 10% !important;padding-bottom: 10% !important;padding-left: 10% !important;}\u00a0\u00bb][vc_column_text]<\/p>\n<h4 class=\"p1\"><span class=\"s1\">\u00abUn grand bazar dont ce beau livre a su tirer partie avec toute la pr\u00e9cision scientifique requise par son auteur, biologiste marin\u00a0\u00bb<\/span><\/h4>\n<p class=\"p1\"><strong>Sciences et Vie<\/strong><\/p>\n<p>[\/vc_column_text][vc_column_text]<\/p>\n<h4 class=\"p1\"><span class=\"s1\">\u00ab\u00a0Une immersion passionnante dans le vaste peuple invisible des oc\u00e9ans\u00a0\u00bb <\/span><\/h4>\n<p class=\"p1\"><span class=\"s1\"><strong>Pour la Science<\/strong><\/span><\/p>\n<p>[\/vc_column_text][vc_column_text]<\/p>\n<h4 class=\"p1\"><span class=\"s1\">\u00ab\u00a0Que vous soyez scientifique, amateur \u00e9clair\u00e9 ou bijoutier en mal d\u2019inspiration, pr\u00e9cipitez vous sur <i>Plancton<\/i>. Un beau livre o\u00f9 la science est f\u00e9erie, o\u00f9 l\u2019on apprend l\u2019origine du vivant\u00a0\u00bb<\/span><\/h4>\n<p class=\"p1\"><span class=\"s1\"><strong>Le\u00a0Figaro<\/strong><\/span><\/p>\n<p>[\/vc_column_text][vc_column_text]<\/p>\n<h4 class=\"p1\"><span class=\"s1\">\u00ab\u00a0Disons le sans d\u00e9tour, c\u2019est un livre magnifique que proposent les \u00e9ditions Ulmer. Un livre qui sit\u00f4t ouvert d\u00e9clenche un coup de c\u0153ur tant il restitue la passion de son auteur pour<span class=\"Apple-converted-space\">\u00a0 <\/span>l\u2019incroyable diversit\u00e9 des organismes qui, d\u00e9rivant au gr\u00e9 des courants, constituent le plancton\u00a0\u00bb<\/span><\/h4>\n<p class=\"p1\"><span class=\"s1\"><strong>La Recherche<\/strong><\/span><\/p>\n<p>[\/vc_column_text][vc_column_text]<\/p>\n<h4 class=\"p1\"><span class=\"s1\">\u00ab\u00a0Plut\u00f4t que la Bible, le Coran ou la Torah, ce sont des livres comme \u00e7a qu&rsquo;il faut lire pour comprendre d&rsquo;o\u00f9 nous venons\u00a0\u00bb<\/span><\/h4>\n<p class=\"p1\"><strong>Charlie Hebdo<\/strong><\/p>\n<p>[\/vc_column_text][vc_column_text]<\/p>\n<h4 class=\"p1\"><span class=\"s1\">\u00abL\u2019un des 5 plus beaux livres de sciences de l\u2019ann\u00e9e [&#8230;]\u00a0Christian Sardet ne veut pas choisir entre art et science. C\u2019est beau, \u00e9mouvant, surprenant\u00a0\u00bb\u00a0<\/span><\/h4>\n<p class=\"p1\"><span class=\"s1\"><strong>Le Monde<\/strong><\/span><\/p>\n<p>[\/vc_column_text][vc_column_text]<\/p>\n<h4 class=\"p1\"><span class=\"s1\">\u00ab\u00a0Un livre d\u00e9voile l\u2019importance et la beaut\u00e9 de ces organismes microscopiques<span class=\"Apple-converted-space\">\u00a0 <\/span>indispensables au maintien de la vie [&#8230;]\u00a0<i>Plancton \u2013 aux origines du vivant\u00a0<\/i> est subjuguant de beaut\u00e9\u00a0\u00bb\u00a0<\/span><\/h4>\n<p class=\"p1\"><span class=\"s1\"><strong>Lib\u00e9ration<\/strong>\u00a0<\/span><\/p>\n<p>[\/vc_column_text][\/vc_column][vc_column column_width_percent=\u00a0\u00bb100&Prime; gutter_size=\u00a0\u00bb3&Prime; override_padding=\u00a0\u00bbyes\u00a0\u00bb column_padding=\u00a0\u00bb0&Prime; overlay_alpha=\u00a0\u00bb50&Prime; shift_x=\u00a0\u00bb0&Prime; shift_y=\u00a0\u00bb0&Prime; z_index=\u00a0\u00bb0&Prime; medium_width=\u00a0\u00bb0&Prime; width=\u00a0\u00bb1\/3&Prime; css=\u00a0\u00bb.vc_custom_1452755615897{padding-top: 15% !important;padding-right: 15% !important;padding-bottom: 15% !important;padding-left: 15% !important;}\u00a0\u00bb][vc_single_image media=\u00a0\u00bb44936&Prime; caption=\u00a0\u00bbyes\u00a0\u00bb media_width_percent=\u00a0\u00bb100&Prime; alignment=\u00a0\u00bbcenter\u00a0\u00bb][vc_custom_heading text_font=\u00a0\u00bbfont-762333&Prime; text_weight=\u00a0\u00bb100&Prime; text_transform=\u00a0\u00bbuppercase\u00a0\u00bb text_height=\u00a0\u00bbfontheight-179065&Prime; text_color=\u00a0\u00bbaccent\u00a0\u00bb sub_reduced=\u00a0\u00bbyes\u00a0\u00bb subheading=\u00a0\u00bbL&rsquo;AUTEUR\u00a0\u00bb]Christian Sardet[\/vc_custom_heading][vc_column_text]Fondateur du laboratoire de Biologie Cellulaire Marine \u00e0 la Station Marine de Villefranche-sur-Mer (IMEV), CNRS et Sorbonne Universit\u00e9, Christian Sardet, directeur de recherche \u00e9m\u00e9rite au CNRS est auteur de nombreuses publications scientifiques dans le domaine de la f\u00e9condation et du d\u00e9veloppement. Il a re\u00e7u le Grand Prix des Sciences de la Mer de l\u2019Acad\u00e9mie des Sciences. Concepteur de films, dessins anim\u00e9s et DVDs prim\u00e9s, les actions de Christian Sardet lui ont valu le Prix Europ\u00e9en pour la Communication en Sciences de la Vie, d\u00e9cern\u00e9 par l\u2019EMBO (European Molecular Biology Organization).<\/p>\n<p>En qualit\u00e9 de co-fondateur et co-coordinateur de l\u2019exp\u00e9dition Tara Oc\u00e9ans, consacr\u00e9e \u00e0 l\u2019\u00e9tude globale du plancton, Christian Sardet a initi\u00e9 le projet \u00ab Chroniques du Plancton \u00bb qui marie art et science pour partager la beaut\u00e9 et la diversit\u00e9 du plancton. Un travail collectif avec No\u00e9 Sardet et Sharif Mirshak (Parafilms, Montr\u00e9al), initi\u00e9 avec V\u00e9ronique Kleiner, Catherine Balladur (CNRS Images) pour accompagner l\u2019exp\u00e9dition <em>Tara Oceans<\/em>.[\/vc_column_text][vc_button button_color=\u00a0\u00bbaccent\u00a0\u00bb size=\u00a0\u00bbbtn-sm\u00a0\u00bb border_animation=\u00a0\u00bbbtn-ripple-in\u00a0\u00bb outline=\u00a0\u00bbyes\u00a0\u00bb border_width=\u00a0\u00bb0&Prime; link=\u00a0\u00bburl:http%3A%2F%2Fplanktonchronicles.org%2Ffr%2Fcontact%2F\u00a0\u00bb icon=\u00a0\u00bbfa fa-envelope-o\u00a0\u00bb]Nous contacter[\/vc_button][\/vc_column][\/vc_row][vc_row unlock_row_content=\u00a0\u00bbyes\u00a0\u00bb row_height_percent=\u00a0\u00bb0&Prime; override_padding=\u00a0\u00bbyes\u00a0\u00bb h_padding=\u00a0\u00bb0&Prime; top_padding=\u00a0\u00bb0&Prime; bottom_padding=\u00a0\u00bb0&Prime; overlay_alpha=\u00a0\u00bb50&Prime; gutter_size=\u00a0\u00bb0&Prime; shift_y=\u00a0\u00bb0&Prime; desktop_visibility=\u00a0\u00bbyes\u00a0\u00bb medium_visibility=\u00a0\u00bbyes\u00a0\u00bb mobile_visibility=\u00a0\u00bbyes\u00a0\u00bb][vc_column width=\u00a0\u00bb1\/1&Prime;][vc_gallery el_id=\u00a0\u00bbgallery-317735&Prime; type=\u00a0\u00bbcarousel\u00a0\u00bb medias=\u00a0\u00bb45076,45077,45078&Prime; carousel_lg=\u00a0\u00bb1&Prime; carousel_md=\u00a0\u00bb1&Prime; carousel_sm=\u00a0\u00bb1&Prime; gutter_size=\u00a0\u00bb3&Prime; media_items=\u00a0\u00bbmedia|lightbox|original\u00a0\u00bb carousel_interval=\u00a0\u00bb0&Prime; carousel_navspeed=\u00a0\u00bb400&Prime; carousel_nav=\u00a0\u00bbyes\u00a0\u00bb single_overlay_opacity=\u00a0\u00bb50&Prime; single_padding=\u00a0\u00bb2&Prime; single_border=\u00a0\u00bbyes\u00a0\u00bb][\/vc_column][\/vc_row]<\/p>\n<\/section>","protected":false},"excerpt":{"rendered":"<p>[vc_row unlock_row_content=\u00a0\u00bbyes\u00a0\u00bb row_height_percent=\u00a0\u00bb0&Prime; override_padding=\u00a0\u00bbyes\u00a0\u00bb h_padding=\u00a0\u00bb0&Prime; top_padding=\u00a0\u00bb0&Prime; bottom_padding=\u00a0\u00bb0&Prime; overlay_alpha=\u00a0\u00bb50&Prime; gutter_size=\u00a0\u00bb0&Prime; border_color=\u00a0\u00bbcolor-188802&Prime; border_style=\u00a0\u00bbsolid\u00a0\u00bb shift_y=\u00a0\u00bb0&Prime; css=\u00a0\u00bb.vc_custom_1452754635465{border-top-width: 1px !important;border-bottom-width: 1px !important;}\u00a0\u00bb][vc_column column_width_percent=\u00a0\u00bb100&Prime; gutter_size=\u00a0\u00bb3&Prime; override_padding=\u00a0\u00bbyes\u00a0\u00bb [&hellip;]<\/p>\n","protected":false},"author":2,"featured_media":44929,"parent":0,"menu_order":5,"comment_status":"closed","ping_status":"closed","template":"","meta":{"footnotes":""},"acf":[],"yoast_head":"<!-- This site is optimized with the Yoast SEO plugin v21.5 - https:\/\/yoast.com\/wordpress\/plugins\/seo\/ -->\n<title>Le Livre | Chroniques du Plancton<\/title>\n<meta name=\"description\" content=\"Dans ce tr\u00e8s beau livre, ode aux origines et \u00e0 la diversit\u00e9 du vivant, Christian Sardet r\u00e9v\u00e8le en 550 photos aussi belles qu&#039;\u00e9tranges, un monde secret. Un monde d&#039;organismes d\u00e9rivant avec les courants depuis les minuscules virus et bact\u00e9ries jusqu&#039;aux m\u00e9duses et siphonophores, les plus longs animaux du monde.\" \/>\n<meta name=\"robots\" content=\"index, follow, max-snippet:-1, max-image-preview:large, max-video-preview:-1\" \/>\n<link rel=\"canonical\" href=\"https:\/\/planktonchronicles.org\/fr\/le-livre\/\" \/>\n<meta property=\"og:locale\" content=\"fr_FR\" \/>\n<meta property=\"og:type\" content=\"article\" \/>\n<meta property=\"og:title\" content=\"Le Livre | Chroniques du Plancton\" \/>\n<meta property=\"og:description\" content=\"Dans ce tr\u00e8s beau livre, ode aux origines et \u00e0 la diversit\u00e9 du vivant, Christian Sardet r\u00e9v\u00e8le en 550 photos aussi belles qu&#039;\u00e9tranges, un monde secret. Un monde d&#039;organismes d\u00e9rivant avec les courants depuis les minuscules virus et bact\u00e9ries jusqu&#039;aux m\u00e9duses et siphonophores, les plus longs animaux du monde.\" \/>\n<meta property=\"og:url\" content=\"https:\/\/planktonchronicles.org\/fr\/le-livre\/\" \/>\n<meta property=\"og:site_name\" content=\"Chroniques du Plancton\" \/>\n<meta property=\"article:publisher\" content=\"https:\/\/www.facebook.com\/theplanktonchronicles\/?fref=ts\" \/>\n<meta property=\"article:modified_time\" content=\"2023-10-03T16:34:50+00:00\" \/>\n<meta property=\"og:image\" content=\"https:\/\/planktonchronicles.org\/wp-content\/uploads\/2015\/12\/livre1.jpg\" \/>\n\t<meta property=\"og:image:width\" content=\"400\" \/>\n\t<meta property=\"og:image:height\" content=\"525\" \/>\n\t<meta property=\"og:image:type\" content=\"image\/jpeg\" \/>\n<meta name=\"twitter:card\" content=\"summary_large_image\" \/>\n<meta name=\"twitter:site\" content=\"@christiansardet\" \/>\n<meta name=\"twitter:label1\" content=\"Dur\u00e9e de lecture estim\u00e9e\" \/>\n\t<meta name=\"twitter:data1\" content=\"6 minutes\" \/>\n<script type=\"application\/ld+json\" class=\"yoast-schema-graph\">{\"@context\":\"https:\/\/schema.org\",\"@graph\":[{\"@type\":\"WebPage\",\"@id\":\"https:\/\/planktonchronicles.org\/fr\/le-livre\/\",\"url\":\"https:\/\/planktonchronicles.org\/fr\/le-livre\/\",\"name\":\"Le Livre | Chroniques du Plancton\",\"isPartOf\":{\"@id\":\"https:\/\/planktonchronicles.org\/en\/#website\"},\"datePublished\":\"2015-12-16T00:43:51+00:00\",\"dateModified\":\"2023-10-03T16:34:50+00:00\",\"description\":\"Dans ce tr\u00e8s beau livre, ode aux origines et \u00e0 la diversit\u00e9 du vivant, Christian Sardet r\u00e9v\u00e8le en 550 photos aussi belles qu'\u00e9tranges, un monde secret. Un monde d'organismes d\u00e9rivant avec les courants depuis les minuscules virus et bact\u00e9ries jusqu'aux m\u00e9duses et siphonophores, les plus longs animaux du monde.\",\"breadcrumb\":{\"@id\":\"https:\/\/planktonchronicles.org\/fr\/le-livre\/#breadcrumb\"},\"inLanguage\":\"fr-FR\",\"potentialAction\":[{\"@type\":\"ReadAction\",\"target\":[\"https:\/\/planktonchronicles.org\/fr\/le-livre\/\"]}]},{\"@type\":\"BreadcrumbList\",\"@id\":\"https:\/\/planktonchronicles.org\/fr\/le-livre\/#breadcrumb\",\"itemListElement\":[{\"@type\":\"ListItem\",\"position\":1,\"name\":\"Accueil\",\"item\":\"https:\/\/planktonchronicles.org\/fr\/\"},{\"@type\":\"ListItem\",\"position\":2,\"name\":\"Le Livre\"}]},{\"@type\":\"WebSite\",\"@id\":\"https:\/\/planktonchronicles.org\/en\/#website\",\"url\":\"https:\/\/planktonchronicles.org\/en\/\",\"name\":\"Chroniques du Plancton\",\"description\":\"Cette s\u00e9rie de vid\u00e9os et de photos r\u00e9v\u00e8lent la beaut\u00e9 et la diversit\u00e9 des animaux marins qui d\u00e9rivent avec les courants.\",\"publisher\":{\"@id\":\"https:\/\/planktonchronicles.org\/en\/#organization\"},\"potentialAction\":[{\"@type\":\"SearchAction\",\"target\":{\"@type\":\"EntryPoint\",\"urlTemplate\":\"https:\/\/planktonchronicles.org\/en\/?s={search_term_string}\"},\"query-input\":\"required name=search_term_string\"}],\"inLanguage\":\"fr-FR\"},{\"@type\":\"Organization\",\"@id\":\"https:\/\/planktonchronicles.org\/en\/#organization\",\"name\":\"Plankton Chronicles\",\"url\":\"https:\/\/planktonchronicles.org\/en\/\",\"logo\":{\"@type\":\"ImageObject\",\"inLanguage\":\"fr-FR\",\"@id\":\"https:\/\/planktonchronicles.org\/en\/#\/schema\/logo\/image\/\",\"url\":\"http:\/\/planktonchronicles.org\/wp-content\/uploads\/2016\/01\/3__Larve_de_crustace_C_Sardet_1.png\",\"contentUrl\":\"http:\/\/planktonchronicles.org\/wp-content\/uploads\/2016\/01\/3__Larve_de_crustace_C_Sardet_1.png\",\"width\":800,\"height\":586,\"caption\":\"Plankton Chronicles\"},\"image\":{\"@id\":\"https:\/\/planktonchronicles.org\/en\/#\/schema\/logo\/image\/\"},\"sameAs\":[\"https:\/\/www.facebook.com\/theplanktonchronicles\/?fref=ts\",\"https:\/\/twitter.com\/christiansardet\",\"https:\/\/www.instagram.com\/christiansardet\/\"]}]}<\/script>\n<!-- \/ Yoast SEO plugin. -->","yoast_head_json":{"title":"Le Livre | Chroniques du Plancton","description":"Dans ce tr\u00e8s beau livre, ode aux origines et \u00e0 la diversit\u00e9 du vivant, Christian Sardet r\u00e9v\u00e8le en 550 photos aussi belles qu'\u00e9tranges, un monde secret. Un monde d'organismes d\u00e9rivant avec les courants depuis les minuscules virus et bact\u00e9ries jusqu'aux m\u00e9duses et siphonophores, les plus longs animaux du monde.","robots":{"index":"index","follow":"follow","max-snippet":"max-snippet:-1","max-image-preview":"max-image-preview:large","max-video-preview":"max-video-preview:-1"},"canonical":"https:\/\/planktonchronicles.org\/fr\/le-livre\/","og_locale":"fr_FR","og_type":"article","og_title":"Le Livre | Chroniques du Plancton","og_description":"Dans ce tr\u00e8s beau livre, ode aux origines et \u00e0 la diversit\u00e9 du vivant, Christian Sardet r\u00e9v\u00e8le en 550 photos aussi belles qu'\u00e9tranges, un monde secret. Un monde d'organismes d\u00e9rivant avec les courants depuis les minuscules virus et bact\u00e9ries jusqu'aux m\u00e9duses et siphonophores, les plus longs animaux du monde.","og_url":"https:\/\/planktonchronicles.org\/fr\/le-livre\/","og_site_name":"Chroniques du Plancton","article_publisher":"https:\/\/www.facebook.com\/theplanktonchronicles\/?fref=ts","article_modified_time":"2023-10-03T16:34:50+00:00","og_image":[{"width":400,"height":525,"url":"https:\/\/planktonchronicles.org\/wp-content\/uploads\/2015\/12\/livre1.jpg","type":"image\/jpeg"}],"twitter_card":"summary_large_image","twitter_site":"@christiansardet","twitter_misc":{"Dur\u00e9e de lecture estim\u00e9e":"6 minutes"},"schema":{"@context":"https:\/\/schema.org","@graph":[{"@type":"WebPage","@id":"https:\/\/planktonchronicles.org\/fr\/le-livre\/","url":"https:\/\/planktonchronicles.org\/fr\/le-livre\/","name":"Le Livre | Chroniques du Plancton","isPartOf":{"@id":"https:\/\/planktonchronicles.org\/en\/#website"},"datePublished":"2015-12-16T00:43:51+00:00","dateModified":"2023-10-03T16:34:50+00:00","description":"Dans ce tr\u00e8s beau livre, ode aux origines et \u00e0 la diversit\u00e9 du vivant, Christian Sardet r\u00e9v\u00e8le en 550 photos aussi belles qu'\u00e9tranges, un monde secret. Un monde d'organismes d\u00e9rivant avec les courants depuis les minuscules virus et bact\u00e9ries jusqu'aux m\u00e9duses et siphonophores, les plus longs animaux du monde.","breadcrumb":{"@id":"https:\/\/planktonchronicles.org\/fr\/le-livre\/#breadcrumb"},"inLanguage":"fr-FR","potentialAction":[{"@type":"ReadAction","target":["https:\/\/planktonchronicles.org\/fr\/le-livre\/"]}]},{"@type":"BreadcrumbList","@id":"https:\/\/planktonchronicles.org\/fr\/le-livre\/#breadcrumb","itemListElement":[{"@type":"ListItem","position":1,"name":"Accueil","item":"https:\/\/planktonchronicles.org\/fr\/"},{"@type":"ListItem","position":2,"name":"Le Livre"}]},{"@type":"WebSite","@id":"https:\/\/planktonchronicles.org\/en\/#website","url":"https:\/\/planktonchronicles.org\/en\/","name":"Chroniques du Plancton","description":"Cette s\u00e9rie de vid\u00e9os et de photos r\u00e9v\u00e8lent la beaut\u00e9 et la diversit\u00e9 des animaux marins qui d\u00e9rivent avec les courants.","publisher":{"@id":"https:\/\/planktonchronicles.org\/en\/#organization"},"potentialAction":[{"@type":"SearchAction","target":{"@type":"EntryPoint","urlTemplate":"https:\/\/planktonchronicles.org\/en\/?s={search_term_string}"},"query-input":"required name=search_term_string"}],"inLanguage":"fr-FR"},{"@type":"Organization","@id":"https:\/\/planktonchronicles.org\/en\/#organization","name":"Plankton Chronicles","url":"https:\/\/planktonchronicles.org\/en\/","logo":{"@type":"ImageObject","inLanguage":"fr-FR","@id":"https:\/\/planktonchronicles.org\/en\/#\/schema\/logo\/image\/","url":"http:\/\/planktonchronicles.org\/wp-content\/uploads\/2016\/01\/3__Larve_de_crustace_C_Sardet_1.png","contentUrl":"http:\/\/planktonchronicles.org\/wp-content\/uploads\/2016\/01\/3__Larve_de_crustace_C_Sardet_1.png","width":800,"height":586,"caption":"Plankton Chronicles"},"image":{"@id":"https:\/\/planktonchronicles.org\/en\/#\/schema\/logo\/image\/"},"sameAs":["https:\/\/www.facebook.com\/theplanktonchronicles\/?fref=ts","https:\/\/twitter.com\/christiansardet","https:\/\/www.instagram.com\/christiansardet\/"]}]}},"_links":{"self":[{"href":"https:\/\/planktonchronicles.org\/fr\/wp-json\/wp\/v2\/pages\/44774"}],"collection":[{"href":"https:\/\/planktonchronicles.org\/fr\/wp-json\/wp\/v2\/pages"}],"about":[{"href":"https:\/\/planktonchronicles.org\/fr\/wp-json\/wp\/v2\/types\/page"}],"author":[{"embeddable":true,"href":"https:\/\/planktonchronicles.org\/fr\/wp-json\/wp\/v2\/users\/2"}],"replies":[{"embeddable":true,"href":"https:\/\/planktonchronicles.org\/fr\/wp-json\/wp\/v2\/comments?post=44774"}],"version-history":[{"count":81,"href":"https:\/\/planktonchronicles.org\/fr\/wp-json\/wp\/v2\/pages\/44774\/revisions"}],"predecessor-version":[{"id":49656,"href":"https:\/\/planktonchronicles.org\/fr\/wp-json\/wp\/v2\/pages\/44774\/revisions\/49656"}],"wp:featuredmedia":[{"embeddable":true,"href":"https:\/\/planktonchronicles.org\/fr\/wp-json\/wp\/v2\/media\/44929"}],"wp:attachment":[{"href":"https:\/\/planktonchronicles.org\/fr\/wp-json\/wp\/v2\/media?parent=44774"}],"curies":[{"name":"wp","href":"https:\/\/api.w.org\/{rel}","templated":true}]}}