{"id":48052,"date":"2016-01-27T19:44:31","date_gmt":"2016-01-28T00:44:31","guid":{"rendered":"http:\/\/planktonchronicles.org\/en\/?page_id=48052"},"modified":"2016-01-27T19:49:20","modified_gmt":"2016-01-28T00:49:20","slug":"splash","status":"publish","type":"page","link":"https:\/\/planktonchronicles.org\/","title":{"rendered":"Splash"},"content":{"rendered":"<p>Les Chroniques du Plancton est une\u00a0s\u00e9rie de vid\u00e9os et de photos r\u00e9v\u00e8lent la beaut\u00e9 et la diversit\u00e9 des animaux marins qui d\u00e9rivent avec les courants.<\/p>\n<p>Complexe t\u00eatard, l\u2019appendiculaire tr\u00f4ne au milieu d\u2019une logette \u00e0 la fois r\u00e9sidence et filet de p\u00eache. Notre t\u00eatard fabrique et s\u00e9cr\u00e8te cette logette cellulosique aux filtres d\u00e9licats. Il agite sa queue pour y cr\u00e9er les courants qui ram\u00e8nent bact\u00e9ries, algues et protistes qu\u2019il aspire comme \u00e0 l\u2019aide d\u2019une paille.Plusieurs fois par jour, notre t\u00eatard quitte sa logette colmat\u00e9e par la nourriture et en gonfle une toute neuve gr\u00e2ce aux mouvements de sa queue. Sa queue est l\u2019\u00e9bauche d\u2019une colonne vert\u00e9brale et l\u2019appendiculaire l\u2019un de nos proches anc\u00eatres.<\/p>\n<p>Sa vie est tr\u00e8s br\u00e8ve: quelques jours au plus d\u2019activit\u00e9 fr\u00e9n\u00e9tique, juste le temps pour produire les gam\u00e8tes qu&rsquo;il porte comme un casque sur sa t\u00e8te.<\/p>\n<p>Quant aux logettes des appendiculaires et leurs contenus, elles constituent une part importante de la neige marine. Lentement mais s\u00fbrement, les logettes abandonn\u00e9es s\u00e9dimentent. Elles emm\u00e8nent vers les grandes profondeurs le carbone atmosph\u00e9rique capt\u00e9 par le phytoplancton dont se nourissent les t\u00eatards.<\/p>\n<p>Dur\u00e9e de vie \u00e9ph\u00e9m\u00e8re, croissance ultra rapide, les appendiculaires prolif\u00e8rent en de v\u00e9ritables nuages dans toutes les mers du monde, et jusque dans les grandes profondeurs.<\/p>\n<p>Fabricant leurs propres filets de p\u00e8che, les appendiculaires sont un maillon essentiel de la cha\u00eene alimentaire des oc\u00e9ans.<\/p>\n","protected":false},"excerpt":{"rendered":"<p>Les Chroniques du Plancton est une\u00a0s\u00e9rie de vid\u00e9os et de photos r\u00e9v\u00e8lent la beaut\u00e9 et la diversit\u00e9 des animaux marins [&hellip;]<\/p>\n","protected":false},"author":1,"featured_media":47462,"parent":0,"menu_order":0,"comment_status":"closed","ping_status":"closed","template":"","meta":{"footnotes":""},"acf":[],"yoast_head":"<!-- This site is optimized with the Yoast SEO plugin v21.5 - https:\/\/yoast.com\/wordpress\/plugins\/seo\/ -->\n<title>Chroniques du Plancton<\/title>\n<meta name=\"description\" content=\"Les Chroniques du Plancton sont une s\u00e9rie de vid\u00e9os et de photos r\u00e9v\u00e8lent la beaut\u00e9 et la diversit\u00e9 des animaux marins qui d\u00e9rivent avec les courants.\" \/>\n<meta name=\"robots\" content=\"index, follow, max-snippet:-1, max-image-preview:large, max-video-preview:-1\" \/>\n<link rel=\"canonical\" href=\"https:\/\/planktonchronicles.org\/\" \/>\n<meta property=\"og:locale\" content=\"fr_FR\" \/>\n<meta property=\"og:type\" content=\"article\" \/>\n<meta property=\"og:title\" content=\"Chroniques du Plancton\" \/>\n<meta property=\"og:description\" content=\"Les Chroniques du Plancton sont une s\u00e9rie de vid\u00e9os et de photos r\u00e9v\u00e8lent la beaut\u00e9 et la diversit\u00e9 des animaux marins qui d\u00e9rivent avec les courants.\" \/>\n<meta property=\"og:url\" content=\"https:\/\/planktonchronicles.org\/\" \/>\n<meta property=\"og:site_name\" content=\"Chroniques du Plancton\" \/>\n<meta property=\"article:publisher\" content=\"https:\/\/www.facebook.com\/theplanktonchronicles\/?fref=ts\" \/>\n<meta property=\"article:modified_time\" content=\"2016-01-28T00:49:20+00:00\" \/>\n<meta property=\"og:image\" content=\"https:\/\/planktonchronicles.org\/wp-content\/uploads\/2015\/12\/plancton_composition-16x9.jpg\" \/>\n\t<meta property=\"og:image:width\" content=\"1000\" \/>\n\t<meta property=\"og:image:height\" content=\"667\" \/>\n\t<meta property=\"og:image:type\" content=\"image\/jpeg\" \/>\n<meta name=\"twitter:card\" content=\"summary_large_image\" \/>\n<meta name=\"twitter:site\" content=\"@christiansardet\" \/>\n<meta name=\"twitter:label1\" content=\"Dur\u00e9e de lecture estim\u00e9e\" \/>\n\t<meta name=\"twitter:data1\" content=\"1 minute\" \/>\n<script type=\"application\/ld+json\" class=\"yoast-schema-graph\">{\"@context\":\"https:\/\/schema.org\",\"@graph\":[{\"@type\":\"WebPage\",\"@id\":\"https:\/\/planktonchronicles.org\/\",\"url\":\"https:\/\/planktonchronicles.org\/\",\"name\":\"Chroniques du Plancton\",\"isPartOf\":{\"@id\":\"https:\/\/planktonchronicles.org\/en\/#website\"},\"datePublished\":\"2016-01-28T00:44:31+00:00\",\"dateModified\":\"2016-01-28T00:49:20+00:00\",\"description\":\"Les Chroniques du Plancton sont une s\u00e9rie de vid\u00e9os et de photos r\u00e9v\u00e8lent la beaut\u00e9 et la diversit\u00e9 des animaux marins qui d\u00e9rivent avec les courants.\",\"breadcrumb\":{\"@id\":\"https:\/\/planktonchronicles.org\/#breadcrumb\"},\"inLanguage\":\"fr-FR\",\"potentialAction\":[{\"@type\":\"ReadAction\",\"target\":[\"https:\/\/planktonchronicles.org\/\"]}]},{\"@type\":\"BreadcrumbList\",\"@id\":\"https:\/\/planktonchronicles.org\/#breadcrumb\",\"itemListElement\":[{\"@type\":\"ListItem\",\"position\":1,\"name\":\"Accueil\",\"item\":\"https:\/\/planktonchronicles.org\/fr\/\"},{\"@type\":\"ListItem\",\"position\":2,\"name\":\"Splash\"}]},{\"@type\":\"WebSite\",\"@id\":\"https:\/\/planktonchronicles.org\/en\/#website\",\"url\":\"https:\/\/planktonchronicles.org\/en\/\",\"name\":\"Chroniques du Plancton\",\"description\":\"Cette s\u00e9rie de vid\u00e9os et de photos r\u00e9v\u00e8lent la beaut\u00e9 et la diversit\u00e9 des animaux marins qui d\u00e9rivent avec les courants.\",\"publisher\":{\"@id\":\"https:\/\/planktonchronicles.org\/en\/#organization\"},\"potentialAction\":[{\"@type\":\"SearchAction\",\"target\":{\"@type\":\"EntryPoint\",\"urlTemplate\":\"https:\/\/planktonchronicles.org\/en\/?s={search_term_string}\"},\"query-input\":\"required name=search_term_string\"}],\"inLanguage\":\"fr-FR\"},{\"@type\":\"Organization\",\"@id\":\"https:\/\/planktonchronicles.org\/en\/#organization\",\"name\":\"Plankton Chronicles\",\"url\":\"https:\/\/planktonchronicles.org\/en\/\",\"logo\":{\"@type\":\"ImageObject\",\"inLanguage\":\"fr-FR\",\"@id\":\"https:\/\/planktonchronicles.org\/en\/#\/schema\/logo\/image\/\",\"url\":\"http:\/\/planktonchronicles.org\/wp-content\/uploads\/2016\/01\/3__Larve_de_crustace_C_Sardet_1.png\",\"contentUrl\":\"http:\/\/planktonchronicles.org\/wp-content\/uploads\/2016\/01\/3__Larve_de_crustace_C_Sardet_1.png\",\"width\":800,\"height\":586,\"caption\":\"Plankton Chronicles\"},\"image\":{\"@id\":\"https:\/\/planktonchronicles.org\/en\/#\/schema\/logo\/image\/\"},\"sameAs\":[\"https:\/\/www.facebook.com\/theplanktonchronicles\/?fref=ts\",\"https:\/\/twitter.com\/christiansardet\",\"https:\/\/www.instagram.com\/christiansardet\/\"]}]}<\/script>\n<!-- \/ Yoast SEO plugin. -->","yoast_head_json":{"title":"Chroniques du Plancton","description":"Les Chroniques du Plancton sont une s\u00e9rie de vid\u00e9os et de photos r\u00e9v\u00e8lent la beaut\u00e9 et la diversit\u00e9 des animaux marins qui d\u00e9rivent avec les courants.","robots":{"index":"index","follow":"follow","max-snippet":"max-snippet:-1","max-image-preview":"max-image-preview:large","max-video-preview":"max-video-preview:-1"},"canonical":"https:\/\/planktonchronicles.org\/","og_locale":"fr_FR","og_type":"article","og_title":"Chroniques du Plancton","og_description":"Les Chroniques du Plancton sont une s\u00e9rie de vid\u00e9os et de photos r\u00e9v\u00e8lent la beaut\u00e9 et la diversit\u00e9 des animaux marins qui d\u00e9rivent avec les courants.","og_url":"https:\/\/planktonchronicles.org\/","og_site_name":"Chroniques du Plancton","article_publisher":"https:\/\/www.facebook.com\/theplanktonchronicles\/?fref=ts","article_modified_time":"2016-01-28T00:49:20+00:00","og_image":[{"width":1000,"height":667,"url":"https:\/\/planktonchronicles.org\/wp-content\/uploads\/2015\/12\/plancton_composition-16x9.jpg","type":"image\/jpeg"}],"twitter_card":"summary_large_image","twitter_site":"@christiansardet","twitter_misc":{"Dur\u00e9e de lecture estim\u00e9e":"1 minute"},"schema":{"@context":"https:\/\/schema.org","@graph":[{"@type":"WebPage","@id":"https:\/\/planktonchronicles.org\/","url":"https:\/\/planktonchronicles.org\/","name":"Chroniques du Plancton","isPartOf":{"@id":"https:\/\/planktonchronicles.org\/en\/#website"},"datePublished":"2016-01-28T00:44:31+00:00","dateModified":"2016-01-28T00:49:20+00:00","description":"Les Chroniques du Plancton sont une s\u00e9rie de vid\u00e9os et de photos r\u00e9v\u00e8lent la beaut\u00e9 et la diversit\u00e9 des animaux marins qui d\u00e9rivent avec les courants.","breadcrumb":{"@id":"https:\/\/planktonchronicles.org\/#breadcrumb"},"inLanguage":"fr-FR","potentialAction":[{"@type":"ReadAction","target":["https:\/\/planktonchronicles.org\/"]}]},{"@type":"BreadcrumbList","@id":"https:\/\/planktonchronicles.org\/#breadcrumb","itemListElement":[{"@type":"ListItem","position":1,"name":"Accueil","item":"https:\/\/planktonchronicles.org\/fr\/"},{"@type":"ListItem","position":2,"name":"Splash"}]},{"@type":"WebSite","@id":"https:\/\/planktonchronicles.org\/en\/#website","url":"https:\/\/planktonchronicles.org\/en\/","name":"Chroniques du Plancton","description":"Cette s\u00e9rie de vid\u00e9os et de photos r\u00e9v\u00e8lent la beaut\u00e9 et la diversit\u00e9 des animaux marins qui d\u00e9rivent avec les courants.","publisher":{"@id":"https:\/\/planktonchronicles.org\/en\/#organization"},"potentialAction":[{"@type":"SearchAction","target":{"@type":"EntryPoint","urlTemplate":"https:\/\/planktonchronicles.org\/en\/?s={search_term_string}"},"query-input":"required name=search_term_string"}],"inLanguage":"fr-FR"},{"@type":"Organization","@id":"https:\/\/planktonchronicles.org\/en\/#organization","name":"Plankton Chronicles","url":"https:\/\/planktonchronicles.org\/en\/","logo":{"@type":"ImageObject","inLanguage":"fr-FR","@id":"https:\/\/planktonchronicles.org\/en\/#\/schema\/logo\/image\/","url":"http:\/\/planktonchronicles.org\/wp-content\/uploads\/2016\/01\/3__Larve_de_crustace_C_Sardet_1.png","contentUrl":"http:\/\/planktonchronicles.org\/wp-content\/uploads\/2016\/01\/3__Larve_de_crustace_C_Sardet_1.png","width":800,"height":586,"caption":"Plankton Chronicles"},"image":{"@id":"https:\/\/planktonchronicles.org\/en\/#\/schema\/logo\/image\/"},"sameAs":["https:\/\/www.facebook.com\/theplanktonchronicles\/?fref=ts","https:\/\/twitter.com\/christiansardet","https:\/\/www.instagram.com\/christiansardet\/"]}]}},"_links":{"self":[{"href":"https:\/\/planktonchronicles.org\/fr\/wp-json\/wp\/v2\/pages\/48052"}],"collection":[{"href":"https:\/\/planktonchronicles.org\/fr\/wp-json\/wp\/v2\/pages"}],"about":[{"href":"https:\/\/planktonchronicles.org\/fr\/wp-json\/wp\/v2\/types\/page"}],"author":[{"embeddable":true,"href":"https:\/\/planktonchronicles.org\/fr\/wp-json\/wp\/v2\/users\/1"}],"replies":[{"embeddable":true,"href":"https:\/\/planktonchronicles.org\/fr\/wp-json\/wp\/v2\/comments?post=48052"}],"version-history":[{"count":3,"href":"https:\/\/planktonchronicles.org\/fr\/wp-json\/wp\/v2\/pages\/48052\/revisions"}],"predecessor-version":[{"id":48070,"href":"https:\/\/planktonchronicles.org\/fr\/wp-json\/wp\/v2\/pages\/48052\/revisions\/48070"}],"wp:featuredmedia":[{"embeddable":true,"href":"https:\/\/planktonchronicles.org\/fr\/wp-json\/wp\/v2\/media\/47462"}],"wp:attachment":[{"href":"https:\/\/planktonchronicles.org\/fr\/wp-json\/wp\/v2\/media?parent=48052"}],"curies":[{"name":"wp","href":"https:\/\/api.w.org\/{rel}","templated":true}]}}